{"id":10441,"date":"2020-11-20T16:15:03","date_gmt":"2020-11-21T00:15:03","guid":{"rendered":"http:\/\/toolkit.capta.org\/?page_id=10441"},"modified":"2025-06-24T12:12:58","modified_gmt":"2025-06-24T19:12:58","slug":"votacion-2","status":"publish","type":"page","link":"https:\/\/toolkit.capta.org\/es\/advocacy\/position-statements\/votacion-2\/","title":{"rendered":"VOTACI\u00d3N"},"content":{"rendered":"<p style=\"text-align: center;\"><em>Adoptada por la<\/em> <em>Junta de Administradores en agosto 2020 &#8211; <\/em><em>Revisada por la Junta de Administradores en febrero 2025<\/em><\/p>\n<p style=\"text-align: left;\">La PTA fue fundada en 1897 para defender a los ni\u00f1os y a las familias. En el congreso de 1937 del Congreso Nacional de Padres y Maestros, la reci\u00e9n elegida Presidenta nacional, Frances S. Pettengill, declar\u00f3 que \u00abcomo ciudadanos en una democracia, nuestra funci\u00f3n principal es preparar a la generaci\u00f3n venidera para vivir con \u00e9xito en una democracia\u00bb.<\/p>\n<p>La PTA del Estado de California cree que una parte importante de esa preparaci\u00f3n es fomentar los h\u00e1bitos de voto en los primeros a\u00f1os de vida y cultivar el h\u00e1bito de votar toda la vida. La investigaci\u00f3n apoya este enfoque y ha demostrado durante mucho tiempo que los h\u00e1bitos de voto de por vida se forman en la infancia y la adolescencia a trav\u00e9s de padres\/adultos sirviendo como modelo y la educaci\u00f3n c\u00edvica.<\/p>\n<p>La PTA de California tambi\u00e9n cree que nuestro derecho constitucional al voto es la base de la democracia estadounidense y nuestra forma representativa de gobierno. Los asuntos de pol\u00edtica p\u00fablica que nos preocupan son determinados por nuestros funcionarios electos y nuestros votos. Por lo tanto, el derecho a votar, a emitir un voto informado y a que se cuente ese voto, ya sea de candidatos o de medidas electorales, es fundamental para el trabajo que hacemos como PTA y debe protegerse.<\/p>\n<p>La PTA del Estado de California apoya:<\/p>\n<ul>\n<li>Esfuerzos, incluyendo la legislaci\u00f3n, para ampliar opciones seguras, equitativas y accesibles para que <u>todos<\/u> los californianos elegibles tengan la oportunidad de registrarse y votar.<\/li>\n<li>Esfuerzos para prevenir la privaci\u00f3n del derecho a voto de ciudadanos elegibles para registrarse y votar, incluyendo, pero no limitado a, comunidades de color, comunidad LGBTQ +, j\u00f3venes, minor\u00edas ling\u00fc\u00edsticas, personas con discapacidades, personas con bajos ingresos, votantes poco frecuentes y aquellos que no tienen vivienda, o tienen vivienda insegura o geogr\u00e1ficamente m\u00f3vil.<\/li>\n<li>Esfuerzos para prevenir la manipulaci\u00f3n de los l\u00edmites de votaci\u00f3n o de una circunscripci\u00f3n electoral para favorecer a un partido o clase, como el gerrymandering partidista. Creemos que los votantes deben elegir a sus representantes electos; los representantes electos o sus designados no deben elegir a sus votantes.<\/li>\n<li>Esfuerzos, incluida la legislaci\u00f3n y el trabajo en asociaci\u00f3n con organizaciones comunitarias, para ense\u00f1ar a los estudiantes la importancia de votar en nuestra democracia y fomentar la participaci\u00f3n en campa\u00f1as de inscripci\u00f3n de votantes de estudiantes.<\/li>\n<li>Brindar a los votantes opciones oportunas para emitir su voto, y esas opciones deben incluir tanto boletas de Voto por Correo, con m\u00faltiples m\u00e9todos seguros para emitir, y votar en persona.<\/li>\n<li>Asignar recursos para educar a los votantes y al p\u00fablico sobre cualquier cambio en los procedimientos de votaci\u00f3n, incluido el registro de votantes, y apoyar todos los esfuerzos para garantizar que la equidad sea fundamental durante la implementaci\u00f3n de esos cambios.<\/li>\n<li>Brindar a los votantes informaci\u00f3n relevante, precisa y f\u00e1cil de entender sobre las elecciones, su boleta, cuestiones electorales, candidatos y cualquier medida de la boleta que les ayude a emitir un voto informado.<\/li>\n<li>Dar prioridad a la salud y la seguridad tanto de los votantes como de los trabajadores electorales y garantizar la capacidad adecuada del personal en los lugares de votaci\u00f3n en persona; y<\/li>\n<li>Continuar con la pr\u00e1ctica de votar por adelantado y expandir los programas y recursos de asistencia al votante, incluida la asistencia telef\u00f3nica y en l\u00ednea, la accesibilidad para discapacidades y el idioma en persona y en l\u00ednea, y asistencia para votantes tradicionalmente sin representaci\u00f3n.<\/li>\n<\/ul>\n","protected":false},"excerpt":{"rendered":"<p>Adoptada por la Junta de Administradores en agosto 2020 &#8211; Revisada por la Junta de Administradores en febrero 2025 La PTA fue fundada en 1897 para defender a los ni\u00f1os y a las familias. En el congreso de 1937 del Congreso Nacional de Padres y Maestros, la reci\u00e9n elegida Presidenta nacional, Frances S. Pettengill, declar\u00f3 [&hellip;]<\/p>\n","protected":false},"author":8,"featured_media":0,"parent":4492,"menu_order":0,"comment_status":"closed","ping_status":"closed","template":"","meta":{"footnotes":""},"class_list":["post-10441","page","type-page","status-publish","hentry","entry"],"_links":{"self":[{"href":"https:\/\/toolkit.capta.org\/es\/wp-json\/wp\/v2\/pages\/10441","targetHints":{"allow":["GET"]}}],"collection":[{"href":"https:\/\/toolkit.capta.org\/es\/wp-json\/wp\/v2\/pages"}],"about":[{"href":"https:\/\/toolkit.capta.org\/es\/wp-json\/wp\/v2\/types\/page"}],"author":[{"embeddable":true,"href":"https:\/\/toolkit.capta.org\/es\/wp-json\/wp\/v2\/users\/8"}],"replies":[{"embeddable":true,"href":"https:\/\/toolkit.capta.org\/es\/wp-json\/wp\/v2\/comments?post=10441"}],"version-history":[{"count":3,"href":"https:\/\/toolkit.capta.org\/es\/wp-json\/wp\/v2\/pages\/10441\/revisions"}],"predecessor-version":[{"id":11837,"href":"https:\/\/toolkit.capta.org\/es\/wp-json\/wp\/v2\/pages\/10441\/revisions\/11837"}],"up":[{"embeddable":true,"href":"https:\/\/toolkit.capta.org\/es\/wp-json\/wp\/v2\/pages\/4492"}],"wp:attachment":[{"href":"https:\/\/toolkit.capta.org\/es\/wp-json\/wp\/v2\/media?parent=10441"}],"curies":[{"name":"wp","href":"https:\/\/api.w.org\/{rel}","templated":true}]}}