{"id":10878,"date":"2022-09-30T14:51:38","date_gmt":"2022-09-30T21:51:38","guid":{"rendered":"http:\/\/toolkit.capta.org\/?page_id=10878"},"modified":"2022-09-30T14:53:59","modified_gmt":"2022-09-30T21:53:59","slug":"covid-19","status":"publish","type":"page","link":"https:\/\/toolkit.capta.org\/es\/advocacy\/position-statements\/covid-19\/","title":{"rendered":"COVID-19"},"content":{"rendered":"<p style=\"text-align: center;\"><em>Adoptado por la Junta Directiva Abril 2022 &#8212; Comisi\u00f3n de Salud y Asuntos Comunitarios<\/em><\/p>\n<p>La PTA del Estado de California est\u00e1 comprometida a garantizar que las familias y el p\u00fablico tengan informaci\u00f3n cient\u00edficamente precisa sobre el virus y c\u00f3mo controlar su propagaci\u00f3n. La PTA ha respondido a la interrupci\u00f3n del estado y la recuperaci\u00f3n en curso de la pandemia de COVID-19 proporcionando recursos e informaci\u00f3n a nuestros miembros en todo el estado. La prioridad de la PTA durante esta crisis es la salud y la seguridad de todos los estudiantes, educadores, personal y familias.<\/p>\n<p>La PTA del Estado de California apoya el uso de vacunas para proteger la salud y la seguridad de los ni\u00f1os, las familias, proveedores de cuidado y tutores. De acuerdo a la Academia Estadounidense de Pediatr\u00eda, las vacunas son una forma segura y eficaz de proteger a los ni\u00f1os de enfermedades, incluidos algunos tipos de c\u00e1ncer, as\u00ed como de la hospitalizaci\u00f3n, la discapacidad y la muerte. Numerosas enfermedades como la poliomielitis, la viruela, el sarampi\u00f3n y el \u00e9bola han sido eliminadas o controladas mediante inmunizaciones.<\/p>\n<p>La PTA del Estado de California cree que la Administraci\u00f3n de Alimentos y Medicamentos (FDA) debe autorizar el uso de cualquier vacuna y tratamiento de COVID-19 como un medio seguro para los ni\u00f1os y las familias. Las vacunas no solo protegen a los inoculados, sino tambi\u00e9n a los que no pueden ser vacunados. Las vacunas salvan millones de vidas cada a\u00f1o.<\/p>\n<p>La PTA del Estado de California cree que las pruebas, el uso de m\u00e1scaras, el distanciamiento f\u00edsico, las vacunas y el acceso a los servicios m\u00e9dicos son componentes importantes para controlar el virus. El acceso equitativo y adecuado a estos recursos para todos los ni\u00f1os y familias es crucial.<\/p>\n<p>La desinformaci\u00f3n dificulta la lucha contra el COVID-19, y la PTA del Estado de California est\u00e1 comprometida a brindar a nuestros miembros informaci\u00f3n actualizada en base cient\u00edfica. La PTA cree que la buena informaci\u00f3n de salud p\u00fablica para nuestras comunidades en un idioma que puedan entender y en una multitud de formatos culturalmente sensibles son clave para llegar a todas las familias.<\/p>\n<p>El cierre de las escuelas por la pandemia ha demostrado que la mayor\u00eda de nuestros estudiantes aprenden mejor en un entorno escolar. Las vacunas son una herramienta importante para garantizar que las escuelas puedan permanecer abiertas para la instrucci\u00f3n en persona mientras se protege la salud y la seguridad de nuestros estudiantes, el personal y los miembros de la familia. No todos los ni\u00f1os pueden asistir a la escuela en persona, y la PTA del Estado de California se compromete a promover que haya oportunidades de aprendizaje de calidad equivalente disponibles para todos los estudiantes.<\/p>\n<p>Los distritos escolares deben recibir fondos adecuados para cubrir los costos de las pruebas, m\u00e1scaras, art\u00edculos de limpieza y otros materiales necesarios para proteger a los estudiantes y al personal. Proteger al personal y a los estudiantes tambi\u00e9n incluye su bienestar social y emocional. La PTA del Estado de California cree que las escuelas y las comunidades deben brindar apoyo adecuado de salud mental al personal escolar y a los estudiantes para satisfacer sus necesidades.<\/p>\n<p><strong>Recursos<\/strong><\/p>\n<p>Centros de Control y Prevenci\u00f3n de Enfermedades:<\/p>\n<p><a href=\"https:\/\/www.cdc.gov\/coronavirus\/2019-ncov\/vaccines\/facts.html\">https:\/\/www.cdc.gov\/coronavirus\/2019-ncov\/vaccines\/facts.html<\/a><\/p>\n<p>Departamento de Salud P\u00fablica de California:<\/p>\n<p><a href=\"https:\/\/www.cdph.ca.gov\/Programs\/CID\/DCDC\/Pages\/DCDC.aspx\">https:\/\/www.cdph.ca.gov\/Programs\/CID\/DCDC\/Pages\/DCDC.aspx<\/a><\/p>\n<p><a href=\"https:\/\/www.cdph.ca.gov\/Programs\/CID\/DCDC\/Pages\/COVID-19\/K-12-Guidance-2021-22-School-Year.aspx#\"><u>https:\/\/www.cdph.ca.gov\/Programs\/CID\/DCDC\/Pages\/COVID-19\/K-12-Guidance-2021-22-School-Year.aspx#<\/u><\/a><\/p>\n<p>Salud de los Ni\u00f1os de Stanford: <a href=\"https:\/\/www.stanfordchildrens.org\/\"><u>https:\/\/www.stanfordchildrens.org\/<\/u><\/a><\/p>\n","protected":false},"excerpt":{"rendered":"<p>Adoptado por la Junta Directiva Abril 2022 &#8212; Comisi\u00f3n de Salud y Asuntos Comunitarios La PTA del Estado de California est\u00e1 comprometida a garantizar que las familias y el p\u00fablico tengan informaci\u00f3n cient\u00edficamente precisa sobre el virus y c\u00f3mo controlar su propagaci\u00f3n. La PTA ha respondido a la interrupci\u00f3n del estado y la recuperaci\u00f3n en [&hellip;]<\/p>\n","protected":false},"author":8,"featured_media":0,"parent":4492,"menu_order":0,"comment_status":"closed","ping_status":"closed","template":"","meta":{"footnotes":""},"class_list":["post-10878","page","type-page","status-publish","hentry","entry"],"_links":{"self":[{"href":"https:\/\/toolkit.capta.org\/es\/wp-json\/wp\/v2\/pages\/10878","targetHints":{"allow":["GET"]}}],"collection":[{"href":"https:\/\/toolkit.capta.org\/es\/wp-json\/wp\/v2\/pages"}],"about":[{"href":"https:\/\/toolkit.capta.org\/es\/wp-json\/wp\/v2\/types\/page"}],"author":[{"embeddable":true,"href":"https:\/\/toolkit.capta.org\/es\/wp-json\/wp\/v2\/users\/8"}],"replies":[{"embeddable":true,"href":"https:\/\/toolkit.capta.org\/es\/wp-json\/wp\/v2\/comments?post=10878"}],"version-history":[{"count":2,"href":"https:\/\/toolkit.capta.org\/es\/wp-json\/wp\/v2\/pages\/10878\/revisions"}],"predecessor-version":[{"id":10881,"href":"https:\/\/toolkit.capta.org\/es\/wp-json\/wp\/v2\/pages\/10878\/revisions\/10881"}],"up":[{"embeddable":true,"href":"https:\/\/toolkit.capta.org\/es\/wp-json\/wp\/v2\/pages\/4492"}],"wp:attachment":[{"href":"https:\/\/toolkit.capta.org\/es\/wp-json\/wp\/v2\/media?parent=10878"}],"curies":[{"name":"wp","href":"https:\/\/api.w.org\/{rel}","templated":true}]}}