{"id":11336,"date":"2024-07-10T15:09:06","date_gmt":"2024-07-10T22:09:06","guid":{"rendered":"https:\/\/toolkit.capta.org\/?page_id=11336"},"modified":"2024-07-10T15:09:06","modified_gmt":"2024-07-10T22:09:06","slug":"informe-del-resenador-financiero","status":"publish","type":"page","link":"https:\/\/toolkit.capta.org\/es\/finance\/reports-and-forms\/informe-del-resenador-financiero\/","title":{"rendered":"Informe del rese\u00f1ador financiero"},"content":{"rendered":"<p>Se debe presentar un Informe del Rese\u00f1ador Financiero escrito a la junta ejecutiva y a la asociaci\u00f3n despu\u00e9s de que los libros y registros financieros de la asociaci\u00f3n hayan sido revisados financieramente. Se requiere una Lista de Verificaci\u00f3n de Revisi\u00f3n Financiera y una p\u00e1gina de Informe de Revisi\u00f3n Financiera separada para cada cuenta. Un informe que detalla los irregularidades y recomendaciones constituye el tercer componente de una revisi\u00f3n financiera. Si todo est\u00e1 en orden, el rese\u00f1ador financiero o el comit\u00e9 de revisi\u00f3n financiera prepara un informe y el rese\u00f1ador financiero o cada miembro del comit\u00e9 lo firma.<\/p>\n<p>El rese\u00f1ador financiero o el comit\u00e9 de revisi\u00f3n financiera tambi\u00e9n deben presentar un informe en caso de que no haya registros adecuados disponibles para llevar a cabo una contabilidad adecuada de los fondos de la asociaci\u00f3n. El informe de revisi\u00f3n financiera debe ser adoptado oficialmente por la asociaci\u00f3n y subido al sistema de retenci\u00f3n de documentos. (Informe de Revisi\u00f3n Financiera).<\/p>\n<p>Si la revisi\u00f3n financiera no la lleva a cabo un contador calificado, un comit\u00e9 de revisi\u00f3n financiera debe examinar la revisi\u00f3n financiera y firmar el informe de revisi\u00f3n financiera antes de que el informe de revisi\u00f3n financiera se presente a la junta ejecutiva y a la asociaci\u00f3n. Un rese\u00f1ador financiero calificado se define como alguien que ha sido capacitado\/licenciado para realizar auditor\u00edas y\/o revisar registros contables, como un Contador P\u00fablico o un Contador P\u00fablico Certificado (CPA). No necesitan estar actualmente empleados en el campo.<\/p>\n<p>Vea el Formulario de Informe de Revisi\u00f3n Financiera y la Lista de Verificaci\u00f3n de Revisi\u00f3n Financiera.<\/p>\n","protected":false},"excerpt":{"rendered":"<p>Se debe presentar un Informe del Rese\u00f1ador Financiero escrito a la junta ejecutiva y a la asociaci\u00f3n despu\u00e9s de que los libros y registros financieros de la asociaci\u00f3n hayan sido revisados financieramente. Se requiere una Lista de Verificaci\u00f3n de Revisi\u00f3n Financiera y una p\u00e1gina de Informe de Revisi\u00f3n Financiera separada para cada cuenta. Un informe [&hellip;]<\/p>\n","protected":false},"author":13,"featured_media":0,"parent":3218,"menu_order":0,"comment_status":"closed","ping_status":"closed","template":"","meta":{"footnotes":""},"class_list":["post-11336","page","type-page","status-publish","hentry","entry"],"_links":{"self":[{"href":"https:\/\/toolkit.capta.org\/es\/wp-json\/wp\/v2\/pages\/11336","targetHints":{"allow":["GET"]}}],"collection":[{"href":"https:\/\/toolkit.capta.org\/es\/wp-json\/wp\/v2\/pages"}],"about":[{"href":"https:\/\/toolkit.capta.org\/es\/wp-json\/wp\/v2\/types\/page"}],"author":[{"embeddable":true,"href":"https:\/\/toolkit.capta.org\/es\/wp-json\/wp\/v2\/users\/13"}],"replies":[{"embeddable":true,"href":"https:\/\/toolkit.capta.org\/es\/wp-json\/wp\/v2\/comments?post=11336"}],"version-history":[{"count":1,"href":"https:\/\/toolkit.capta.org\/es\/wp-json\/wp\/v2\/pages\/11336\/revisions"}],"predecessor-version":[{"id":11337,"href":"https:\/\/toolkit.capta.org\/es\/wp-json\/wp\/v2\/pages\/11336\/revisions\/11337"}],"up":[{"embeddable":true,"href":"https:\/\/toolkit.capta.org\/es\/wp-json\/wp\/v2\/pages\/3218"}],"wp:attachment":[{"href":"https:\/\/toolkit.capta.org\/es\/wp-json\/wp\/v2\/media?parent=11336"}],"curies":[{"name":"wp","href":"https:\/\/api.w.org\/{rel}","templated":true}]}}