{"id":3057,"date":"2013-04-04T20:10:46","date_gmt":"2013-04-04T20:10:46","guid":{"rendered":"http:\/\/toolkit.capta.org\/finance-2\/"},"modified":"2013-11-27T08:48:40","modified_gmt":"2013-11-27T16:48:40","slug":"finance","status":"publish","type":"page","link":"https:\/\/toolkit.capta.org\/es\/finance\/","title":{"rendered":"Finanzas"},"content":{"rendered":"<p>Estas herramientas financieras ayudan a los funcionarios encargados de las finanzas en las unidades, consejos, y distritos de la PTA a lograr un mayor entendimiento de sus responsabilidades, crear y mantener registros exactos y ejercitar un control apropiado de los fondos. Una de las principales preocupaciones del tesorero, as\u00ed como de de los funcionarios y coordinadores, debe ser establecer procedimientos financieros s\u00f3lidos.<\/p>\n<p>Aunque la recaudaci\u00f3n de fondos no es uno de los objetivos de la PTA, es necesario hacerlo si se quiere realizar el trabajo de la organizaci\u00f3n. Cada PTA debe recaudar s\u00f3lo los fondos necesarios para llevar a cabo los proyectos y las actividades anuales incluidos en el presupuesto adoptado por la PTA. Al planear las actividades para recaudar fondos, la meta a lograr es cubrir todos los gastos del presupuesto, incluso los proyectos especiales y los fondos para emergencias.<\/p>\n<p>Recuerde que es responsabilidad de los contribuyentes de impuestos y no de la PTA, proporcionar la infraestructura adecuada para la educaci\u00f3n p\u00fablica, as\u00ed como los materiales y los programas necesarios. Los funcionarios p\u00fablicos deben continuar siendo responsables de proveer a cada estudiante con los recursos necesarios para una educaci\u00f3n equitativa y de calidad.<\/p>\n","protected":false},"excerpt":{"rendered":"<p>Estas herramientas financieras ayudan a los funcionarios encargados de las finanzas en las unidades, consejos, y distritos de la PTA a lograr un mayor entendimiento de sus responsabilidades, crear y mantener registros exactos y ejercitar un control apropiado de los fondos. Una de las principales preocupaciones del tesorero, as\u00ed como de de los funcionarios y [&hellip;]<\/p>\n","protected":false},"author":8,"featured_media":0,"parent":0,"menu_order":0,"comment_status":"closed","ping_status":"closed","template":"","meta":{"footnotes":""},"class_list":["post-3057","page","type-page","status-publish","hentry","entry"],"_links":{"self":[{"href":"https:\/\/toolkit.capta.org\/es\/wp-json\/wp\/v2\/pages\/3057","targetHints":{"allow":["GET"]}}],"collection":[{"href":"https:\/\/toolkit.capta.org\/es\/wp-json\/wp\/v2\/pages"}],"about":[{"href":"https:\/\/toolkit.capta.org\/es\/wp-json\/wp\/v2\/types\/page"}],"author":[{"embeddable":true,"href":"https:\/\/toolkit.capta.org\/es\/wp-json\/wp\/v2\/users\/8"}],"replies":[{"embeddable":true,"href":"https:\/\/toolkit.capta.org\/es\/wp-json\/wp\/v2\/comments?post=3057"}],"version-history":[{"count":0,"href":"https:\/\/toolkit.capta.org\/es\/wp-json\/wp\/v2\/pages\/3057\/revisions"}],"wp:attachment":[{"href":"https:\/\/toolkit.capta.org\/es\/wp-json\/wp\/v2\/media?parent=3057"}],"curies":[{"name":"wp","href":"https:\/\/api.w.org\/{rel}","templated":true}]}}