{"id":3063,"date":"2013-04-04T20:11:08","date_gmt":"2013-04-04T20:11:08","guid":{"rendered":"http:\/\/toolkit.capta.org\/membership-2\/"},"modified":"2017-11-03T16:04:21","modified_gmt":"2017-11-03T23:04:21","slug":"membership","status":"publish","type":"page","link":"https:\/\/toolkit.capta.org\/es\/membership\/","title":{"rendered":"Afiliaci\u00f3n"},"content":{"rendered":"<div class=\"spotlightbox\">\n<p><a style=\"text-decoration: underline;\" href=\"https:\/\/toolkit.capta.org\/es\/membership\/joining-pta\/\"><strong>Afiliaci\u00f3n a la PTA<\/strong><\/a><\/p>\n<\/div>\n<div class=\"spotlightbox\">\n<p><a style=\"text-decoration: underline;\" href=\"https:\/\/toolkit.capta.org\/es\/membership\/membership-basics\/\"><strong>Lo b\u00e1sico de la afiliaci\u00f3n a la PTA<\/strong><\/a><\/p>\n<p style=\"padding-left: 30px;\"><span style=\"color: #000000;\">Establecimiento del plan de marketing de <\/span>afiliaci\u00f3n<span style=\"color: #000000;\"><br \/>\nTema de afiliaci\u00f3n<br \/>\nCalendario y presupuesto de afiliaci\u00f3n<br \/>\nImplementaci\u00f3n de un plan de marketing de afiliaci\u00f3n<br \/>\nSobres de afiliaci\u00f3n<br \/>\nCuota de afiliaci\u00f3n<br \/>\nTarjetas de afiliaci\u00f3n<br \/>\nInformaci\u00f3n de contacto de los miembros y listas de afiliaci\u00f3n<br \/>\nAfiliaci\u00f3n<br \/>\nAfiliaci\u00f3n de estudiantes<br \/>\nAfiliaci\u00f3n de administradores\/maestros\/personal<br \/>\nAfiliaci\u00f3n familiar<br \/>\nMiembros fundadores<\/span><\/p>\n<\/div>\n<div class=\"spotlightbox\">\n<p><a href=\"https:\/\/toolkit.capta.org\/es\/membership\/membership-promotion-tools\/\"><strong>Herramientas de promoci\u00f3n de afiliaci\u00f3n<\/strong><\/a><\/p>\n<\/div>\n<div class=\"spotlightbox\">\n<p><a href=\"https:\/\/toolkit.capta.org\/es\/membership\/involving-students\/\"><strong>Participaci\u00f3n estudiantil<\/strong><\/a><span style=\"color: #3366ff;\"><strong><br \/>\n<\/strong><\/span><\/p>\n<\/div>\n<div class=\"spotlightbox\">\n<p><a href=\"https:\/\/toolkit.capta.org\/es\/membership\/outreach-diversity-and-inclusion\/\"><strong>Extensi\u00f3n, diversidad e inclusi\u00f3n<\/strong><\/a><\/p>\n<\/div>\n","protected":false},"excerpt":{"rendered":"<p>Afiliaci\u00f3n a la PTA Lo b\u00e1sico de la afiliaci\u00f3n a la PTA Establecimiento del plan de marketing de afiliaci\u00f3n Tema de afiliaci\u00f3n Calendario y presupuesto de afiliaci\u00f3n Implementaci\u00f3n de un plan de marketing de afiliaci\u00f3n Sobres de afiliaci\u00f3n Cuota de afiliaci\u00f3n Tarjetas de afiliaci\u00f3n Informaci\u00f3n de contacto de los miembros y listas de afiliaci\u00f3n Afiliaci\u00f3n [&hellip;]<\/p>\n","protected":false},"author":8,"featured_media":0,"parent":0,"menu_order":0,"comment_status":"closed","ping_status":"closed","template":"","meta":{"footnotes":""},"class_list":["post-3063","page","type-page","status-publish","hentry","entry"],"_links":{"self":[{"href":"https:\/\/toolkit.capta.org\/es\/wp-json\/wp\/v2\/pages\/3063","targetHints":{"allow":["GET"]}}],"collection":[{"href":"https:\/\/toolkit.capta.org\/es\/wp-json\/wp\/v2\/pages"}],"about":[{"href":"https:\/\/toolkit.capta.org\/es\/wp-json\/wp\/v2\/types\/page"}],"author":[{"embeddable":true,"href":"https:\/\/toolkit.capta.org\/es\/wp-json\/wp\/v2\/users\/8"}],"replies":[{"embeddable":true,"href":"https:\/\/toolkit.capta.org\/es\/wp-json\/wp\/v2\/comments?post=3063"}],"version-history":[{"count":1,"href":"https:\/\/toolkit.capta.org\/es\/wp-json\/wp\/v2\/pages\/3063\/revisions"}],"predecessor-version":[{"id":9135,"href":"https:\/\/toolkit.capta.org\/es\/wp-json\/wp\/v2\/pages\/3063\/revisions\/9135"}],"wp:attachment":[{"href":"https:\/\/toolkit.capta.org\/es\/wp-json\/wp\/v2\/media?parent=3063"}],"curies":[{"name":"wp","href":"https:\/\/api.w.org\/{rel}","templated":true}]}}