{"id":3065,"date":"2013-04-04T20:11:41","date_gmt":"2013-04-04T20:11:41","guid":{"rendered":"http:\/\/toolkit.capta.org\/advocacy-2\/"},"modified":"2013-11-27T11:12:18","modified_gmt":"2013-11-27T19:12:18","slug":"advocacy","status":"publish","type":"page","link":"https:\/\/toolkit.capta.org\/es\/advocacy\/","title":{"rendered":"Defensa Activa"},"content":{"rendered":"<p>\u00abLa necesidad de obtener una legislaci\u00f3n adecuada fue evidente desde los inicios\u00bb. Mientras investigaban la mejor manera de criar a sus propios hijos, los fundadores de la asociaci\u00f3n descubrieron que hab\u00edan otros ni\u00f1os cuyas necesidades b\u00e1sicas no hab\u00edan sido satisfechas. Encontraron ni\u00f1os muy enfermos, con hambre y sin suficiente ropa y pensaron que deb\u00edan hacer algo al respecto (tomado de <em>Historia del Congreso de Padres y Maestros de California, Inc<\/em>. 1900-1944. M.H. Strong, editor).<\/p>\n<p>Los funcionarios nacionales, estatales y locales encargados de formular las pol\u00edticas, a diario toman decisiones que afectan a nuestros ni\u00f1os, adolescentes y familias. Todo ciudadano de una sociedad democr\u00e1tica tiene el derecho y la responsabilidad de participar en la toma de estas decisiones. Estas herramientas de defensa se han creado con el fin de ofrecerle ayuda en sus esfuerzos por influir en las personas encargadas de formular pol\u00edticas en los \u00e1mbitos nacional, estatal y local.<\/p>\n<p>Al ser la organizaci\u00f3n de defensa m\u00e1s antigua y grande de California, la PTA est\u00e1 especialmente calificada para influir en los encargados de formular las pol\u00edticas. Mediante el trabajo conjunto en distintas \u00e1reas, las PTA de California y del resto del pa\u00eds pueden constituir una fuerza poderosa con la cual garantizar las mejores leyes y pol\u00edticas p\u00fablicas para el cuidado y la protecci\u00f3n de los ni\u00f1os y los j\u00f3venes.<\/p>\n","protected":false},"excerpt":{"rendered":"<p>\u00abLa necesidad de obtener una legislaci\u00f3n adecuada fue evidente desde los inicios\u00bb. Mientras investigaban la mejor manera de criar a sus propios hijos, los fundadores de la asociaci\u00f3n descubrieron que hab\u00edan otros ni\u00f1os cuyas necesidades b\u00e1sicas no hab\u00edan sido satisfechas. Encontraron ni\u00f1os muy enfermos, con hambre y sin suficiente ropa y pensaron que deb\u00edan hacer [&hellip;]<\/p>\n","protected":false},"author":8,"featured_media":0,"parent":0,"menu_order":0,"comment_status":"closed","ping_status":"closed","template":"","meta":{"footnotes":""},"class_list":["post-3065","page","type-page","status-publish","hentry","entry"],"_links":{"self":[{"href":"https:\/\/toolkit.capta.org\/es\/wp-json\/wp\/v2\/pages\/3065","targetHints":{"allow":["GET"]}}],"collection":[{"href":"https:\/\/toolkit.capta.org\/es\/wp-json\/wp\/v2\/pages"}],"about":[{"href":"https:\/\/toolkit.capta.org\/es\/wp-json\/wp\/v2\/types\/page"}],"author":[{"embeddable":true,"href":"https:\/\/toolkit.capta.org\/es\/wp-json\/wp\/v2\/users\/8"}],"replies":[{"embeddable":true,"href":"https:\/\/toolkit.capta.org\/es\/wp-json\/wp\/v2\/comments?post=3065"}],"version-history":[{"count":0,"href":"https:\/\/toolkit.capta.org\/es\/wp-json\/wp\/v2\/pages\/3065\/revisions"}],"wp:attachment":[{"href":"https:\/\/toolkit.capta.org\/es\/wp-json\/wp\/v2\/media?parent=3065"}],"curies":[{"name":"wp","href":"https:\/\/api.w.org\/{rel}","templated":true}]}}