{"id":3082,"date":"2013-10-29T16:27:59","date_gmt":"2013-10-29T23:27:59","guid":{"rendered":"http:\/\/toolkit.capta.org\/finanzas\/policies-and-procedures\/"},"modified":"2024-07-11T14:16:53","modified_gmt":"2024-07-11T21:16:53","slug":"policies-and-procedures","status":"publish","type":"page","link":"https:\/\/toolkit.capta.org\/es\/finance\/policies-and-procedures\/","title":{"rendered":"Pol\u00edticas y procedimientos"},"content":{"rendered":"<p><a href=\"https:\/\/toolkit.capta.org\/es\/finance\/policies-and-procedures\/fiduciary-responsibilities\/\">Responsabilidades fiduciarias<\/a><a href=\"https:\/\/toolkit.capta.org\/es\/finance\/policies-and-procedures\/commingling-of-funds\/\"><br \/>\n<\/a><a href=\"https:\/\/toolkit.capta.org\/es\/finance\/policies-and-procedures\/signs-of-good-financial-health\/\">Signos de buena salud financieras<\/a><a href=\"https:\/\/toolkit.capta.org\/es\/finance\/policies-and-procedures\/commingling-of-funds\/\"><br \/>\n<\/a><a href=\"https:\/\/toolkit.capta.org\/es\/finance\/policies-and-procedures\/sample-financial-calendar-of-activities\/\">Muestra del calendario de actividades<\/a><a href=\"https:\/\/toolkit.capta.org\/es\/finance\/policies-and-procedures\/commingling-of-funds\/\"><br \/>\n<\/a><a href=\"https:\/\/toolkit.capta.org\/es\/finance\/policies-and-procedures\/records-retention-schedule-and-destruction-policy\/\">Pol\u00edtica de retenci\u00f3n y destrucci\u00f3n de documentos<\/a><a href=\"https:\/\/toolkit.capta.org\/es\/finance\/policies-and-procedures\/commingling-of-funds\/\"><br \/>\nMezcla de fondos<\/a><br \/>\n<a href=\"https:\/\/toolkit.capta.org\/es\/finance\/policies-and-procedures\/fiduciary-agreements-and-gifts-to-school\/\">Acuerdos fiduciarios y obsequios a las escuelas<\/a><br \/>\n<a href=\"https:\/\/toolkit.capta.org\/es\/finance\/policies-and-procedures\/contracts\/\">Contratos<\/a><br \/>\n<a href=\"https:\/\/toolkit.capta.org\/es\/finance\/policies-and-procedures\/hold-harmless-agreements\/\">Cl\u00e1usula de exenci\u00f3n de responsabilidad<\/a><\/p>\n<p><strong>Varia informaci\u00f3n de funcionamiento<\/strong><br \/>\n<a href=\"https:\/\/toolkit.capta.org\/es\/finance\/policies-and-procedures\/special-request-for-professional-opinion\/\">Solicitud especial de opini\u00f3n profesional<\/a><br \/>\n<a href=\"https:\/\/toolkit.capta.org\/es\/finance\/policies-and-procedures\/pta-provided-baby-sitting-services\/\"> Servicios de cuidado de ni\u00f1os provistos por la PTA<\/a><br \/>\n<a href=\"https:\/\/toolkit.capta.org\/es\/finance\/policies-and-procedures\/handling-requests-for-relief-assistance\/\">C\u00f3mo atender solicitudes de socorro<\/a><br \/>\n<a href=\"https:\/\/toolkit.capta.org\/es\/finance\/policies-and-procedures\/school-bond-and-other-ballot-measure-campaigns\/\"> El bono escolar y otras campa\u00f1as de medidas en papeletas escolares<\/a><\/p>\n","protected":false},"excerpt":{"rendered":"<p>Responsabilidades fiduciarias Signos de buena salud financieras Muestra del calendario de actividades Pol\u00edtica de retenci\u00f3n y destrucci\u00f3n de documentos Mezcla de fondos Acuerdos fiduciarios y obsequios a las escuelas Contratos Cl\u00e1usula de exenci\u00f3n de responsabilidad Varia informaci\u00f3n de funcionamiento Solicitud especial de opini\u00f3n profesional Servicios de cuidado de ni\u00f1os provistos por la PTA C\u00f3mo atender [&hellip;]<\/p>\n","protected":false},"author":8,"featured_media":0,"parent":3057,"menu_order":0,"comment_status":"closed","ping_status":"closed","template":"","meta":{"footnotes":""},"class_list":["post-3082","page","type-page","status-publish","hentry","entry"],"_links":{"self":[{"href":"https:\/\/toolkit.capta.org\/es\/wp-json\/wp\/v2\/pages\/3082","targetHints":{"allow":["GET"]}}],"collection":[{"href":"https:\/\/toolkit.capta.org\/es\/wp-json\/wp\/v2\/pages"}],"about":[{"href":"https:\/\/toolkit.capta.org\/es\/wp-json\/wp\/v2\/types\/page"}],"author":[{"embeddable":true,"href":"https:\/\/toolkit.capta.org\/es\/wp-json\/wp\/v2\/users\/8"}],"replies":[{"embeddable":true,"href":"https:\/\/toolkit.capta.org\/es\/wp-json\/wp\/v2\/comments?post=3082"}],"version-history":[{"count":1,"href":"https:\/\/toolkit.capta.org\/es\/wp-json\/wp\/v2\/pages\/3082\/revisions"}],"predecessor-version":[{"id":11351,"href":"https:\/\/toolkit.capta.org\/es\/wp-json\/wp\/v2\/pages\/3082\/revisions\/11351"}],"up":[{"embeddable":true,"href":"https:\/\/toolkit.capta.org\/es\/wp-json\/wp\/v2\/pages\/3057"}],"wp:attachment":[{"href":"https:\/\/toolkit.capta.org\/es\/wp-json\/wp\/v2\/media?parent=3082"}],"curies":[{"name":"wp","href":"https:\/\/api.w.org\/{rel}","templated":true}]}}