{"id":3111,"date":"2013-09-19T15:24:40","date_gmt":"2013-09-19T22:24:40","guid":{"rendered":"http:\/\/toolkit.capta.org\/know-the-pta-2\/"},"modified":"2017-10-05T15:46:03","modified_gmt":"2017-10-05T22:46:03","slug":"know-the-pta","status":"publish","type":"page","link":"https:\/\/toolkit.capta.org\/es\/know-the-pta\/","title":{"rendered":"Conozca su PTA"},"content":{"rendered":"<p>La <em>Parent Teacher Association<\/em> (Asociaci\u00f3n de Padres y Maestros, PTA por sus siglas en ingl\u00e9s) de California es la organizaci\u00f3n voluntaria dedicada a los ni\u00f1os, j\u00f3venes, y familias m\u00e1s grande y antigua de todo el estado. Sus unidades, consejos y distritos de PTA ofrecen servicios a m\u00e1s de 750,000 miembros. Cada nivel de la PTA cumple una funci\u00f3n vital en la implementaci\u00f3n de los prop\u00f3sitos de esta Asociaci\u00f3n.<\/p>\n<p>En esta secci\u00f3n, encontrar\u00e1 informaci\u00f3n sobre la estructura, la organizaci\u00f3n, las pol\u00edticas b\u00e1sicas y los procedimientos acordados relacionados con todos los departamentos de la PTA de California, una dependencia de la PTA Nacional.<\/p>\n<p>Para complementar la informaci\u00f3n contenida en este cap\u00edtulo, consulte al <em>Gu\u00eda de referencia r\u00e1pida de la PTA Nacional<\/em>, el sitio Web <a href=\"http:\/\/www.pta.org\/\" target=\"_blank\" rel=\"noopener\">pta.org<\/a>, los materiales enviados por PTA de California, la publicaci\u00f3n <em>PTA en California<\/em> y el sitio Web <a href=\"http:\/\/capta.org\/\" target=\"_blank\" rel=\"noopener\">capta.org<\/a>.<\/p>\n<div>\n<div class=\"spotlightbox\">\n<p><strong>Favor de notar: <\/strong><br \/>\nEn todos usos de la palabra \u201cpadre\u201d se refiere al adulto que tiene la responsabilidad primaria para la educaci\u00f3n y el bienestar de un ni\u00f1o.<\/p>\n<p>Toda referencia a la palabra \u00abPTA\u00bb como utilizado en la <em>Carpeta de Recursos de la PTA de California<\/em> es destinado a referirse tanto a PTA como PTSA.<\/p>\n<\/div>\n<\/div>\n<p><a href=\"https:\/\/toolkit.capta.org\/es\/know-the-pta\/purpose-of-the-pta\/\">Los prop\u00f3sitos de la PTA de California<\/a><br \/>\n<a href=\"https:\/\/toolkit.capta.org\/es\/know-the-pta\/mission-statement\/\">Declaraci\u00f3n de la misi\u00f3n de la PTA de California<\/a><br \/>\n<a href=\"https:\/\/toolkit.capta.org\/es\/know-the-pta\/california-state-pta-core-values\/\">Valores esenciales de PTA de California<\/a><br \/>\n<a href=\"https:\/\/toolkit.capta.org\/es\/know-the-pta\/pta-basic-policies\/\">Pol\u00edticas fundamentales de la PTA<\/a><a href=\"https:\/\/toolkit.capta.org\/es\/know-the-pta\/california-state-pta-core-values\/\"><br \/>\n<\/a><a href=\"https:\/\/toolkit.capta.org\/es\/know-the-pta\/a-brief-history\/\">Breve rese\u00f1a: el trabajo conjunto desde 1897 en beneficio de los ni\u00f1os<\/a><\/p>\n<p><strong><a href=\"https:\/\/toolkit.capta.org\/es\/know-the-pta\/organizational-structure\/\">Estructura de la organizaci\u00f3n<\/a><a href=\"http:\/\/toolkit.capta.org\/running-your-pta\/organizational-structure\/\"><br \/>\n<\/a><\/strong><a href=\"https:\/\/toolkit.capta.org\/es\/know-the-pta\/types-of-associations\/\">Tipos de asociaciones<\/a><br \/>\n<a href=\"https:\/\/toolkit.capta.org\/es\/know-the-pta\/the-local-unit-pta\/\">La unidad local de la PTA<\/a><br \/>\n<a href=\"https:\/\/toolkit.capta.org\/es\/know-the-pta\/the-council-pta\/\">El consejo de la PTA<\/a><br \/>\n<a href=\"https:\/\/toolkit.capta.org\/es\/know-the-pta\/the-district-pta\/\">El distrito de la PTA<\/a><br \/>\n<a href=\"https:\/\/toolkit.capta.org\/es\/know-the-pta\/the-california-state-pta\/\">PTA de California<\/a><br \/>\n<a href=\"https:\/\/toolkit.capta.org\/es\/know-the-pta\/state-pta-office\/\">Oficina de la PTA de California<\/a><br \/>\n<a href=\"https:\/\/toolkit.capta.org\/es\/know-the-pta\/trademarkservice-mark\/\">Marca registrada o de servicio<\/a><br \/>\n<a href=\"https:\/\/toolkit.capta.org\/es\/know-the-pta\/california-state-pta-privacy-policy\/\">Normas de privacidad de PTA de California<\/a><\/p>\n<p><strong>Organizaciones comunitarias, copatrocinio y coaliciones<br \/>\n<\/strong><a href=\"https:\/\/toolkit.capta.org\/es\/know-the-pta\/cooperating-with-other-organizations\/\">La cooperaci\u00f3n con otras organizaciones<\/a><br \/>\n<a href=\"https:\/\/toolkit.capta.org\/es\/know-the-pta\/other-organizations\/\">Otras organizaciones<\/a><br \/>\n<a href=\"https:\/\/toolkit.capta.org\/es\/know-the-pta\/joining-building-and-making-coalitions-work\/\">C\u00f3mo unir, establecer y hacer que las coaliciones funcionen<\/a><\/p>\n<p><strong>Estatutos<\/strong><a href=\"https:\/\/toolkit.capta.org\/es\/know-the-pta\/bylaws\/\"><strong><br \/>\n<\/strong>Acta de constituci\u00f3n: California Congress of Parents, Teachers, and Students, Inc.<\/a><a href=\"http:\/\/toolkit.capta.org\/know-the-pta\/bylaws-of-the-california-state-pta\/\"><br \/>\n<\/a><a href=\"https:\/\/toolkit.capta.org\/es\/know-the-pta\/bylaws-of-the-california-state-pta\/\">Estatutos de la PTA de California<\/a><\/p>\n<p><strong>Figuras<br \/>\n<\/strong><a href=\"https:\/\/toolkit.capta.org\/es\/running-your-pta\/ca-state-pta-map\/\">Mapa de la PTA de California<\/a><\/p>\n","protected":false},"excerpt":{"rendered":"<p>La Parent Teacher Association (Asociaci\u00f3n de Padres y Maestros, PTA por sus siglas en ingl\u00e9s) de California es la organizaci\u00f3n voluntaria dedicada a los ni\u00f1os, j\u00f3venes, y familias m\u00e1s grande y antigua de todo el estado. Sus unidades, consejos y distritos de PTA ofrecen servicios a m\u00e1s de 750,000 miembros. Cada nivel de la PTA [&hellip;]<\/p>\n","protected":false},"author":8,"featured_media":0,"parent":0,"menu_order":0,"comment_status":"closed","ping_status":"closed","template":"","meta":{"footnotes":""},"class_list":["post-3111","page","type-page","status-publish","hentry","entry"],"_links":{"self":[{"href":"https:\/\/toolkit.capta.org\/es\/wp-json\/wp\/v2\/pages\/3111","targetHints":{"allow":["GET"]}}],"collection":[{"href":"https:\/\/toolkit.capta.org\/es\/wp-json\/wp\/v2\/pages"}],"about":[{"href":"https:\/\/toolkit.capta.org\/es\/wp-json\/wp\/v2\/types\/page"}],"author":[{"embeddable":true,"href":"https:\/\/toolkit.capta.org\/es\/wp-json\/wp\/v2\/users\/8"}],"replies":[{"embeddable":true,"href":"https:\/\/toolkit.capta.org\/es\/wp-json\/wp\/v2\/comments?post=3111"}],"version-history":[{"count":3,"href":"https:\/\/toolkit.capta.org\/es\/wp-json\/wp\/v2\/pages\/3111\/revisions"}],"predecessor-version":[{"id":8829,"href":"https:\/\/toolkit.capta.org\/es\/wp-json\/wp\/v2\/pages\/3111\/revisions\/8829"}],"wp:attachment":[{"href":"https:\/\/toolkit.capta.org\/es\/wp-json\/wp\/v2\/media?parent=3111"}],"curies":[{"name":"wp","href":"https:\/\/api.w.org\/{rel}","templated":true}]}}