{"id":3128,"date":"2013-10-30T14:56:12","date_gmt":"2013-10-30T21:56:12","guid":{"rendered":"http:\/\/toolkit.capta.org\/finance\/policies-and-procedures\/special-request-for-professional-opinion\/"},"modified":"2020-07-22T13:42:07","modified_gmt":"2020-07-22T20:42:07","slug":"special-request-for-professional-opinion","status":"publish","type":"page","link":"https:\/\/toolkit.capta.org\/es\/finance\/policies-and-procedures\/special-request-for-professional-opinion\/","title":{"rendered":"Solicitud especial de opini\u00f3n profesional"},"content":{"rendered":"<p>En caso de que una unidad, consejo o distrito de la PTA solicite asesoramiento profesional debido a una situaci\u00f3n extraordinaria, la PTA de California se comunicar\u00e1 con el proveedor profesional adecuado seg\u00fan sea necesario. Los cargos\/honorarios incurridos ser\u00e1n facturados a la PTA que se beneficie de los servicios del profesional.<\/p>\n<p>Si tiene preguntas sobre la cobertura de responsabilidad de la PTA, p\u00f3ngase en contacto con su distrito PTA. Consulte la <em>Gu\u00eda de Seguros<\/em> para obtener el tel\u00e9fono y domicilio del sitio web del agente de seguros. \u00a0Se asume la responsabilidad por la interpretaci\u00f3n de la pol\u00edtica de responsabilidad por el corredor de seguros.<\/p>\n","protected":false},"excerpt":{"rendered":"<p>En caso de que una unidad, consejo o distrito de la PTA solicite asesoramiento profesional debido a una situaci\u00f3n extraordinaria, la PTA de California se comunicar\u00e1 con el proveedor profesional adecuado seg\u00fan sea necesario. Los cargos\/honorarios incurridos ser\u00e1n facturados a la PTA que se beneficie de los servicios del profesional. Si tiene preguntas sobre la [&hellip;]<\/p>\n","protected":false},"author":8,"featured_media":0,"parent":3082,"menu_order":0,"comment_status":"closed","ping_status":"closed","template":"","meta":{"footnotes":""},"class_list":["post-3128","page","type-page","status-publish","hentry","entry"],"_links":{"self":[{"href":"https:\/\/toolkit.capta.org\/es\/wp-json\/wp\/v2\/pages\/3128","targetHints":{"allow":["GET"]}}],"collection":[{"href":"https:\/\/toolkit.capta.org\/es\/wp-json\/wp\/v2\/pages"}],"about":[{"href":"https:\/\/toolkit.capta.org\/es\/wp-json\/wp\/v2\/types\/page"}],"author":[{"embeddable":true,"href":"https:\/\/toolkit.capta.org\/es\/wp-json\/wp\/v2\/users\/8"}],"replies":[{"embeddable":true,"href":"https:\/\/toolkit.capta.org\/es\/wp-json\/wp\/v2\/comments?post=3128"}],"version-history":[{"count":1,"href":"https:\/\/toolkit.capta.org\/es\/wp-json\/wp\/v2\/pages\/3128\/revisions"}],"predecessor-version":[{"id":10294,"href":"https:\/\/toolkit.capta.org\/es\/wp-json\/wp\/v2\/pages\/3128\/revisions\/10294"}],"up":[{"embeddable":true,"href":"https:\/\/toolkit.capta.org\/es\/wp-json\/wp\/v2\/pages\/3082"}],"wp:attachment":[{"href":"https:\/\/toolkit.capta.org\/es\/wp-json\/wp\/v2\/media?parent=3128"}],"curies":[{"name":"wp","href":"https:\/\/api.w.org\/{rel}","templated":true}]}}