{"id":3130,"date":"2013-11-12T14:52:33","date_gmt":"2013-11-12T22:52:33","guid":{"rendered":"http:\/\/toolkit.capta.org\/finance\/policies-and-procedures\/pta-provided-baby-sitting-services\/"},"modified":"2024-05-21T14:53:35","modified_gmt":"2024-05-21T21:53:35","slug":"pta-provided-baby-sitting-services","status":"publish","type":"page","link":"https:\/\/toolkit.capta.org\/es\/finance\/policies-and-procedures\/pta-provided-baby-sitting-services\/","title":{"rendered":"Servicios de cuidado de ni\u00f1os provistos por la PTA"},"content":{"rendered":"<p>Estos lineamientos se aplican a todas las ni\u00f1eras, sean pagadas o voluntarias. Los servicios de cuidado de ni\u00f1os est\u00e1n exentos del permiso del Departamento Estatal de Servicios Sociales, ya que dichos servicios se definen como suministrados cuando el padre o la madre (encargado) se encuentra en las instalaciones de la escuela (por ejemplo, ni\u00f1os atendidos en el mismo edificio donde se efect\u00faa la reuni\u00f3n de la asociaci\u00f3n a la que asisten los padres). Los servicios de cuidado de ni\u00f1os deben ser suministrados por dos personas, no relacionadas y mayores de 18 a\u00f1os, para los padres dedicados a actividades voluntarias patrocinadas por la PTA o padres que asisten a una reuni\u00f3n de la PTA.<\/p>\n<p style=\"font-weight: 400;\">Todas las ni\u00f1eras pagadas por la PTA deben aparecer en el formulario de Informe de N\u00f3mina Anual de Compensaci\u00f3n de Trabajadores presentado por cada PTA y presentado a AIM a m\u00e1s tardar el 31 de enero de cada a\u00f1o. Los tesoreros deben verificar que los registros de dichos pagos se mantengan actualizados, tanto para los registros de la PTA como para facilitar la tarea de llenar el requerido Informe de N\u00f3mina Anual de Compensaci\u00f3n de los Trabajadores.<\/p>\n<p>La ley estatal establece que \u201ctodo empleador debe establecer, implementar y mantener un programa efectivo de prevenci\u00f3n de lesiones y enfermedades\u201d. Toda PTA que paga salarios directamente a una persona debe acatar esta ley estatal.<\/p>\n<p>La PTA puede cobrar una tarifa razonable por los servicios de cuidado de ni\u00f1os.<\/p>\n<p>Para obtener m\u00e1s informaci\u00f3n sobre la norma no comercial, vea los <i>Estatutos para unidades locales de la PTA\/PTSA<\/i>, Art\u00edculo III, a y b.<\/p>\n<p>Es importante tener en cuenta que la PTA, los oficiales de la PTA, los miembros de la mesa directiva y todos los <strong>voluntarios<\/strong> que participan en un evento\/actividad de la PTA donde se proveen cuidado de ni\u00f1os est\u00e1n cubiertos por el seguro de responsabilidad general de la PTA. Las proveedoras de cuidado de ni\u00f1os que reciben pago\u00a0 se consideran contratistas independientes y no est\u00e1n cubiertas por el seguro de responsabilidad de la PTA si son demandadas personalmente.<\/p>\n<p><b>Requisitos del seguro<\/b><\/p>\n<p>Lineamientos para ni\u00f1eras:<\/p>\n<ul>\n<li>Hay por lo menos dos personas, no relacionadas y mayores de 18 a\u00f1os, atendiendo a los ni\u00f1os en todo momento.<\/li>\n<\/ul>\n<p>Los ni\u00f1os est\u00e1n en un ambiente seguro:<\/p>\n<ul>\n<li>Si es al aire libre, en un \u00e1rea de juegos cercada.<\/li>\n<li>Si es bajo techo, en un cuarto con juguetes seguros y apropiados para la edad.<\/li>\n<li>Los ba\u00f1os deben estar cerca.<\/li>\n<\/ul>\n<p>La proporci\u00f3n entre adultos y ni\u00f1os no se excede:<\/p>\n<ul>\n<li>De 0 a 5 a\u00f1os de edad, 2 adultos por cada 10 ni\u00f1os. Se necesita 1 persona adicional en edad adolescente o mayor si hay de 11 a 15 ni\u00f1os, y as\u00ed sucesivamente.<\/li>\n<li>De 6 a 10 a\u00f1os de edad, dos adultos por cada 14. Se necesita 1 persona adicional en edad adolescente o mayor si hay de 15 a 28 ni\u00f1os, y as\u00ed sucesivamente.<\/li>\n<\/ul>\n<p>Un ni\u00f1ero no cambiar\u00e1 pa\u00f1ales. Debe llamarse al padre o la madre para realizar esta tarea.<\/p>\n","protected":false},"excerpt":{"rendered":"<p>Estos lineamientos se aplican a todas las ni\u00f1eras, sean pagadas o voluntarias. Los servicios de cuidado de ni\u00f1os est\u00e1n exentos del permiso del Departamento Estatal de Servicios Sociales, ya que dichos servicios se definen como suministrados cuando el padre o la madre (encargado) se encuentra en las instalaciones de la escuela (por ejemplo, ni\u00f1os atendidos [&hellip;]<\/p>\n","protected":false},"author":8,"featured_media":0,"parent":3082,"menu_order":0,"comment_status":"closed","ping_status":"closed","template":"","meta":{"footnotes":""},"class_list":["post-3130","page","type-page","status-publish","hentry","entry"],"_links":{"self":[{"href":"https:\/\/toolkit.capta.org\/es\/wp-json\/wp\/v2\/pages\/3130","targetHints":{"allow":["GET"]}}],"collection":[{"href":"https:\/\/toolkit.capta.org\/es\/wp-json\/wp\/v2\/pages"}],"about":[{"href":"https:\/\/toolkit.capta.org\/es\/wp-json\/wp\/v2\/types\/page"}],"author":[{"embeddable":true,"href":"https:\/\/toolkit.capta.org\/es\/wp-json\/wp\/v2\/users\/8"}],"replies":[{"embeddable":true,"href":"https:\/\/toolkit.capta.org\/es\/wp-json\/wp\/v2\/comments?post=3130"}],"version-history":[{"count":3,"href":"https:\/\/toolkit.capta.org\/es\/wp-json\/wp\/v2\/pages\/3130\/revisions"}],"predecessor-version":[{"id":11229,"href":"https:\/\/toolkit.capta.org\/es\/wp-json\/wp\/v2\/pages\/3130\/revisions\/11229"}],"up":[{"embeddable":true,"href":"https:\/\/toolkit.capta.org\/es\/wp-json\/wp\/v2\/pages\/3082"}],"wp:attachment":[{"href":"https:\/\/toolkit.capta.org\/es\/wp-json\/wp\/v2\/media?parent=3130"}],"curies":[{"name":"wp","href":"https:\/\/api.w.org\/{rel}","templated":true}]}}