{"id":3132,"date":"2013-11-12T14:55:03","date_gmt":"2013-11-12T22:55:03","guid":{"rendered":"http:\/\/toolkit.capta.org\/finance\/policies-and-procedures\/handling-requests-for-relief-assistance\/"},"modified":"2020-07-22T13:53:11","modified_gmt":"2020-07-22T20:53:11","slug":"handling-requests-for-relief-assistance","status":"publish","type":"page","link":"https:\/\/toolkit.capta.org\/es\/finance\/policies-and-procedures\/handling-requests-for-relief-assistance\/","title":{"rendered":"C\u00f3mo atender solicitudes de socorro"},"content":{"rendered":"<p>A menudo, las PTA reciben solicitudes de ayuda para coordinar actividades de socorro ante un desastre o tragedia personal de una comunidad. Aunque la PTA puede parecer una asociaci\u00f3n l\u00f3gica para proveer esta coordinaci\u00f3n, vale aclarar que las PTA tienen prohibido entregar obsequios personales o recaudar y entregar fondos a una familia o persona determinada. El EIN de una PTA tampoco puede usarse para abrir o mantener una cuenta bancaria para el beneficio de familias o personas. El IRS puede imponer multas en caso de incumplimiento de estas regulaciones.<\/p>\n<p>Las unidades, consejos y distritos de la PTA pueden participar en actividades comunitarias de socorro al entregar donativos monetarios a una entidad reconocida por el IRS como una organizaci\u00f3n 501(c)(3). Organizaciones como la Cruz Roja Americana, el Ej\u00e9rcito de Salvaci\u00f3n y United Way reciben donaciones para esfuerzos de socorro y estos fondos se aplican a una clase amplia de beneficiarios. En algunos casos, estas organizaciones no pueden aceptar fondos para una familia o persona espec\u00edfica.<\/p>\n<p>A fin de donar fondos de la PTA, se deben seguir ciertos procedimientos financieros. Los miembros son los encargados de aprobar o ratificar la donaci\u00f3n a otra organizaci\u00f3n 501(c)(3). La aprobaci\u00f3n de la donaci\u00f3n debe registrarse en las actas de una reuni\u00f3n de la asociaci\u00f3n.<\/p>\n<p>Las PTA pueden participar en actividades de socorro ante desastres al:<\/p>\n<ul>\n<li>Animar a los miembros a realizar donaciones personales a una organizaci\u00f3n socorrista de su elecci\u00f3n;<\/li>\n<li>Animar a los miembros a trabajar como voluntarios para ofrecer servicios a las v\u00edctimas del desastre;<\/li>\n<li>Dando informaci\u00f3n sobre sitios donde hay campa\u00f1as de donaci\u00f3n de sangre;<\/li>\n<li>Proveer informaci\u00f3n sobre otras campa\u00f1as de socorro de la comunidad;<\/li>\n<\/ul>\n<p>Las PTA pueden participar en campa\u00f1as de ayuda ante una tragedia personal al:<\/p>\n<ul>\n<li>Ubicar otra entidad u organizaci\u00f3n que pueda responsabilizarse por los fondos donados en beneficio de la familia o persona afectada;<\/li>\n<li>Reunirse con otros l\u00edderes de la comunidad para tratar con un banco local el establecimiento de una cuenta especial para recibir fondos donados (no se puede usar el EIN de la PTA para estos fines).<\/li>\n<li>Proporcionar informaci\u00f3n sobre beneficios o esfuerzos de ayuda en la comunidad.<\/li>\n<\/ul>\n","protected":false},"excerpt":{"rendered":"<p>A menudo, las PTA reciben solicitudes de ayuda para coordinar actividades de socorro ante un desastre o tragedia personal de una comunidad. Aunque la PTA puede parecer una asociaci\u00f3n l\u00f3gica para proveer esta coordinaci\u00f3n, vale aclarar que las PTA tienen prohibido entregar obsequios personales o recaudar y entregar fondos a una familia o persona determinada. [&hellip;]<\/p>\n","protected":false},"author":8,"featured_media":0,"parent":3082,"menu_order":0,"comment_status":"closed","ping_status":"closed","template":"","meta":{"footnotes":""},"class_list":["post-3132","page","type-page","status-publish","hentry","entry"],"_links":{"self":[{"href":"https:\/\/toolkit.capta.org\/es\/wp-json\/wp\/v2\/pages\/3132","targetHints":{"allow":["GET"]}}],"collection":[{"href":"https:\/\/toolkit.capta.org\/es\/wp-json\/wp\/v2\/pages"}],"about":[{"href":"https:\/\/toolkit.capta.org\/es\/wp-json\/wp\/v2\/types\/page"}],"author":[{"embeddable":true,"href":"https:\/\/toolkit.capta.org\/es\/wp-json\/wp\/v2\/users\/8"}],"replies":[{"embeddable":true,"href":"https:\/\/toolkit.capta.org\/es\/wp-json\/wp\/v2\/comments?post=3132"}],"version-history":[{"count":1,"href":"https:\/\/toolkit.capta.org\/es\/wp-json\/wp\/v2\/pages\/3132\/revisions"}],"predecessor-version":[{"id":10296,"href":"https:\/\/toolkit.capta.org\/es\/wp-json\/wp\/v2\/pages\/3132\/revisions\/10296"}],"up":[{"embeddable":true,"href":"https:\/\/toolkit.capta.org\/es\/wp-json\/wp\/v2\/pages\/3082"}],"wp:attachment":[{"href":"https:\/\/toolkit.capta.org\/es\/wp-json\/wp\/v2\/media?parent=3132"}],"curies":[{"name":"wp","href":"https:\/\/api.w.org\/{rel}","templated":true}]}}