{"id":3134,"date":"2013-11-12T14:56:07","date_gmt":"2013-11-12T22:56:07","guid":{"rendered":"http:\/\/toolkit.capta.org\/finance\/policies-and-procedures\/school-bond-and-other-ballot-measure-campaigns\/"},"modified":"2015-01-21T15:15:36","modified_gmt":"2015-01-21T23:15:36","slug":"school-bond-and-other-ballot-measure-campaigns","status":"publish","type":"page","link":"https:\/\/toolkit.capta.org\/es\/finance\/policies-and-procedures\/school-bond-and-other-ballot-measure-campaigns\/","title":{"rendered":"El bono escolar y otras campa\u00f1as de medidas en papeletas escolares"},"content":{"rendered":"<p>Una PTA puede gastar parte de sus fondos en asuntos electorales que tienen impacto en la educaci\u00f3n, la salud o el bienestar de la ni\u00f1ez y la juventud (<a href=\"https:\/\/toolkit.capta.org\/es\/advocacy\/election-campaigns\/legal-guidelines-for-campaign-activity\/\">Disposiciones legales para las actividades de campa\u00f1a<\/a>).<\/p>\n<p>Una PTA puede colaborar en la recaudaci\u00f3n de fondos o en la solicitud de donaciones individuales para coaliciones u organizaciones de campa\u00f1a de asuntos electorales, sin informar sobre los montos como ingresos de la PTA, siempre que las donaciones sean estrictamente voluntarias y que los fondos se entreguen directamente a las organizaciones de campa\u00f1a y no que se encaucen a trav\u00e9s de la PTA. Las donaciones no deben hacerse pagaderas a la PTA ni depositarse en cuenta alguna de la PTA.<\/p>\n","protected":false},"excerpt":{"rendered":"<p>Una PTA puede gastar parte de sus fondos en asuntos electorales que tienen impacto en la educaci\u00f3n, la salud o el bienestar de la ni\u00f1ez y la juventud (Disposiciones legales para las actividades de campa\u00f1a). Una PTA puede colaborar en la recaudaci\u00f3n de fondos o en la solicitud de donaciones individuales para coaliciones u organizaciones [&hellip;]<\/p>\n","protected":false},"author":8,"featured_media":0,"parent":3082,"menu_order":0,"comment_status":"closed","ping_status":"closed","template":"","meta":{"footnotes":""},"class_list":["post-3134","page","type-page","status-publish","hentry","entry"],"_links":{"self":[{"href":"https:\/\/toolkit.capta.org\/es\/wp-json\/wp\/v2\/pages\/3134","targetHints":{"allow":["GET"]}}],"collection":[{"href":"https:\/\/toolkit.capta.org\/es\/wp-json\/wp\/v2\/pages"}],"about":[{"href":"https:\/\/toolkit.capta.org\/es\/wp-json\/wp\/v2\/types\/page"}],"author":[{"embeddable":true,"href":"https:\/\/toolkit.capta.org\/es\/wp-json\/wp\/v2\/users\/8"}],"replies":[{"embeddable":true,"href":"https:\/\/toolkit.capta.org\/es\/wp-json\/wp\/v2\/comments?post=3134"}],"version-history":[{"count":0,"href":"https:\/\/toolkit.capta.org\/es\/wp-json\/wp\/v2\/pages\/3134\/revisions"}],"up":[{"embeddable":true,"href":"https:\/\/toolkit.capta.org\/es\/wp-json\/wp\/v2\/pages\/3082"}],"wp:attachment":[{"href":"https:\/\/toolkit.capta.org\/es\/wp-json\/wp\/v2\/media?parent=3134"}],"curies":[{"name":"wp","href":"https:\/\/api.w.org\/{rel}","templated":true}]}}