{"id":3191,"date":"2013-10-28T16:14:16","date_gmt":"2013-10-28T23:14:16","guid":{"rendered":"http:\/\/toolkit.capta.org\/finance\/financial-officers\/treasurer-duties\/"},"modified":"2024-05-22T09:35:48","modified_gmt":"2024-05-22T16:35:48","slug":"treasurer-duties","status":"publish","type":"page","link":"https:\/\/toolkit.capta.org\/es\/finance\/financial-officers\/treasurer-duties\/","title":{"rendered":"Obligaciones del Tesorero"},"content":{"rendered":"<p>Mantener los libros de contabilidad de las cuentas permanentes y registros que sean suficientes para establecer los ingresos brutos, recibos y gasto de la asociaci\u00f3n, incluyendo espec\u00edficamente el n\u00famero de miembros, las cuotas recaudadas de los miembros y la cantidad de cuotas remitidas a trav\u00e9s de los canales apropiados a la PTA del Estado de California. Esos libros de cuenta y registros todo momento razonable estar\u00e1 abierto para inspecci\u00f3n por un representante autorizado de la PTA de California.<\/p>\n<p>Presidir la comisi\u00f3n presupuestaria y preparar el presupuesto para ser aprobado por la asociaci\u00f3n. (<a href=\"https:\/\/toolkit.capta.org\/es\/finance\/budgeting\/developing-the-budget\/\">Desarrollo del presupuesto<\/a>)<\/p>\n<p>Comunicarse con el banco para actualizar todas las tarjetas con los nombres de las personas con autorizaci\u00f3n para firmar en las cuentas corrientes y de ahorros en el archivo del banco inmediatamente despu\u00e9s de asumir el cargo.<\/p>\n<p>Recibir todos los fondos del secretario financiero o de otros voluntarios que hacen el recuento de fondos recibidos. (La persona que entregue el dinero al tesorero deber\u00e1 conservar una copia del Formulario de Verificaci\u00f3n de Dinero en Efectivo firmado por el tesorero).<\/p>\n<p>Depositar todos los fondos inmediatamente a nombre de la asociaci\u00f3n en un banco aprobado por la mesa directiva.<\/p>\n<p>Recibir y conservar una copia de la boleta de dep\u00f3sito para cada uno de los dep\u00f3sitos efectuados.<\/p>\n<p>Pagar todas las facturas autorizadas por la mesa directiva o la asociaci\u00f3n al recibir la autorizaci\u00f3n de pago firmada por el secretario de registro y el presidente.<\/p>\n<p>Verificar que todos los cheques lleven dos firmas autorizadas. Incluyendo el presidente y el tesorero, dos oficiales electos cualesquiera est\u00e1n autorizados a firmar, con excepci\u00f3n del secretario y el rese\u00f1ador financiero. Los firmantes autorizados no deber\u00e1n estar relacionados por sangre no matrimonio ni residan en el mismo hogar. Consultar los estatutos para determinar qui\u00e9n est\u00e1 autorizado en el distrito, consejo o unidad de la PTA.<\/p>\n<p>Mantener los registros de la chequera que muestren todas las transacciones a medida que ocurren, de modo que los saldos de las cuentas que se muestran sean actuales.<\/p>\n<p>Mantener un registro exacto de los ingresos y los gastos en un <b>libro mayor<\/b>, el cual es un registro permanente de la PTA (<a href=\"https:\/\/toolkit.capta.org\/es\/finance\/policies-and-procedures\/records-retention-schedule-and-destruction-policy\/\">Programa de conservaci\u00f3n de registros y norma de destrucci\u00f3n<\/a>).<\/p>\n<p>Conciliar los estados de cuentas bancarias con el libro de contabilidad mensualmente. Asegurar de que los estados de cuentas bancarias y las conciliaciones son revisadas y firmadas mensualmente por una persona que no tenga autorizaci\u00f3n para firmar cheques.<\/p>\n<p>Mantenga a los afiliados informados de los gastos relacionados con el presupuesto aprobado por la asociaci\u00f3n.<\/p>\n<p>Remita mensualmente todas las porciones de las cuotas pertenecientes al consejo, distrito, estado y al directivo financiero del distrito o consejo (<a href=\"https:\/\/toolkit.capta.org\/es\/finance\/reports-and-forms\/unit-remittance-form\/\">Formulario para Remisi\u00f3n de la Unidad<\/a>; <a href=\"https:\/\/toolkit.capta.org\/es\/membership\/membership-basics\/\">Cuota de afiliaci\u00f3n<\/a>, cap\u00edtulo de Afiliaci\u00f3n; Fig. F-7 o cap\u00edtulo de Formularios). Dar atenci\u00f3n al calcular la per c\u00e1pita de membres\u00eda enviada a trav\u00e9s de los canales; una vez presentados, los fondos no son reembolsables y no se acreditar\u00e1 para un a\u00f1o futuro.\u00a0No se hacen remesas por membres\u00edas recibidas a trav\u00e9s del programa de membres\u00eda electr\u00f3nica de la PTA del Estado de California.<\/p>\n<p>Preparar y presentar un Informe del Tesorero (ver <a href=\"https:\/\/toolkit.capta.org\/es\/finance\/reports-and-forms\/treasurers-report\/\">Informe del Tesorero<\/a>; Fig. F-2 o cap\u00edtulo de Formularios) en todas las reuniones de la junta ejecutiva y de la asociaci\u00f3n. El Informe del Tesorero tambi\u00e9n debe ser presentado en otras ocasiones, cuando lo requiera la asociaci\u00f3n.<\/p>\n<p style=\"font-weight: 400;\">Complete todos los formularios de informes necesarios requeridos por la PTA del Estado de California para seguros, presente todas las declaraciones de impuestos y otros formularios requeridos por las agencias gubernamentales (Requisitos de Impuestos) y s\u00fabalos a MyPTEZ.<\/p>\n<p>Presentar un Informe Financiero Anual de fin de a\u00f1o (vea <a href=\"https:\/\/toolkit.capta.org\/es\/finance\/reports-and-forms\/annual-financial-report\/\">Informe Financiero Anual<\/a>, Cap\u00edtulo de Finanzas; Fig. F-6 o Cap\u00edtulo de Formularios) a la asociaci\u00f3n que incluya los ingresos brutos y los gastos del a\u00f1o.<\/p>\n<p>Prepare un reporte comparativo entre el presupuesto y las entradas y gastos reales al menos trimestralmente.<\/p>\n<p style=\"font-weight: 400;\">Suba los presupuestos adoptados, informes financieros anuales, informes de revisi\u00f3n financiera (incluidas las listas de verificaci\u00f3n y recomendaciones de la revisi\u00f3n financiera) y declaraciones de impuestos al sistema de retenci\u00f3n de documentos.<\/p>\n<p>Mantener comunicaci\u00f3n constante y directa con el presidente en cuanto a las finanzas. Notificar a los miembros de la junta sobre la situaci\u00f3n de la tesorer\u00eda y sobre sus presupuestos individuales.<\/p>\n<p>Elaborara un presupuesto para programas propuestos con informaci\u00f3n proporcionada por el directivo del comit\u00e9 de programas.<\/p>\n<p>Enterarse de las fechas de entrega (incluyendo las fechas de los sellos postales estampados) de todas las transacciones financieras.<\/p>\n<p>Asistir a los talleres de finanzas de la convenci\u00f3n de la PTA de California.<\/p>\n<p>Asistir a los talleres y a las capacitaciones del distrito o del consejo de la PTA cuando se programen.<\/p>\n<p>Si la PTA tiene un permiso de correo masivo, verificar que la cuenta se mantenga con fondos.<\/p>\n<p>Ayude al auditor a familiarizarse con el sistema de registros.<\/p>\n<div>\n<div class=\"spotlightbox\">\n<p>Use un <a href=\"http:\/\/downloads.capta.org\/toolkit\/formularios\/LibroMayor.pdf\"><b>libro mayor<\/b><\/a> para llevar el historial de los ingresos y los gastos de la asociaci\u00f3n.<\/p>\n<hr \/>\n<p>Para obtener m\u00e1s informaci\u00f3n sobre las Funciones de Trabajo del Tesorero, consulte el Cap\u00edtulo de Funciones de Trabajo de la Carpeta de Herramientas.<\/p>\n<hr \/>\n<p style=\"font-weight: 400;\">Informe a todos los miembros de la junta la fecha en que se cerrar\u00e1n los libros para la revisi\u00f3n financiera para que puedan entregar todos los gastos pendientes antes de esa fecha.<\/p>\n<\/div>\n<\/div>\n","protected":false},"excerpt":{"rendered":"<p>Mantener los libros de contabilidad de las cuentas permanentes y registros que sean suficientes para establecer los ingresos brutos, recibos y gasto de la asociaci\u00f3n, incluyendo espec\u00edficamente el n\u00famero de miembros, las cuotas recaudadas de los miembros y la cantidad de cuotas remitidas a trav\u00e9s de los canales apropiados a la PTA del Estado de [&hellip;]<\/p>\n","protected":false},"author":8,"featured_media":0,"parent":3117,"menu_order":0,"comment_status":"closed","ping_status":"closed","template":"","meta":{"footnotes":""},"class_list":["post-3191","page","type-page","status-publish","hentry","entry"],"_links":{"self":[{"href":"https:\/\/toolkit.capta.org\/es\/wp-json\/wp\/v2\/pages\/3191","targetHints":{"allow":["GET"]}}],"collection":[{"href":"https:\/\/toolkit.capta.org\/es\/wp-json\/wp\/v2\/pages"}],"about":[{"href":"https:\/\/toolkit.capta.org\/es\/wp-json\/wp\/v2\/types\/page"}],"author":[{"embeddable":true,"href":"https:\/\/toolkit.capta.org\/es\/wp-json\/wp\/v2\/users\/8"}],"replies":[{"embeddable":true,"href":"https:\/\/toolkit.capta.org\/es\/wp-json\/wp\/v2\/comments?post=3191"}],"version-history":[{"count":4,"href":"https:\/\/toolkit.capta.org\/es\/wp-json\/wp\/v2\/pages\/3191\/revisions"}],"predecessor-version":[{"id":11239,"href":"https:\/\/toolkit.capta.org\/es\/wp-json\/wp\/v2\/pages\/3191\/revisions\/11239"}],"up":[{"embeddable":true,"href":"https:\/\/toolkit.capta.org\/es\/wp-json\/wp\/v2\/pages\/3117"}],"wp:attachment":[{"href":"https:\/\/toolkit.capta.org\/es\/wp-json\/wp\/v2\/media?parent=3191"}],"curies":[{"name":"wp","href":"https:\/\/api.w.org\/{rel}","templated":true}]}}