{"id":3195,"date":"2013-10-28T16:01:34","date_gmt":"2013-10-28T23:01:34","guid":{"rendered":"http:\/\/toolkit.capta.org\/finance\/financial-officers\/financial-secretary-duties\/"},"modified":"2020-07-23T14:16:48","modified_gmt":"2020-07-23T21:16:48","slug":"financial-secretary-duties","status":"publish","type":"page","link":"https:\/\/toolkit.capta.org\/es\/finance\/financial-officers\/financial-secretary-duties\/","title":{"rendered":"Obligaciones del Secretario de Finanzas"},"content":{"rendered":"<p>Cuando no hay secretario de Finanzas, estas obligaciones pueden asignarse al tesorero u otro directivo.<\/p>\n<p>Entregar un recibo por todos los fondos recibidos para la asociaci\u00f3n y remitirlos de inmediato al tesorero o depositarlos inmediatamente en un banco aprobado por la junta ejecutiva. Entregar al tesorero una copia de la boleta de dep\u00f3sito para los registros de la asociaci\u00f3n.<\/p>\n<p>Mantener un registro exacto de todos los recibos y autorizaciones de pago para los registros financieros del tesorero.<\/p>\n<p>Preparar todas las autorizaciones de pago seg\u00fan sean aprobadas por la junta ejecutiva o por la asociaci\u00f3n (si los estatutos lo requieren).<\/p>\n<p>Preparar y presentar un <a href=\"http:\/\/downloads.capta.org\/toolkit\/formularios\/InformeDelSecretarioFinanciero.pdf\">Informe del secretario financiero (muestra)<\/a> en las reuniones de la asociaci\u00f3n o de la junta ejecutiva, y en otras ocasiones si as\u00ed lo requiere la asociaci\u00f3n. El informe debe incluir un registro preciso de todos los ingresos, dep\u00f3sitos y autorizaciones de pago.<\/p>\n<p>Notificar al tesorero sobre todos los fondos depositados. Estos totales deber\u00e1n ser incluidos en el Informe Financiero Anual de la asociaci\u00f3n.<\/p>\n<p>Realizar otras tareas semejantes que sean delegadas al secretario financiero por parte del presidente o del tesorero.<\/p>\n<p>Asistir a los talleres de finanzas de la convenci\u00f3n de la PTA de California.<\/p>\n<p>Asistir a los talleres y capacitaciones del distrito o el consejo de la PTA cuando se programen.<\/p>\n<div>\n<div class=\"spotlightbox\">\n<p><strong>Para obtener m\u00e1s informaci\u00f3n sobre las Funciones del Secretario Financiero o del Auditor, consulte el Cap\u00edtulo de Funciones de Trabajo de la Carpeta de Herramientas.<\/strong><\/p>\n<\/div>\n<\/div>\n","protected":false},"excerpt":{"rendered":"<p>Cuando no hay secretario de Finanzas, estas obligaciones pueden asignarse al tesorero u otro directivo. Entregar un recibo por todos los fondos recibidos para la asociaci\u00f3n y remitirlos de inmediato al tesorero o depositarlos inmediatamente en un banco aprobado por la junta ejecutiva. Entregar al tesorero una copia de la boleta de dep\u00f3sito para los [&hellip;]<\/p>\n","protected":false},"author":8,"featured_media":0,"parent":3117,"menu_order":0,"comment_status":"closed","ping_status":"closed","template":"","meta":{"footnotes":""},"class_list":["post-3195","page","type-page","status-publish","hentry","entry"],"_links":{"self":[{"href":"https:\/\/toolkit.capta.org\/es\/wp-json\/wp\/v2\/pages\/3195","targetHints":{"allow":["GET"]}}],"collection":[{"href":"https:\/\/toolkit.capta.org\/es\/wp-json\/wp\/v2\/pages"}],"about":[{"href":"https:\/\/toolkit.capta.org\/es\/wp-json\/wp\/v2\/types\/page"}],"author":[{"embeddable":true,"href":"https:\/\/toolkit.capta.org\/es\/wp-json\/wp\/v2\/users\/8"}],"replies":[{"embeddable":true,"href":"https:\/\/toolkit.capta.org\/es\/wp-json\/wp\/v2\/comments?post=3195"}],"version-history":[{"count":1,"href":"https:\/\/toolkit.capta.org\/es\/wp-json\/wp\/v2\/pages\/3195\/revisions"}],"predecessor-version":[{"id":10301,"href":"https:\/\/toolkit.capta.org\/es\/wp-json\/wp\/v2\/pages\/3195\/revisions\/10301"}],"up":[{"embeddable":true,"href":"https:\/\/toolkit.capta.org\/es\/wp-json\/wp\/v2\/pages\/3117"}],"wp:attachment":[{"href":"https:\/\/toolkit.capta.org\/es\/wp-json\/wp\/v2\/media?parent=3195"}],"curies":[{"name":"wp","href":"https:\/\/api.w.org\/{rel}","templated":true}]}}