{"id":3199,"date":"2013-10-28T15:55:54","date_gmt":"2013-10-28T22:55:54","guid":{"rendered":"http:\/\/toolkit.capta.org\/finance\/financial-officers\/auditor-duties\/"},"modified":"2024-03-28T10:19:42","modified_gmt":"2024-03-28T17:19:42","slug":"financial-reviewer-duties","status":"publish","type":"page","link":"https:\/\/toolkit.capta.org\/es\/finance\/financial-officers\/financial-reviewer-duties\/","title":{"rendered":"Deberes del Rese\u00f1ador Financiero"},"content":{"rendered":"<p>Revisar financieramente los libros y registros financieros de la asociaci\u00f3n semestralmente o seg\u00fan lo especificado adicionalmente en los estatutos.<\/p>\n<p>Asegurarse de que la revisi\u00f3n financiera completa se presente a un comit\u00e9 de revisi\u00f3n financiera, si es necesario.<\/p>\n<p>Preparar y presentar los informes escritos para su adopci\u00f3n por la asociaci\u00f3n.<\/p>\n<p>El rese\u00f1ador financiero que se va es responsable de realizar la revisi\u00f3n financiera al final del mandato. La PTA del Estado de California recomienda que si la revisi\u00f3n financiera no se completa dentro de las dos (2) semanas posteriores a la finalizaci\u00f3n del mandato, el presidente puede nombrar a un comit\u00e9 para revisar los libros de inmediato. El mismo plazo deber\u00e1 seguirse para la revisi\u00f3n financiera semestral.<\/p>\n<p>Revisar financieramente los libros ante la renuncia del tesorero, secretario financiero o de cualquier autorizada a firmar cheques, o en cualquier momento que se considere necesario.<\/p>\n<p>Revisar y firmar los estados de cuentas bancarias y conciliaciones mensualmente. (Estas tareas pueden asignarse a cualquier otro oficial que no tenga autorizaci\u00f3n para firmar cheques).<\/p>\n<p>Trabaje con el tesorero para entender el sistema de registros.<\/p>\n","protected":false},"excerpt":{"rendered":"<p>Revisar financieramente los libros y registros financieros de la asociaci\u00f3n semestralmente o seg\u00fan lo especificado adicionalmente en los estatutos. Asegurarse de que la revisi\u00f3n financiera completa se presente a un comit\u00e9 de revisi\u00f3n financiera, si es necesario. Preparar y presentar los informes escritos para su adopci\u00f3n por la asociaci\u00f3n. El rese\u00f1ador financiero que se va [&hellip;]<\/p>\n","protected":false},"author":8,"featured_media":0,"parent":3117,"menu_order":0,"comment_status":"closed","ping_status":"closed","template":"","meta":{"footnotes":""},"class_list":["post-3199","page","type-page","status-publish","hentry","entry"],"_links":{"self":[{"href":"https:\/\/toolkit.capta.org\/es\/wp-json\/wp\/v2\/pages\/3199","targetHints":{"allow":["GET"]}}],"collection":[{"href":"https:\/\/toolkit.capta.org\/es\/wp-json\/wp\/v2\/pages"}],"about":[{"href":"https:\/\/toolkit.capta.org\/es\/wp-json\/wp\/v2\/types\/page"}],"author":[{"embeddable":true,"href":"https:\/\/toolkit.capta.org\/es\/wp-json\/wp\/v2\/users\/8"}],"replies":[{"embeddable":true,"href":"https:\/\/toolkit.capta.org\/es\/wp-json\/wp\/v2\/comments?post=3199"}],"version-history":[{"count":3,"href":"https:\/\/toolkit.capta.org\/es\/wp-json\/wp\/v2\/pages\/3199\/revisions"}],"predecessor-version":[{"id":11208,"href":"https:\/\/toolkit.capta.org\/es\/wp-json\/wp\/v2\/pages\/3199\/revisions\/11208"}],"up":[{"embeddable":true,"href":"https:\/\/toolkit.capta.org\/es\/wp-json\/wp\/v2\/pages\/3117"}],"wp:attachment":[{"href":"https:\/\/toolkit.capta.org\/es\/wp-json\/wp\/v2\/media?parent=3199"}],"curies":[{"name":"wp","href":"https:\/\/api.w.org\/{rel}","templated":true}]}}