{"id":3202,"date":"2013-10-28T16:02:31","date_gmt":"2013-10-28T23:02:31","guid":{"rendered":"http:\/\/toolkit.capta.org\/finance\/financial-officers\/president-financial-duties\/"},"modified":"2023-07-27T10:45:17","modified_gmt":"2023-07-27T17:45:17","slug":"president-financial-duties","status":"publish","type":"page","link":"https:\/\/toolkit.capta.org\/es\/finance\/financial-officers\/president-financial-duties\/","title":{"rendered":"Obligaciones Financiarias del Presidente"},"content":{"rendered":"<p>Firmar todas las autorizaciones de pago y puede firmar cheques tal como lo apruebe la junta ejecutiva o la asociaci\u00f3n.<\/p>\n<p>Recordar a oficiales de sus deberes financieros seg\u00fan sea necesario.<\/p>\n<p>P\u00f3ngase en contacto con la PTA de consejo (si est\u00e1 en consejo) o de distrito si necesita respuestas a cualquier pregunta o necesita ayuda y cuando no se siguen los procedimientos.<\/p>\n<p>Coordinar con el tesorero para cambiar las tarjetas de firma banco seg\u00fan sea necesario.<\/p>\n<p>Nombrar un comit\u00e9 de presupuesto a la elecci\u00f3n de la junta. El presidente debe ser miembro del comit\u00e9 de presupuesto.<\/p>\n<p>Dar a los funcionarios de finanzas todos los materiales relativas a los procedimientos financieros y las fechas de vencimiento, tal como se han recibido de las PTA de consejo (si est\u00e1 en consejo), de distrito del estado y nacional.<\/p>\n<p>Alentar a los directivos a asistir a los talleres y conferencias impartidas por las PTA de consejo, distrito o la PTA de California.<\/p>\n<p>Tener todos los contratos y\/o documentos jur\u00eddicamente vinculantes aprobados por la junta ejecutiva y la asociaci\u00f3n antes de firmarlos con otro funcionario electo.<\/p>\n<p>Notificar al tesorero del importe de la prima del seguro debida.<\/p>\n<p>Incluir las fechas de vencimiento financieras en el calendario de la asociaci\u00f3n.<\/p>\n","protected":false},"excerpt":{"rendered":"<p>Firmar todas las autorizaciones de pago y puede firmar cheques tal como lo apruebe la junta ejecutiva o la asociaci\u00f3n. Recordar a oficiales de sus deberes financieros seg\u00fan sea necesario. P\u00f3ngase en contacto con la PTA de consejo (si est\u00e1 en consejo) o de distrito si necesita respuestas a cualquier pregunta o necesita ayuda y [&hellip;]<\/p>\n","protected":false},"author":8,"featured_media":0,"parent":3117,"menu_order":0,"comment_status":"closed","ping_status":"closed","template":"","meta":{"footnotes":""},"class_list":["post-3202","page","type-page","status-publish","hentry","entry"],"_links":{"self":[{"href":"https:\/\/toolkit.capta.org\/es\/wp-json\/wp\/v2\/pages\/3202","targetHints":{"allow":["GET"]}}],"collection":[{"href":"https:\/\/toolkit.capta.org\/es\/wp-json\/wp\/v2\/pages"}],"about":[{"href":"https:\/\/toolkit.capta.org\/es\/wp-json\/wp\/v2\/types\/page"}],"author":[{"embeddable":true,"href":"https:\/\/toolkit.capta.org\/es\/wp-json\/wp\/v2\/users\/8"}],"replies":[{"embeddable":true,"href":"https:\/\/toolkit.capta.org\/es\/wp-json\/wp\/v2\/comments?post=3202"}],"version-history":[{"count":1,"href":"https:\/\/toolkit.capta.org\/es\/wp-json\/wp\/v2\/pages\/3202\/revisions"}],"predecessor-version":[{"id":11092,"href":"https:\/\/toolkit.capta.org\/es\/wp-json\/wp\/v2\/pages\/3202\/revisions\/11092"}],"up":[{"embeddable":true,"href":"https:\/\/toolkit.capta.org\/es\/wp-json\/wp\/v2\/pages\/3117"}],"wp:attachment":[{"href":"https:\/\/toolkit.capta.org\/es\/wp-json\/wp\/v2\/media?parent=3202"}],"curies":[{"name":"wp","href":"https:\/\/api.w.org\/{rel}","templated":true}]}}