{"id":3209,"date":"2013-10-28T16:15:50","date_gmt":"2013-10-28T23:15:50","guid":{"rendered":"http:\/\/toolkit.capta.org\/finance\/financial-officers\/vice-presidentchairman-financial-duties\/"},"modified":"2015-01-21T16:30:34","modified_gmt":"2015-01-22T00:30:34","slug":"vice-presidentchairman-financial-duties","status":"publish","type":"page","link":"https:\/\/toolkit.capta.org\/es\/finance\/financial-officers\/vice-presidentchairman-financial-duties\/","title":{"rendered":"Obligaciones financieras del vicepresidente\/jefe"},"content":{"rendered":"<p>Reunirse con el comit\u00e9 para desarrollar el plan de trabajo que apoye las metas de la PTA prop\u00f3sitos y los prop\u00f3sitos fines sin \u00e1nimo de lucro y cumplir con los requisitos de seguro.<\/p>\n<p>Presentar el plan de trabajo del comit\u00e9 a la junta ejecutiva para su aprobaci\u00f3n.<\/p>\n<p>Solicitar la liberaci\u00f3n de fondos antes de implementar planes o gastar fondos de la PTA.<\/p>\n<p>Trabajar con el presidente para que todos los contratos y documentos jur\u00eddicamente vinculantes sean aprobados por la junta ejecutiva y asociaci\u00f3n antes de ser firmados por el presidente y otro directivo electo legalmente. (v\u00e9ase <a href=\"https:\/\/toolkit.capta.org\/es\/finance\/policies-and-procedures\/contracts\/\">Contratos<\/a>).<\/p>\n<p>Seguir todos los procedimientos financieros de la PTA (ver <a href=\"https:\/\/toolkit.capta.org\/es\/finance\/policies-and-procedures\/hold-harmless-agreements\/\">Cl\u00e1usula de exenci\u00f3n de la responsabilidad<\/a>, <a href=\"https:\/\/toolkit.capta.org\/es\/finance\/budgeting\/\">El presupuesto,<\/a> <a href=\"https:\/\/toolkit.capta.org\/es\/finance\/fundraising\/\">Recaudaci\u00f3n de fondos<\/a>, <a href=\"https:\/\/toolkit.capta.org\/es\/finance\/banking\/income\/\">Ingresos<\/a>, <a href=\"https:\/\/toolkit.capta.org\/es\/finance\/banking\/expenditures\/\">Gastos,<\/a> <a href=\"https:\/\/toolkit.capta.org\/es\/finance\/programs-at-schools\/\">Programas en la escuela<\/a>).<\/p>\n<p>Vigilar los gastos para garantizar que no excedan los montos autorizados.<\/p>\n<p>Preparar el informe del comit\u00e9 para cada actividad que incluya ingresos, gastos y horas de voluntariado.<\/p>\n","protected":false},"excerpt":{"rendered":"<p>Reunirse con el comit\u00e9 para desarrollar el plan de trabajo que apoye las metas de la PTA prop\u00f3sitos y los prop\u00f3sitos fines sin \u00e1nimo de lucro y cumplir con los requisitos de seguro. Presentar el plan de trabajo del comit\u00e9 a la junta ejecutiva para su aprobaci\u00f3n. Solicitar la liberaci\u00f3n de fondos antes de implementar [&hellip;]<\/p>\n","protected":false},"author":8,"featured_media":0,"parent":3117,"menu_order":0,"comment_status":"closed","ping_status":"closed","template":"","meta":{"footnotes":""},"class_list":["post-3209","page","type-page","status-publish","hentry","entry"],"_links":{"self":[{"href":"https:\/\/toolkit.capta.org\/es\/wp-json\/wp\/v2\/pages\/3209","targetHints":{"allow":["GET"]}}],"collection":[{"href":"https:\/\/toolkit.capta.org\/es\/wp-json\/wp\/v2\/pages"}],"about":[{"href":"https:\/\/toolkit.capta.org\/es\/wp-json\/wp\/v2\/types\/page"}],"author":[{"embeddable":true,"href":"https:\/\/toolkit.capta.org\/es\/wp-json\/wp\/v2\/users\/8"}],"replies":[{"embeddable":true,"href":"https:\/\/toolkit.capta.org\/es\/wp-json\/wp\/v2\/comments?post=3209"}],"version-history":[{"count":0,"href":"https:\/\/toolkit.capta.org\/es\/wp-json\/wp\/v2\/pages\/3209\/revisions"}],"up":[{"embeddable":true,"href":"https:\/\/toolkit.capta.org\/es\/wp-json\/wp\/v2\/pages\/3117"}],"wp:attachment":[{"href":"https:\/\/toolkit.capta.org\/es\/wp-json\/wp\/v2\/media?parent=3209"}],"curies":[{"name":"wp","href":"https:\/\/api.w.org\/{rel}","templated":true}]}}