{"id":3213,"date":"2013-10-28T15:58:36","date_gmt":"2013-10-28T22:58:36","guid":{"rendered":"http:\/\/toolkit.capta.org\/finance\/financial-officers\/financial-officer-transition\/"},"modified":"2024-03-27T15:10:23","modified_gmt":"2024-03-27T22:10:23","slug":"financial-officer-transition","status":"publish","type":"page","link":"https:\/\/toolkit.capta.org\/es\/finance\/financial-officers\/financial-officer-transition\/","title":{"rendered":"Funcionarios financieros que dejan el cargo"},"content":{"rendered":"<p>Los registros financieros deben ponerse en orden para el proceso de revisi\u00f3n financiera poco antes de que finalice el mandato. La revisi\u00f3n financiera debe completarse lo m\u00e1s r\u00e1pido posible. El tesorero que va a salir no puede pagar facturas despu\u00e9s de que los libros est\u00e9n cerrados para que se haga la revisi\u00f3n financiera o despu\u00e9s de que finalice el mandato. Al asumir el cargo, el tesorero nuevo puede depositar fondos en la cuenta bancaria de la PTA y pagar las solicitudes autorizadas de facturas de reembolso seg\u00fan sea necesario, pero debe evitar pagar nuevas facturas si es posible hasta que se complete la revisi\u00f3n.<\/p>\n<p>El tesorero que va a salir es responsable de preparar el Informe Financiero Anual, garantizar que se presenten todos los formularios de impuestos, subir los informes financieros y declaraciones de impuestos al sistema de retenci\u00f3n de documentos, preparar un Informe del Tesorero desde la \u00faltima reuni\u00f3n de la asociaci\u00f3n hasta el final del mandato y compilar una lista de pagos realizados entre el 1\u00ba \u00a0de enero y el 30 de junio que est\u00e1n sujetos al 1099 y al informe de Compensaci\u00f3n de Trabajadores.<\/p>\n","protected":false},"excerpt":{"rendered":"<p>Los registros financieros deben ponerse en orden para el proceso de revisi\u00f3n financiera poco antes de que finalice el mandato. La revisi\u00f3n financiera debe completarse lo m\u00e1s r\u00e1pido posible. El tesorero que va a salir no puede pagar facturas despu\u00e9s de que los libros est\u00e9n cerrados para que se haga la revisi\u00f3n financiera o despu\u00e9s [&hellip;]<\/p>\n","protected":false},"author":8,"featured_media":0,"parent":3117,"menu_order":0,"comment_status":"closed","ping_status":"closed","template":"","meta":{"footnotes":""},"class_list":["post-3213","page","type-page","status-publish","hentry","entry"],"_links":{"self":[{"href":"https:\/\/toolkit.capta.org\/es\/wp-json\/wp\/v2\/pages\/3213","targetHints":{"allow":["GET"]}}],"collection":[{"href":"https:\/\/toolkit.capta.org\/es\/wp-json\/wp\/v2\/pages"}],"about":[{"href":"https:\/\/toolkit.capta.org\/es\/wp-json\/wp\/v2\/types\/page"}],"author":[{"embeddable":true,"href":"https:\/\/toolkit.capta.org\/es\/wp-json\/wp\/v2\/users\/8"}],"replies":[{"embeddable":true,"href":"https:\/\/toolkit.capta.org\/es\/wp-json\/wp\/v2\/comments?post=3213"}],"version-history":[{"count":3,"href":"https:\/\/toolkit.capta.org\/es\/wp-json\/wp\/v2\/pages\/3213\/revisions"}],"predecessor-version":[{"id":11198,"href":"https:\/\/toolkit.capta.org\/es\/wp-json\/wp\/v2\/pages\/3213\/revisions\/11198"}],"up":[{"embeddable":true,"href":"https:\/\/toolkit.capta.org\/es\/wp-json\/wp\/v2\/pages\/3117"}],"wp:attachment":[{"href":"https:\/\/toolkit.capta.org\/es\/wp-json\/wp\/v2\/media?parent=3213"}],"curies":[{"name":"wp","href":"https:\/\/api.w.org\/{rel}","templated":true}]}}