{"id":3218,"date":"2013-10-29T16:22:11","date_gmt":"2013-10-29T23:22:11","guid":{"rendered":"http:\/\/toolkit.capta.org\/finance\/reports-and-forms\/"},"modified":"2024-07-10T15:09:22","modified_gmt":"2024-07-10T22:09:22","slug":"reports-and-forms","status":"publish","type":"page","link":"https:\/\/toolkit.capta.org\/es\/finance\/reports-and-forms\/","title":{"rendered":"Registros, Reportes y Formularios"},"content":{"rendered":"<p><a href=\"https:\/\/toolkit.capta.org\/es\/finance\/reports-and-forms\/contents-of-the-treasurers-records\/\">Contenido de los Registros de Tesorer\u00eda<\/a><br \/>\n<a href=\"https:\/\/toolkit.capta.org\/es\/finance\/reports-and-forms\/computer-generated-financial-records\/\">Registros financieros realizados por computadora<\/a><br \/>\n<a href=\"https:\/\/toolkit.capta.org\/es\/finance\/reports-and-forms\/guidelines-for-computer-use\/\">Disposiciones para el uso de la computadora<br \/>\n<\/a><a href=\"https:\/\/toolkit.capta.org\/es\/finance\/reports-and-forms\/budget\/\">El presupuesto<\/a><br \/>\n<a href=\"https:\/\/toolkit.capta.org\/es\/finance\/reports-and-forms\/treasurers-report\/\">Informe del tesorero<\/a><br \/>\n<a href=\"https:\/\/toolkit.capta.org\/es\/finance\/reports-and-forms\/financial-secretarys-report\/\">Informe del secretario financiero<\/a><br \/>\n<a href=\"https:\/\/toolkit.capta.org\/es\/finance\/reports-and-forms\/informe-del-resenador-financiero\/\">Informe del rese\u00f1ador financiero<\/a><br \/>\n<a href=\"https:\/\/toolkit.capta.org\/es\/finance\/reports-and-forms\/annual-financial-report\/\">Informe financiero anual<\/a><br \/>\n<a href=\"https:\/\/toolkit.capta.org\/es\/finance\/reports-and-forms\/unit-remittance-form\/\">Formulario para remisi\u00f3n de la unidad<\/a><br \/>\n<a href=\"https:\/\/toolkit.capta.org\/es\/finance\/reports-and-forms\/cash-verification-form\/\">Formulario de verificaci\u00f3n de efectivo<\/a><br \/>\n<a href=\"https:\/\/toolkit.capta.org\/es\/finance\/reports-and-forms\/payment-authorizationrequest-for-reimbursement-form\/\">Solicitud de autorizaci\u00f3n de pago\/reembolso<\/a><br \/>\n<a href=\"https:\/\/toolkit.capta.org\/es\/finance\/reports-and-forms\/workers-compensation-annual-payroll-report\/\">Informe de nomina anual de compensaci\u00f3n de los trabajadores<\/a><\/p>\n","protected":false},"excerpt":{"rendered":"<p>Contenido de los Registros de Tesorer\u00eda Registros financieros realizados por computadora Disposiciones para el uso de la computadora El presupuesto Informe del tesorero Informe del secretario financiero Informe del rese\u00f1ador financiero Informe financiero anual Formulario para remisi\u00f3n de la unidad Formulario de verificaci\u00f3n de efectivo Solicitud de autorizaci\u00f3n de pago\/reembolso Informe de nomina anual de [&hellip;]<\/p>\n","protected":false},"author":8,"featured_media":0,"parent":3057,"menu_order":0,"comment_status":"closed","ping_status":"closed","template":"","meta":{"footnotes":""},"class_list":["post-3218","page","type-page","status-publish","hentry","entry"],"_links":{"self":[{"href":"https:\/\/toolkit.capta.org\/es\/wp-json\/wp\/v2\/pages\/3218","targetHints":{"allow":["GET"]}}],"collection":[{"href":"https:\/\/toolkit.capta.org\/es\/wp-json\/wp\/v2\/pages"}],"about":[{"href":"https:\/\/toolkit.capta.org\/es\/wp-json\/wp\/v2\/types\/page"}],"author":[{"embeddable":true,"href":"https:\/\/toolkit.capta.org\/es\/wp-json\/wp\/v2\/users\/8"}],"replies":[{"embeddable":true,"href":"https:\/\/toolkit.capta.org\/es\/wp-json\/wp\/v2\/comments?post=3218"}],"version-history":[{"count":3,"href":"https:\/\/toolkit.capta.org\/es\/wp-json\/wp\/v2\/pages\/3218\/revisions"}],"predecessor-version":[{"id":11338,"href":"https:\/\/toolkit.capta.org\/es\/wp-json\/wp\/v2\/pages\/3218\/revisions\/11338"}],"up":[{"embeddable":true,"href":"https:\/\/toolkit.capta.org\/es\/wp-json\/wp\/v2\/pages\/3057"}],"wp:attachment":[{"href":"https:\/\/toolkit.capta.org\/es\/wp-json\/wp\/v2\/media?parent=3218"}],"curies":[{"name":"wp","href":"https:\/\/api.w.org\/{rel}","templated":true}]}}