{"id":3241,"date":"2013-11-12T15:14:42","date_gmt":"2013-11-12T23:14:42","guid":{"rendered":"http:\/\/toolkit.capta.org\/finance\/reports-and-forms\/budget\/"},"modified":"2017-10-30T15:27:11","modified_gmt":"2017-10-30T22:27:11","slug":"budget","status":"publish","type":"page","link":"https:\/\/toolkit.capta.org\/es\/finance\/reports-and-forms\/budget\/","title":{"rendered":"El presupuesto"},"content":{"rendered":"<p>El presupuesto es una representaci\u00f3n financiera de los objetivos, las actividades y operaciones que una PTA espera llevar a cabo durante un per\u00edodo espec\u00edfico. El presupuesto calcula ingresos y gastos para el a\u00f1o y debe presentarse a la asociaci\u00f3n para su aprobaci\u00f3n y debe constar en el acta de asociaci\u00f3n. El presupuesto debe coincidir con la duraci\u00f3n del mandato, que normalmente es tambi\u00e9n el a\u00f1o fiscal de la asociaci\u00f3n. (Ver <a title=\"Budgeting\/es\" href=\"https:\/\/toolkit.capta.org\/es\/finance\/budgeting\/\">Presupuestaci\u00f3n<\/a> y <a title=\"Fundraising\/es\" href=\"https:\/\/toolkit.capta.org\/es\/finance\/fundraising\/\">Recaudaci\u00f3n de fondos<\/a>).<\/p>\n<p>Ver el <a title=\"Budget Sample\/es\" href=\"http:\/\/downloads.capta.org\/toolkit\/formularios\/PresupuestoDeLaPTA.pdf\" target=\"_blank\" rel=\"noopener\">Presupuesto<\/a> (Muestra).<span id=\"view-post-btn\"><a class=\"button button-small\" href=\"https:\/\/toolkit.capta.org\/es\/finance\/reports-and-forms\/budget\/\"><br \/>\n<\/a><\/span><\/p>\n","protected":false},"excerpt":{"rendered":"<p>El presupuesto es una representaci\u00f3n financiera de los objetivos, las actividades y operaciones que una PTA espera llevar a cabo durante un per\u00edodo espec\u00edfico. El presupuesto calcula ingresos y gastos para el a\u00f1o y debe presentarse a la asociaci\u00f3n para su aprobaci\u00f3n y debe constar en el acta de asociaci\u00f3n. El presupuesto debe coincidir con [&hellip;]<\/p>\n","protected":false},"author":8,"featured_media":0,"parent":3218,"menu_order":0,"comment_status":"closed","ping_status":"closed","template":"","meta":{"footnotes":""},"class_list":["post-3241","page","type-page","status-publish","hentry","entry"],"_links":{"self":[{"href":"https:\/\/toolkit.capta.org\/es\/wp-json\/wp\/v2\/pages\/3241","targetHints":{"allow":["GET"]}}],"collection":[{"href":"https:\/\/toolkit.capta.org\/es\/wp-json\/wp\/v2\/pages"}],"about":[{"href":"https:\/\/toolkit.capta.org\/es\/wp-json\/wp\/v2\/types\/page"}],"author":[{"embeddable":true,"href":"https:\/\/toolkit.capta.org\/es\/wp-json\/wp\/v2\/users\/8"}],"replies":[{"embeddable":true,"href":"https:\/\/toolkit.capta.org\/es\/wp-json\/wp\/v2\/comments?post=3241"}],"version-history":[{"count":1,"href":"https:\/\/toolkit.capta.org\/es\/wp-json\/wp\/v2\/pages\/3241\/revisions"}],"predecessor-version":[{"id":8981,"href":"https:\/\/toolkit.capta.org\/es\/wp-json\/wp\/v2\/pages\/3241\/revisions\/8981"}],"up":[{"embeddable":true,"href":"https:\/\/toolkit.capta.org\/es\/wp-json\/wp\/v2\/pages\/3218"}],"wp:attachment":[{"href":"https:\/\/toolkit.capta.org\/es\/wp-json\/wp\/v2\/media?parent=3241"}],"curies":[{"name":"wp","href":"https:\/\/api.w.org\/{rel}","templated":true}]}}