{"id":3245,"date":"2013-10-29T17:09:51","date_gmt":"2013-10-30T00:09:51","guid":{"rendered":"http:\/\/toolkit.capta.org\/finance\/reports-and-forms\/treasurers-report\/"},"modified":"2020-08-03T11:16:21","modified_gmt":"2020-08-03T18:16:21","slug":"treasurers-report","status":"publish","type":"page","link":"https:\/\/toolkit.capta.org\/es\/finance\/reports-and-forms\/treasurers-report\/","title":{"rendered":"Informe del tesorero"},"content":{"rendered":"<p>El informe mensual para cada cuenta bancaria debe incluir:<\/p>\n<ul>\n<li>Saldos al comienzo y al final del per\u00edodo cubierto;<\/li>\n<li>Montos acreditados al fondo general y a cualquier fondo especial, separados por ingresos de PTA que pertenecen a la asociaci\u00f3n e ingresos de PTA que NO pertenecen a la asociaci\u00f3n;<\/li>\n<li>Ingresos y gastos con un informe escrito detallado, separados por gastos de PTA que pertenecen a la asociaci\u00f3n y gastos de PTA que NO pertenecen a la asociaci\u00f3n;<\/li>\n<li>El informe debe ser expuesto y\/o distribuido. Las copias del informe deber\u00e1n ser entregadas al presidente y al secretario. La informaci\u00f3n proporcionada debe incluirse en las actas o adjuntarse a las acta.<\/li>\n<\/ul>\n<p>Se crean informes del tesorero en dos grupos distintos: uno que cubre los per\u00edodos entre reuni\u00f3n de asociaci\u00f3n y reuni\u00f3n de asociaci\u00f3n y otra que abarca el per\u00edodo entre reuni\u00f3n de la junta ejecutiva y reuni\u00f3n de junta ejecutiva. La fecha de finalizaci\u00f3n del informe debe ser justo antes de la fecha de la reuni\u00f3n para que la informaci\u00f3n sea lo m\u00e1s precisa y actualizada posible.<\/p>\n<p>NOTA: Cualquier cuenta que sea propiedad de la PTA en la que se hagan dep\u00f3sitos o pagos se considera una \u00abcuenta bancaria\u00bb y requiere un informe mensual del tesorero. Esto incluye PayPal, Stripe, Square y otras cuentas de procesamiento financiero<\/p>\n<div>\n<div class=\"spotlightbox\">\n<p><strong>El Informe Mensual del Tesorero incluye:<\/strong> saldos al comienzo y al final del per\u00edodo cubierto; montos acreditados al fondo general y a todos los fondos especiales; recibos y desembolsos con secciones separadas para cantidades pertenecientes a la PTA y cantidades NO pertenecientes a la PTA con un informe escrito detallado publicado o distribuido. Se deben proporcionar copias del informe al presidente y al secretario e incluirse a los registros del tesorero.<\/p>\n<p>Ver la Fig. F-2 Informe del tesorero (Muestra).<\/p>\n<\/div>\n<\/div>\n","protected":false},"excerpt":{"rendered":"<p>El informe mensual para cada cuenta bancaria debe incluir: Saldos al comienzo y al final del per\u00edodo cubierto; Montos acreditados al fondo general y a cualquier fondo especial, separados por ingresos de PTA que pertenecen a la asociaci\u00f3n e ingresos de PTA que NO pertenecen a la asociaci\u00f3n; Ingresos y gastos con un informe escrito [&hellip;]<\/p>\n","protected":false},"author":8,"featured_media":0,"parent":3218,"menu_order":0,"comment_status":"closed","ping_status":"closed","template":"","meta":{"footnotes":""},"class_list":["post-3245","page","type-page","status-publish","hentry","entry"],"_links":{"self":[{"href":"https:\/\/toolkit.capta.org\/es\/wp-json\/wp\/v2\/pages\/3245","targetHints":{"allow":["GET"]}}],"collection":[{"href":"https:\/\/toolkit.capta.org\/es\/wp-json\/wp\/v2\/pages"}],"about":[{"href":"https:\/\/toolkit.capta.org\/es\/wp-json\/wp\/v2\/types\/page"}],"author":[{"embeddable":true,"href":"https:\/\/toolkit.capta.org\/es\/wp-json\/wp\/v2\/users\/8"}],"replies":[{"embeddable":true,"href":"https:\/\/toolkit.capta.org\/es\/wp-json\/wp\/v2\/comments?post=3245"}],"version-history":[{"count":3,"href":"https:\/\/toolkit.capta.org\/es\/wp-json\/wp\/v2\/pages\/3245\/revisions"}],"predecessor-version":[{"id":10312,"href":"https:\/\/toolkit.capta.org\/es\/wp-json\/wp\/v2\/pages\/3245\/revisions\/10312"}],"up":[{"embeddable":true,"href":"https:\/\/toolkit.capta.org\/es\/wp-json\/wp\/v2\/pages\/3218"}],"wp:attachment":[{"href":"https:\/\/toolkit.capta.org\/es\/wp-json\/wp\/v2\/media?parent=3245"}],"curies":[{"name":"wp","href":"https:\/\/api.w.org\/{rel}","templated":true}]}}