{"id":3256,"date":"2013-11-12T15:18:11","date_gmt":"2013-11-12T23:18:11","guid":{"rendered":"http:\/\/toolkit.capta.org\/finance\/reports-and-forms\/annual-financial-report\/"},"modified":"2020-08-03T11:17:56","modified_gmt":"2020-08-03T18:17:56","slug":"annual-financial-report","status":"publish","type":"page","link":"https:\/\/toolkit.capta.org\/es\/finance\/reports-and-forms\/annual-financial-report\/","title":{"rendered":"Informe financiero anual"},"content":{"rendered":"<p>El prop\u00f3sito del Informe Financiero Anual es informar sobre los ingresos y gastos brutos del a\u00f1o fiscal y tiene secciones separadas para los montos pertenecientes a la asociaci\u00f3n y montos NO pertenecientes a la asociaci\u00f3n. El informe se distribuye a la mesa directiva, a los miembros, y puede ser requerido por agencias federales y estatales. Se deben remitir copias de estos reportes a las PTA de distrito y consejo como lo requieren los estatutos.<\/p>\n<p>Si el ejercicio fiscal es diferente del a\u00f1o presupuestario y la duraci\u00f3n del mandato, tambi\u00e9n deber\u00e1 presentarse un informe financiero que muestre todos los ingresos brutos y los desembolsos para ese per\u00edodo anual.<\/p>\n<p>Ver el <a href=\"http:\/\/downloads.capta.org\/toolkit\/formularios\/InformeFinancieroAnual_muestra.pdf\" target=\"_blank\" rel=\"noopener noreferrer\">Informe financiero anual (Muestra)<\/a>.<\/p>\n","protected":false},"excerpt":{"rendered":"<p>El prop\u00f3sito del Informe Financiero Anual es informar sobre los ingresos y gastos brutos del a\u00f1o fiscal y tiene secciones separadas para los montos pertenecientes a la asociaci\u00f3n y montos NO pertenecientes a la asociaci\u00f3n. El informe se distribuye a la mesa directiva, a los miembros, y puede ser requerido por agencias federales y estatales. [&hellip;]<\/p>\n","protected":false},"author":8,"featured_media":0,"parent":3218,"menu_order":0,"comment_status":"closed","ping_status":"closed","template":"","meta":{"footnotes":""},"class_list":["post-3256","page","type-page","status-publish","hentry","entry"],"_links":{"self":[{"href":"https:\/\/toolkit.capta.org\/es\/wp-json\/wp\/v2\/pages\/3256","targetHints":{"allow":["GET"]}}],"collection":[{"href":"https:\/\/toolkit.capta.org\/es\/wp-json\/wp\/v2\/pages"}],"about":[{"href":"https:\/\/toolkit.capta.org\/es\/wp-json\/wp\/v2\/types\/page"}],"author":[{"embeddable":true,"href":"https:\/\/toolkit.capta.org\/es\/wp-json\/wp\/v2\/users\/8"}],"replies":[{"embeddable":true,"href":"https:\/\/toolkit.capta.org\/es\/wp-json\/wp\/v2\/comments?post=3256"}],"version-history":[{"count":2,"href":"https:\/\/toolkit.capta.org\/es\/wp-json\/wp\/v2\/pages\/3256\/revisions"}],"predecessor-version":[{"id":10316,"href":"https:\/\/toolkit.capta.org\/es\/wp-json\/wp\/v2\/pages\/3256\/revisions\/10316"}],"up":[{"embeddable":true,"href":"https:\/\/toolkit.capta.org\/es\/wp-json\/wp\/v2\/pages\/3218"}],"wp:attachment":[{"href":"https:\/\/toolkit.capta.org\/es\/wp-json\/wp\/v2\/media?parent=3256"}],"curies":[{"name":"wp","href":"https:\/\/api.w.org\/{rel}","templated":true}]}}