{"id":3259,"date":"2013-10-29T17:04:53","date_gmt":"2013-10-30T00:04:53","guid":{"rendered":"http:\/\/toolkit.capta.org\/finance\/reports-and-forms\/unit-remittance-form\/"},"modified":"2024-05-22T10:06:58","modified_gmt":"2024-05-22T17:06:58","slug":"unit-remittance-form","status":"publish","type":"page","link":"https:\/\/toolkit.capta.org\/es\/finance\/reports-and-forms\/unit-remittance-form\/","title":{"rendered":"Formulario para remisi\u00f3n de la unidad"},"content":{"rendered":"<p style=\"font-weight: 400;\">El Formulario de Remesa de Unidades debe estar incluido en todas las cuotas per c\u00e1pita, cargos por pagos atrasados de seguros, ofrendas voluntarias y otros pagos enviados a trav\u00e9s de canales. La mayor\u00eda de estos pagos los remitir\u00e1 la PTA de distrito a la oficinas de la PTA de California.<\/p>\n<p>Ver el <a href=\"http:\/\/downloads.capta.org\/toolkit\/formularios\/FormularioParaRemisionDeUnidad.pdf\" target=\"_blank\" rel=\"noopener noreferrer\">Formulario para la Remisi\u00f3n de la Unidad<\/a>.<\/p>\n","protected":false},"excerpt":{"rendered":"<p>El Formulario de Remesa de Unidades debe estar incluido en todas las cuotas per c\u00e1pita, cargos por pagos atrasados de seguros, ofrendas voluntarias y otros pagos enviados a trav\u00e9s de canales. La mayor\u00eda de estos pagos los remitir\u00e1 la PTA de distrito a la oficinas de la PTA de California. Ver el Formulario para la [&hellip;]<\/p>\n","protected":false},"author":8,"featured_media":0,"parent":3218,"menu_order":0,"comment_status":"closed","ping_status":"closed","template":"","meta":{"footnotes":""},"class_list":["post-3259","page","type-page","status-publish","hentry","entry"],"_links":{"self":[{"href":"https:\/\/toolkit.capta.org\/es\/wp-json\/wp\/v2\/pages\/3259","targetHints":{"allow":["GET"]}}],"collection":[{"href":"https:\/\/toolkit.capta.org\/es\/wp-json\/wp\/v2\/pages"}],"about":[{"href":"https:\/\/toolkit.capta.org\/es\/wp-json\/wp\/v2\/types\/page"}],"author":[{"embeddable":true,"href":"https:\/\/toolkit.capta.org\/es\/wp-json\/wp\/v2\/users\/8"}],"replies":[{"embeddable":true,"href":"https:\/\/toolkit.capta.org\/es\/wp-json\/wp\/v2\/comments?post=3259"}],"version-history":[{"count":3,"href":"https:\/\/toolkit.capta.org\/es\/wp-json\/wp\/v2\/pages\/3259\/revisions"}],"predecessor-version":[{"id":11246,"href":"https:\/\/toolkit.capta.org\/es\/wp-json\/wp\/v2\/pages\/3259\/revisions\/11246"}],"up":[{"embeddable":true,"href":"https:\/\/toolkit.capta.org\/es\/wp-json\/wp\/v2\/pages\/3218"}],"wp:attachment":[{"href":"https:\/\/toolkit.capta.org\/es\/wp-json\/wp\/v2\/media?parent=3259"}],"curies":[{"name":"wp","href":"https:\/\/api.w.org\/{rel}","templated":true}]}}