{"id":3263,"date":"2013-10-29T16:23:06","date_gmt":"2013-10-29T23:23:06","guid":{"rendered":"http:\/\/toolkit.capta.org\/finance\/reports-and-forms\/cash-verification-form\/"},"modified":"2020-08-03T11:20:19","modified_gmt":"2020-08-03T18:20:19","slug":"cash-verification-form","status":"publish","type":"page","link":"https:\/\/toolkit.capta.org\/es\/finance\/reports-and-forms\/cash-verification-form\/","title":{"rendered":"Formulario de verificaci\u00f3n de efectivo"},"content":{"rendered":"<p>Se requieren registros detallados del dinero recibido por la asociaci\u00f3n. El formulario de verificaci\u00f3n de dinero en efectivo es una prueba escrita de que los fondos de la asociaci\u00f3n fueron contados por al menos por dos miembros, uno de los cuales es un oficial o el presidente del comit\u00e9. Todas las personas nombradas en el formulario deben conservar una copia.<\/p>\n<p>Ver el <a href=\"http:\/\/downloads.capta.org\/toolkit\/formularios\/VerificacionDeEfectivo.pdf\" target=\"_blank\" rel=\"noopener noreferrer\">Formulario de Verificaci\u00f3n de efectivo<\/a><\/p>\n","protected":false},"excerpt":{"rendered":"<p>Se requieren registros detallados del dinero recibido por la asociaci\u00f3n. El formulario de verificaci\u00f3n de dinero en efectivo es una prueba escrita de que los fondos de la asociaci\u00f3n fueron contados por al menos por dos miembros, uno de los cuales es un oficial o el presidente del comit\u00e9. Todas las personas nombradas en el [&hellip;]<\/p>\n","protected":false},"author":8,"featured_media":0,"parent":3218,"menu_order":0,"comment_status":"closed","ping_status":"closed","template":"","meta":{"footnotes":""},"class_list":["post-3263","page","type-page","status-publish","hentry","entry"],"_links":{"self":[{"href":"https:\/\/toolkit.capta.org\/es\/wp-json\/wp\/v2\/pages\/3263","targetHints":{"allow":["GET"]}}],"collection":[{"href":"https:\/\/toolkit.capta.org\/es\/wp-json\/wp\/v2\/pages"}],"about":[{"href":"https:\/\/toolkit.capta.org\/es\/wp-json\/wp\/v2\/types\/page"}],"author":[{"embeddable":true,"href":"https:\/\/toolkit.capta.org\/es\/wp-json\/wp\/v2\/users\/8"}],"replies":[{"embeddable":true,"href":"https:\/\/toolkit.capta.org\/es\/wp-json\/wp\/v2\/comments?post=3263"}],"version-history":[{"count":2,"href":"https:\/\/toolkit.capta.org\/es\/wp-json\/wp\/v2\/pages\/3263\/revisions"}],"predecessor-version":[{"id":10318,"href":"https:\/\/toolkit.capta.org\/es\/wp-json\/wp\/v2\/pages\/3263\/revisions\/10318"}],"up":[{"embeddable":true,"href":"https:\/\/toolkit.capta.org\/es\/wp-json\/wp\/v2\/pages\/3218"}],"wp:attachment":[{"href":"https:\/\/toolkit.capta.org\/es\/wp-json\/wp\/v2\/media?parent=3263"}],"curies":[{"name":"wp","href":"https:\/\/api.w.org\/{rel}","templated":true}]}}