{"id":3275,"date":"2013-10-29T17:02:21","date_gmt":"2013-10-30T00:02:21","guid":{"rendered":"http:\/\/toolkit.capta.org\/finance\/reports-and-forms\/workers-compensation-annual-payroll-report\/"},"modified":"2024-05-22T15:40:53","modified_gmt":"2024-05-22T22:40:53","slug":"workers-compensation-annual-payroll-report","status":"publish","type":"page","link":"https:\/\/toolkit.capta.org\/es\/finance\/reports-and-forms\/workers-compensation-annual-payroll-report\/","title":{"rendered":"Informe de nomina anual de compensaci\u00f3n de los trabajadores"},"content":{"rendered":"<p style=\"font-weight: 400;\">Todas las PTAs de unidad, consejo y distrito deben presentar un Informe de N\u00f3mina Anual de Compensaci\u00f3n de Trabajadores, incluso si no se le pag\u00f3 a nadie. Los informes deben enviarse a AIM a m\u00e1s tardar el 31 de enero. El informe abarca los pagos a los trabajadores desde el 5 de enero hasta el 4 de enero. El tesorero anterior debe haber compilado una lista de los pagos realizados desde enero hasta el final del mandato para que el actual tesorero las utilice en la preparaci\u00f3n de este informe anual.<\/p>\n<p style=\"font-weight: 400;\">Si nadie estuvo empleado durante el per\u00edodo del informe, complete la informaci\u00f3n solicitada y marque la casilla e indique \u201c no se le pag\u00f3 nadie\u201d.<\/p>\n<p>Si se pag\u00f3 a trabajadores (aunque fuera s\u00f3lo por una hora), anotar el nombre del trabajador, el tipo de trabajo realizado, el per\u00edodo trabajado, la cantidad pagada y si el trabajador ten\u00eda seguro de Compensaci\u00f3n a los Trabajadores personal.<\/p>\n<ul>\n<li>Si la PTA no le paga al empleado directamente sino que dona el dinero a la escuela, <b>no incluya el nombre del trabajador<\/b> en este informe.<\/li>\n<li>Las personas pagadas directamente, incluyendo los empleados y contratistas independientes, se consideran contratadas por la PTA y sus nombres deben estar detallados en este formulario (PTA como Empleador).<\/li>\n<li>Si los contratistas independientes tienen su propio seguro de Compensaci\u00f3n de Trabajadores, se enumeran con los salarios que se muestran como \u00ab$ 0\u00bb y se debe incluir una copia de su certificado de seguro con el formulario. La asociaci\u00f3n no pagar\u00e1 ninguna prima adicional por contratistas independientes que tengan su propio seguro de Compensaci\u00f3n de Trabajadores.<\/li>\n<li>El seguro de Compensaci\u00f3n de Trabajadores NO es lo mismo que el seguro de responsabilidad general. Si un contratista independiente <u>no<\/u> tiene su propio seguro de compensaci\u00f3n de trabajadores, los pagos hechos a ellos deben incluirse en el Informe Anual de N\u00f3mina de Compensaci\u00f3n de Trabajadores.<\/li>\n<\/ul>\n<p>Usted debe especificar el tipo de trabajo realizado (ver <a href=\"http:\/\/downloads.capta.org\/Leaders\/Insurance\/WC_PaperForm_Spanish_2021.pdf\">Informe de N\u00f3mina Anual de Compensaci\u00f3n a los Trabajadores<\/a>). Por ejemplo:<\/p>\n<ul>\n<li>Los nombres de los proveedores de cuidado infantil deben figurar en este formulario cuando reciban pagos de la PTA (Servicios de proveedores de cuidado infantil de la PTA).<\/li>\n<li>El nombre de los polic\u00edas fuera de servicio contratados por la PTA, que reciban pago directamente de la PTA, deben figurar en este formulario.<\/li>\n<li>Las personas como ayudantes de tecnolog\u00eda pagados por el distrito escolar u otro empleador NO se consideran contratadas por la PTA y no aparecen en este formulario.<\/li>\n<li>Las personas como ayudantes de tecnolog\u00eda pagados por la PTA como contratistas independientes SI son considerados contratadas por la PTA y no aparecen en este formulario.<\/li>\n<li>Las personas pagadas por la PTA y sobre quienes la PTA ha presentado informe de empleo SI son considerados contratadas por la PTA y no aparecen en este formulario.<\/li>\n<li>No se incluyen los pagos por personal de seguridad al departamento de polic\u00eda o agencias de seguridad, si las personas eran asalariadas del departamento o de la agencia durante su per\u00edodo de servicio para la PTA.<\/li>\n<\/ul>\n<p>&nbsp;<\/p>\n","protected":false},"excerpt":{"rendered":"<p>Todas las PTAs de unidad, consejo y distrito deben presentar un Informe de N\u00f3mina Anual de Compensaci\u00f3n de Trabajadores, incluso si no se le pag\u00f3 a nadie. Los informes deben enviarse a AIM a m\u00e1s tardar el 31 de enero. El informe abarca los pagos a los trabajadores desde el 5 de enero hasta el [&hellip;]<\/p>\n","protected":false},"author":8,"featured_media":0,"parent":3218,"menu_order":0,"comment_status":"closed","ping_status":"closed","template":"","meta":{"footnotes":""},"class_list":["post-3275","page","type-page","status-publish","hentry","entry"],"_links":{"self":[{"href":"https:\/\/toolkit.capta.org\/es\/wp-json\/wp\/v2\/pages\/3275","targetHints":{"allow":["GET"]}}],"collection":[{"href":"https:\/\/toolkit.capta.org\/es\/wp-json\/wp\/v2\/pages"}],"about":[{"href":"https:\/\/toolkit.capta.org\/es\/wp-json\/wp\/v2\/types\/page"}],"author":[{"embeddable":true,"href":"https:\/\/toolkit.capta.org\/es\/wp-json\/wp\/v2\/users\/8"}],"replies":[{"embeddable":true,"href":"https:\/\/toolkit.capta.org\/es\/wp-json\/wp\/v2\/comments?post=3275"}],"version-history":[{"count":4,"href":"https:\/\/toolkit.capta.org\/es\/wp-json\/wp\/v2\/pages\/3275\/revisions"}],"predecessor-version":[{"id":11272,"href":"https:\/\/toolkit.capta.org\/es\/wp-json\/wp\/v2\/pages\/3275\/revisions\/11272"}],"up":[{"embeddable":true,"href":"https:\/\/toolkit.capta.org\/es\/wp-json\/wp\/v2\/pages\/3218"}],"wp:attachment":[{"href":"https:\/\/toolkit.capta.org\/es\/wp-json\/wp\/v2\/media?parent=3275"}],"curies":[{"name":"wp","href":"https:\/\/api.w.org\/{rel}","templated":true}]}}