{"id":3282,"date":"2013-11-13T17:12:56","date_gmt":"2013-11-14T01:12:56","guid":{"rendered":"http:\/\/toolkit.capta.org\/finance\/banking\/banking\/"},"modified":"2024-03-27T11:30:13","modified_gmt":"2024-03-27T18:30:13","slug":"banking","status":"publish","type":"page","link":"https:\/\/toolkit.capta.org\/es\/finance\/banking\/banking\/","title":{"rendered":"Banca"},"content":{"rendered":"<p>Cada PTA debe mantener una cuenta corriente a nombre de la asociaci\u00f3n. Use el domicilio permanente de la PTA, normalmente la escuela. Use cheques con el nombre de la asociaci\u00f3n impreso, dos l\u00edneas para las dos firmas autorizadas y las leyendas \u201cNulo si no se deposita antes de los 90 d\u00edas\u201d (en ingl\u00e9s, \u201cVoid if not cashed within 90 days\u201d) y \u201cSe requieren dos firmas\u201d (en ingl\u00e9s, \u201cTwo signatures required\u201d). Los extractos bancarios deben enviarse a la direcci\u00f3n jur\u00eddica de la asociaci\u00f3n. En la mayor\u00eda de los casos, esta es una escuela o la oficina del distrito escolar; nunca es el domicilio de la casa de una persona autorizada para firmar cheques en las cuentas bancarias.<\/p>\n<p>Al menos tres funcionarios electos, de los cuales dos tienen que ser el presidente y el tesorero, deben ser autorizados a firmar los cheques y a registrar sus firmas en el archivo del banco. Los firmantes autorizados de cheques no deben tener lazos de parentesco, estar casados ni vivir en el mismo hogar. Refi\u00e9rase a los estatutos de la PTA para estipulaciones sobre los libradores de cheques autorizados.<\/p>\n<p>Los estudiantes pueden ser signatarios de la cuenta de la PTA o PTSA, siempre y cuando hayan sido aprobados por la asociaci\u00f3n como firmantes y esto se haya anotado en las actas de la asociaci\u00f3n. P\u00f3ngase en contacto con el banco si tiene preguntas sobre este tema.<\/p>\n<p>P\u00eddale al banco que incluya tanto el nombre legal \u00abPTA California Congress of Parents, Teachers and Students, Inc. como el nombre \u00fanico de la unidad en la cuenta. Esto permitir\u00e1 que se escriban cheques a cualquiera de los nombres y depositarlos en la misma cuenta.<\/p>\n<p>La mayor\u00eda de los bancos no comprueba una segunda firma recibida en cheques de la PTA. Una PTA puede:<\/p>\n<ul>\n<li>Votar para cambiar a un banco que cumpla con el requisito de m\u00faltiples firmas para todos los cheques PTA\/PTSA.<\/li>\n<li>Contin\u00fae realizando transacciones bancarias en el mismo banco y contin\u00fae usando dos firmas en los cheques tal y como se describe en los estatutos y monitorear esto a trav\u00e9s de revisiones financieras y revisiones mensuales de los estados de las cuentas bancarias.<\/li>\n<\/ul>\n<p>Todo el dinero debe depositarse en cuentas con un banco aprobado por la junta ejecutiva. En todas las cuentas se requiere el n\u00famero de identificaci\u00f3n del empleador. El n\u00famero EIN puede encontrarse en los estatutos. P\u00f3ngase en contacto con la PTA de consejo, distrito o la PTA de California para recibir ayuda si no se puede encontrar el EIN de la PTA.<\/p>\n<p>Si el banco emite una tarjeta ATM para una cuenta, el uso de dicha tarjeta <b>se restringe solamente a dep\u00f3sitos<\/b>. La tarjeta ATM no puede ser usada para retirar dinero en efectivo o otras compras. La <b>junta ejecutiva<\/b> <strong>debe comprobar<\/strong> que las tarjetas, si se emiten, sean \u201cs\u00f3lo dep\u00f3sito\u201d y debe controlar el acceso a las tarjetas emitidas.<\/p>\n<p>El Servicio de Impuestos Internos (IRS, por sus siglas en ingl\u00e9s) considera todos los fondos en las cuentas de la PTA como pertenecientes a la asociaci\u00f3n, independientemente de su origen. Una PTA puede manejar solo aquellos fondos sobre los cuales tiene control total, y la cantidad total (menos las cuotas per c\u00e1pita enviadas al siguiente nivel de PTA) deben declararse como ingreso bruto a la PTA. Todos los fondos en las cuentas de la PTA deben tener la aprobaci\u00f3n de la asociaci\u00f3n para hacer alg\u00fan desembolso.<\/p>\n","protected":false},"excerpt":{"rendered":"<p>Cada PTA debe mantener una cuenta corriente a nombre de la asociaci\u00f3n. Use el domicilio permanente de la PTA, normalmente la escuela. Use cheques con el nombre de la asociaci\u00f3n impreso, dos l\u00edneas para las dos firmas autorizadas y las leyendas \u201cNulo si no se deposita antes de los 90 d\u00edas\u201d (en ingl\u00e9s, \u201cVoid if [&hellip;]<\/p>\n","protected":false},"author":8,"featured_media":0,"parent":3279,"menu_order":0,"comment_status":"closed","ping_status":"closed","template":"","meta":{"footnotes":""},"class_list":["post-3282","page","type-page","status-publish","hentry","entry"],"_links":{"self":[{"href":"https:\/\/toolkit.capta.org\/es\/wp-json\/wp\/v2\/pages\/3282","targetHints":{"allow":["GET"]}}],"collection":[{"href":"https:\/\/toolkit.capta.org\/es\/wp-json\/wp\/v2\/pages"}],"about":[{"href":"https:\/\/toolkit.capta.org\/es\/wp-json\/wp\/v2\/types\/page"}],"author":[{"embeddable":true,"href":"https:\/\/toolkit.capta.org\/es\/wp-json\/wp\/v2\/users\/8"}],"replies":[{"embeddable":true,"href":"https:\/\/toolkit.capta.org\/es\/wp-json\/wp\/v2\/comments?post=3282"}],"version-history":[{"count":3,"href":"https:\/\/toolkit.capta.org\/es\/wp-json\/wp\/v2\/pages\/3282\/revisions"}],"predecessor-version":[{"id":11182,"href":"https:\/\/toolkit.capta.org\/es\/wp-json\/wp\/v2\/pages\/3282\/revisions\/11182"}],"up":[{"embeddable":true,"href":"https:\/\/toolkit.capta.org\/es\/wp-json\/wp\/v2\/pages\/3279"}],"wp:attachment":[{"href":"https:\/\/toolkit.capta.org\/es\/wp-json\/wp\/v2\/media?parent=3282"}],"curies":[{"name":"wp","href":"https:\/\/api.w.org\/{rel}","templated":true}]}}