{"id":3288,"date":"2013-11-12T15:22:31","date_gmt":"2013-11-12T23:22:31","guid":{"rendered":"http:\/\/toolkit.capta.org\/finance\/banking\/outstanding-checks\/"},"modified":"2015-01-27T15:40:15","modified_gmt":"2015-01-27T23:40:15","slug":"outstanding-checks","status":"publish","type":"page","link":"https:\/\/toolkit.capta.org\/es\/finance\/banking\/outstanding-checks\/","title":{"rendered":"Cheques pendientes"},"content":{"rendered":"<p>Est\u00e9 atento a los cheques no pagados por el banco en un tiempo razonable (unos 30-45 d\u00edas) e investigue esos casos. Si se pierde un cheque que no se ha depositado, debe solicitarse al banco una orden de suspensi\u00f3n de pago y emitir un nuevo cheque. El banco cobra una tarifa por una orden de suspensi\u00f3n de pago. Si despu\u00e9s de la investigaci\u00f3n el cheque a\u00fan no ha sido pagado y se cumplen 90 d\u00edas de su emisi\u00f3n, anule el cheque no depositado. (Ver <a href=\"https:\/\/toolkit.capta.org\/es\/finance\/banking\/stale-dated-checks\/\">Cheques con fecha vencida<\/a>)<\/p>\n","protected":false},"excerpt":{"rendered":"<p>Est\u00e9 atento a los cheques no pagados por el banco en un tiempo razonable (unos 30-45 d\u00edas) e investigue esos casos. Si se pierde un cheque que no se ha depositado, debe solicitarse al banco una orden de suspensi\u00f3n de pago y emitir un nuevo cheque. El banco cobra una tarifa por una orden de [&hellip;]<\/p>\n","protected":false},"author":8,"featured_media":0,"parent":3279,"menu_order":0,"comment_status":"closed","ping_status":"closed","template":"","meta":{"footnotes":""},"class_list":["post-3288","page","type-page","status-publish","hentry","entry"],"_links":{"self":[{"href":"https:\/\/toolkit.capta.org\/es\/wp-json\/wp\/v2\/pages\/3288","targetHints":{"allow":["GET"]}}],"collection":[{"href":"https:\/\/toolkit.capta.org\/es\/wp-json\/wp\/v2\/pages"}],"about":[{"href":"https:\/\/toolkit.capta.org\/es\/wp-json\/wp\/v2\/types\/page"}],"author":[{"embeddable":true,"href":"https:\/\/toolkit.capta.org\/es\/wp-json\/wp\/v2\/users\/8"}],"replies":[{"embeddable":true,"href":"https:\/\/toolkit.capta.org\/es\/wp-json\/wp\/v2\/comments?post=3288"}],"version-history":[{"count":0,"href":"https:\/\/toolkit.capta.org\/es\/wp-json\/wp\/v2\/pages\/3288\/revisions"}],"up":[{"embeddable":true,"href":"https:\/\/toolkit.capta.org\/es\/wp-json\/wp\/v2\/pages\/3279"}],"wp:attachment":[{"href":"https:\/\/toolkit.capta.org\/es\/wp-json\/wp\/v2\/media?parent=3288"}],"curies":[{"name":"wp","href":"https:\/\/api.w.org\/{rel}","templated":true}]}}