{"id":3291,"date":"2013-11-12T15:23:30","date_gmt":"2013-11-12T23:23:30","guid":{"rendered":"http:\/\/toolkit.capta.org\/finance\/banking\/deposits\/"},"modified":"2024-03-27T14:22:03","modified_gmt":"2024-03-27T21:22:03","slug":"deposits","status":"publish","type":"page","link":"https:\/\/toolkit.capta.org\/es\/finance\/banking\/deposits\/","title":{"rendered":"Dep\u00f3sitos"},"content":{"rendered":"<p>Prepare comprobantes de dep\u00f3sito por duplicado o haga una copia, con el original para el banco y el duplicado para los registros del tesorero. Siga las instrucciones del banco cuando registre los cheques en el comprobante de dep\u00f3sito. Algunos bancos requieren que se enumeren los n\u00fameros bancarios para cada cheque; algunos aceptan una cinta de una calculadora o impresi\u00f3n de computadora de los montos y total de los cheques.<\/p>\n<p>Los cheques deber\u00e1n rotularse con la leyenda \u201c\u00danicamente para depositar\u201d, con el n\u00famero de la cuenta de la PTA. Debe conseguirse un sello con esta informaci\u00f3n en el momento de abrir la cuenta bancaria. Ingrese el monto del dep\u00f3sito en el registro de cheques. Presente las monedas de la manera determinada por el banco. Adjunte una copia de la boleta de dep\u00f3sito al <a href=\"http:\/\/downloads.capta.org\/toolkit\/formularios\/Verificaci%C3%B3nDeEfectivo.pdf\" target=\"_blank\" rel=\"noopener noreferrer\">Formulario de Verificaci\u00f3n de Efectivo<\/a>.<\/p>\n<p>Antes de depositar cheques, haga copias para acompa\u00f1ar el registro de dep\u00f3sito y para ayudar con el cobro de cheques sin fondos (NSF -fondos insuficientes). Recuerde que los directivos de finanzas tienen la responsabilidad fiduciaria de proteger informaci\u00f3n sensible y confidencial. Las copias de los cheques depositados deben destruirse una vez que haya terminado la revisi\u00f3n financiera.<\/p>\n","protected":false},"excerpt":{"rendered":"<p>Prepare comprobantes de dep\u00f3sito por duplicado o haga una copia, con el original para el banco y el duplicado para los registros del tesorero. Siga las instrucciones del banco cuando registre los cheques en el comprobante de dep\u00f3sito. Algunos bancos requieren que se enumeren los n\u00fameros bancarios para cada cheque; algunos aceptan una cinta de [&hellip;]<\/p>\n","protected":false},"author":8,"featured_media":0,"parent":3279,"menu_order":0,"comment_status":"closed","ping_status":"closed","template":"","meta":{"footnotes":""},"class_list":["post-3291","page","type-page","status-publish","hentry","entry"],"_links":{"self":[{"href":"https:\/\/toolkit.capta.org\/es\/wp-json\/wp\/v2\/pages\/3291","targetHints":{"allow":["GET"]}}],"collection":[{"href":"https:\/\/toolkit.capta.org\/es\/wp-json\/wp\/v2\/pages"}],"about":[{"href":"https:\/\/toolkit.capta.org\/es\/wp-json\/wp\/v2\/types\/page"}],"author":[{"embeddable":true,"href":"https:\/\/toolkit.capta.org\/es\/wp-json\/wp\/v2\/users\/8"}],"replies":[{"embeddable":true,"href":"https:\/\/toolkit.capta.org\/es\/wp-json\/wp\/v2\/comments?post=3291"}],"version-history":[{"count":3,"href":"https:\/\/toolkit.capta.org\/es\/wp-json\/wp\/v2\/pages\/3291\/revisions"}],"predecessor-version":[{"id":11194,"href":"https:\/\/toolkit.capta.org\/es\/wp-json\/wp\/v2\/pages\/3291\/revisions\/11194"}],"up":[{"embeddable":true,"href":"https:\/\/toolkit.capta.org\/es\/wp-json\/wp\/v2\/pages\/3279"}],"wp:attachment":[{"href":"https:\/\/toolkit.capta.org\/es\/wp-json\/wp\/v2\/media?parent=3291"}],"curies":[{"name":"wp","href":"https:\/\/api.w.org\/{rel}","templated":true}]}}