{"id":3294,"date":"2013-11-12T15:24:22","date_gmt":"2013-11-12T23:24:22","guid":{"rendered":"http:\/\/toolkit.capta.org\/finance\/banking\/bank-cardsatm-and-credit-cards\/"},"modified":"2013-12-06T11:35:48","modified_gmt":"2013-12-06T19:35:48","slug":"bank-cardsatm-and-credit-cards","status":"publish","type":"page","link":"https:\/\/toolkit.capta.org\/es\/finance\/banking\/bank-cardsatm-and-credit-cards\/","title":{"rendered":"Tarjetas de banco\/tarjetas de ATM y cr\u00e9dito"},"content":{"rendered":"<p>Las tarjetas bancarias no pueden utilizarse para compras ni retiros pues viola la regla de dos firmas de la PTA. Algunos bancos exigen que se expida una tarjeta para hacer dep\u00f3sitos. Aseg\u00farese de que las tarjetas s\u00f3lo permiten dep\u00f3sitos.<\/p>\n<p>Algunos bancos han llegado a enviar tarjetas bancarias a los domicilios de todos los firmantes de cheques. Si las tarjetas no se est\u00e1n restringidas para depositar solamente, el tesorero debe recogerlas todas, regresarlas al banco y pedir que se eliminen las tarjetas de la cuenta de PTA. Compruebe que se sabe d\u00f3nde est\u00e1n todas las tarjetas.<\/p>\n","protected":false},"excerpt":{"rendered":"<p>Las tarjetas bancarias no pueden utilizarse para compras ni retiros pues viola la regla de dos firmas de la PTA. Algunos bancos exigen que se expida una tarjeta para hacer dep\u00f3sitos. Aseg\u00farese de que las tarjetas s\u00f3lo permiten dep\u00f3sitos. Algunos bancos han llegado a enviar tarjetas bancarias a los domicilios de todos los firmantes de [&hellip;]<\/p>\n","protected":false},"author":8,"featured_media":0,"parent":3279,"menu_order":0,"comment_status":"closed","ping_status":"closed","template":"","meta":{"footnotes":""},"class_list":["post-3294","page","type-page","status-publish","hentry","entry"],"_links":{"self":[{"href":"https:\/\/toolkit.capta.org\/es\/wp-json\/wp\/v2\/pages\/3294","targetHints":{"allow":["GET"]}}],"collection":[{"href":"https:\/\/toolkit.capta.org\/es\/wp-json\/wp\/v2\/pages"}],"about":[{"href":"https:\/\/toolkit.capta.org\/es\/wp-json\/wp\/v2\/types\/page"}],"author":[{"embeddable":true,"href":"https:\/\/toolkit.capta.org\/es\/wp-json\/wp\/v2\/users\/8"}],"replies":[{"embeddable":true,"href":"https:\/\/toolkit.capta.org\/es\/wp-json\/wp\/v2\/comments?post=3294"}],"version-history":[{"count":0,"href":"https:\/\/toolkit.capta.org\/es\/wp-json\/wp\/v2\/pages\/3294\/revisions"}],"up":[{"embeddable":true,"href":"https:\/\/toolkit.capta.org\/es\/wp-json\/wp\/v2\/pages\/3279"}],"wp:attachment":[{"href":"https:\/\/toolkit.capta.org\/es\/wp-json\/wp\/v2\/media?parent=3294"}],"curies":[{"name":"wp","href":"https:\/\/api.w.org\/{rel}","templated":true}]}}