{"id":3299,"date":"2013-11-12T15:25:24","date_gmt":"2013-11-12T23:25:24","guid":{"rendered":"http:\/\/toolkit.capta.org\/finance\/banking\/petty-cash\/"},"modified":"2020-08-03T11:37:38","modified_gmt":"2020-08-03T18:37:38","slug":"petty-cash","status":"publish","type":"page","link":"https:\/\/toolkit.capta.org\/es\/finance\/banking\/petty-cash\/","title":{"rendered":"Caja chica"},"content":{"rendered":"<p>Las unidades no pueden tener fondos en caja de gastos menores. Todos los gastos deben ser pagados con cheque o EFT\/pago de facturas en l\u00ednea y firmados por dos oficiales autorizados.<\/p>\n<p>Algunas recaudaciones de fondos requerir\u00e1n de algo de efectivo para comenzar. . Entregar el cheque a nombre de la persona que recibir\u00e1 el dinero inicial en efectivo. Esto puede ser abonado en la cuenta titulada \u00abEfectivo en caja chica\u00bb. Este dinero en efectivo se debe guardar en una caja de seguridad cerrada y solo deber usarse para el evento de recaudaci\u00f3n de fondos. Se debe usar un formulario verificaci\u00f3n de dinero en efectivo y un comprobante de dep\u00f3sito por separado para volver a depositar el dinero con el cual se ten\u00eda al \u00a0inicio del evento.<\/p>\n","protected":false},"excerpt":{"rendered":"<p>Las unidades no pueden tener fondos en caja de gastos menores. Todos los gastos deben ser pagados con cheque o EFT\/pago de facturas en l\u00ednea y firmados por dos oficiales autorizados. Algunas recaudaciones de fondos requerir\u00e1n de algo de efectivo para comenzar. . Entregar el cheque a nombre de la persona que recibir\u00e1 el dinero [&hellip;]<\/p>\n","protected":false},"author":8,"featured_media":0,"parent":3279,"menu_order":0,"comment_status":"closed","ping_status":"closed","template":"","meta":{"footnotes":""},"class_list":["post-3299","page","type-page","status-publish","hentry","entry"],"_links":{"self":[{"href":"https:\/\/toolkit.capta.org\/es\/wp-json\/wp\/v2\/pages\/3299","targetHints":{"allow":["GET"]}}],"collection":[{"href":"https:\/\/toolkit.capta.org\/es\/wp-json\/wp\/v2\/pages"}],"about":[{"href":"https:\/\/toolkit.capta.org\/es\/wp-json\/wp\/v2\/types\/page"}],"author":[{"embeddable":true,"href":"https:\/\/toolkit.capta.org\/es\/wp-json\/wp\/v2\/users\/8"}],"replies":[{"embeddable":true,"href":"https:\/\/toolkit.capta.org\/es\/wp-json\/wp\/v2\/comments?post=3299"}],"version-history":[{"count":2,"href":"https:\/\/toolkit.capta.org\/es\/wp-json\/wp\/v2\/pages\/3299\/revisions"}],"predecessor-version":[{"id":10327,"href":"https:\/\/toolkit.capta.org\/es\/wp-json\/wp\/v2\/pages\/3299\/revisions\/10327"}],"up":[{"embeddable":true,"href":"https:\/\/toolkit.capta.org\/es\/wp-json\/wp\/v2\/pages\/3279"}],"wp:attachment":[{"href":"https:\/\/toolkit.capta.org\/es\/wp-json\/wp\/v2\/media?parent=3299"}],"curies":[{"name":"wp","href":"https:\/\/api.w.org\/{rel}","templated":true}]}}