{"id":3305,"date":"2013-11-14T11:23:50","date_gmt":"2013-11-14T19:23:50","guid":{"rendered":"http:\/\/toolkit.capta.org\/finance\/banking\/income\/"},"modified":"2020-08-03T11:38:34","modified_gmt":"2020-08-03T18:38:34","slug":"income","status":"publish","type":"page","link":"https:\/\/toolkit.capta.org\/es\/finance\/banking\/income\/","title":{"rendered":"Ingresos"},"content":{"rendered":"<p>El tesorero debe asegurarse de que todos los miembros de la mesa, especialmente el presidente de recaudaci\u00f3n de fondos y el presidente de membres\u00eda, tengan un plan de control adecuado para recibir y contar todo el dinero. Con todas las fuentes de ingresos entrantes, los miembros de la PTA deben seguir los procedimientos financieros de la PTA. Establecer controles para cualquier campa\u00f1a para recaudar fondos o afiliaci\u00f3n utilizando los principios b\u00e1sicos de manejo adecuado de dinero (ver <a href=\"https:\/\/toolkit.capta.org\/es\/finance\/banking\/handling-pta-funds\/\">Manejo de los fondos de la PTA<\/a>). \u00a1Planifique!<\/p>\n<p>Cuando se recibe un cheque como pago, no es necesario recibo numerado con copia. Un cheque se considera documentaci\u00f3n apropiada.<\/p>\n<p>Al recibir dinero en efectivo, se debe utilizar un libro de recibos de copia duplicada y pre-numerado para emitir un recibo por:<\/p>\n<ul>\n<li>Ventas de formaci\u00f3n de esp\u00edritu \u2013emita recibos para efectivo y cheques (los recibos ayudan con el control de inventario)<\/li>\n<li><i>Scrip<\/i><\/li>\n<li>Donaciones en efectivo: tambi\u00e9n enviar una carta de agradecimiento (ver <a href=\"https:\/\/toolkit.capta.org\/es\/finance\/banking\/providing-documentation-to-donors\/\">Suministrar documentos a los donantes<\/a>)<\/li>\n<\/ul>\n<p>Los recibos no son necesarios para lo siguiente:<\/p>\n<ul>\n<li>Mesa de afiliaci\u00f3n, sobres de afiliaci\u00f3n, formulario de afiliaci\u00f3n (la tarjeta es un recibo)<\/li>\n<li>Ventas de envoltura de regalos<\/li>\n<li>Venta de entradas al carnaval (el afiliado recibe un boleto)<\/li>\n<li>Venta de boletos de sorteo (el afiliado recibe un boleto)<\/li>\n<\/ul>\n","protected":false},"excerpt":{"rendered":"<p>El tesorero debe asegurarse de que todos los miembros de la mesa, especialmente el presidente de recaudaci\u00f3n de fondos y el presidente de membres\u00eda, tengan un plan de control adecuado para recibir y contar todo el dinero. Con todas las fuentes de ingresos entrantes, los miembros de la PTA deben seguir los procedimientos financieros de [&hellip;]<\/p>\n","protected":false},"author":8,"featured_media":0,"parent":3279,"menu_order":0,"comment_status":"closed","ping_status":"closed","template":"","meta":{"footnotes":""},"class_list":["post-3305","page","type-page","status-publish","hentry","entry"],"_links":{"self":[{"href":"https:\/\/toolkit.capta.org\/es\/wp-json\/wp\/v2\/pages\/3305","targetHints":{"allow":["GET"]}}],"collection":[{"href":"https:\/\/toolkit.capta.org\/es\/wp-json\/wp\/v2\/pages"}],"about":[{"href":"https:\/\/toolkit.capta.org\/es\/wp-json\/wp\/v2\/types\/page"}],"author":[{"embeddable":true,"href":"https:\/\/toolkit.capta.org\/es\/wp-json\/wp\/v2\/users\/8"}],"replies":[{"embeddable":true,"href":"https:\/\/toolkit.capta.org\/es\/wp-json\/wp\/v2\/comments?post=3305"}],"version-history":[{"count":2,"href":"https:\/\/toolkit.capta.org\/es\/wp-json\/wp\/v2\/pages\/3305\/revisions"}],"predecessor-version":[{"id":10328,"href":"https:\/\/toolkit.capta.org\/es\/wp-json\/wp\/v2\/pages\/3305\/revisions\/10328"}],"up":[{"embeddable":true,"href":"https:\/\/toolkit.capta.org\/es\/wp-json\/wp\/v2\/pages\/3279"}],"wp:attachment":[{"href":"https:\/\/toolkit.capta.org\/es\/wp-json\/wp\/v2\/media?parent=3305"}],"curies":[{"name":"wp","href":"https:\/\/api.w.org\/{rel}","templated":true}]}}