{"id":3312,"date":"2013-11-12T15:28:12","date_gmt":"2013-11-12T23:28:12","guid":{"rendered":"http:\/\/toolkit.capta.org\/finance\/banking\/providing-documentation-to-donors\/"},"modified":"2024-05-22T15:35:02","modified_gmt":"2024-05-22T22:35:02","slug":"providing-documentation-to-donors","status":"publish","type":"page","link":"https:\/\/toolkit.capta.org\/es\/finance\/banking\/providing-documentation-to-donors\/","title":{"rendered":"Suministrar documentos a los donantes"},"content":{"rendered":"<p>Con frecuencia, los miembros y donantes de la PTA dan por hecho que cualquier dinero que entregan a la PTA en relaci\u00f3n con una colecta de fondos es deducible de impuestos. Sin embargo, existen reglas y limitaciones a la deducci\u00f3n de dichos pagos.<\/p>\n<p>Las leyes estatales y federales requieren que las organizaciones caritativas exentas de impuestos proporcionen a los donantes recibos u otras formas de documentaci\u00f3n de contribuciones por una donaci\u00f3n en efectivo. La omisi\u00f3n en el cumplimiento de lo anterior puede resultar en el rechazo de las deducciones para los donantes y en la imposici\u00f3n de sanciones para la organizaci\u00f3n.<\/p>\n<p>Las leyes fiscales requieren que el donante obtenga un recibo por cada donaci\u00f3n en efectivo, independientemente de la cantidad. Un donante debe tener un cheque pagado, el registro del banco o el recibo que muestra el nombre de la PTA a que la contribuci\u00f3n fue hecha, y la fecha y la cantidad de la contribuci\u00f3n; por lo tanto las PTA deben dar un recibo por cada donativo de dinero efectivo.<\/p>\n<p>Las contribuciones en especie de $250 o m\u00e1s requieren de un acuse de recibo por escrito de parte de la PTA, el cual debe listar los art\u00edculos donados e incluir el N\u00famero de Identificaci\u00f3n de Empleador de la PTA.<\/p>\n<p>Al recibir una contribuci\u00f3n quid pro quo de $75 o m\u00e1s, las PTA deben suministrar un acuse de recibo por escrito, que cuantifique el valor de la donaci\u00f3n (el equivalente en efectivo) y consigne c\u00f3mo fue recibida la donaci\u00f3n (efectivo, bienes o servicios).<\/p>\n<p>En todo caso, aseg\u00farese de agradecer al donante por su generoso apoyo (ver <a href=\"http:\/\/downloads.capta.org\/toolkit\/formularios\/ReciboDeDonaci%C3%B3n.pdf\">Recibo de Donaci\u00f3n<\/a>).<\/p>\n<p><i>Contribuciones quid pro quo<\/i><\/p>\n<p>Los pagos recibidos en parte como donaci\u00f3n y en parte por bienes y servicios brindados al donante por la organizaci\u00f3n de beneficencia, se conocen como contribuciones quid pro quo. Por ejemplo, cuando un donante paga $100 por un boleto de concierto que normalmente costar\u00eda $40, $60 ser\u00e1n deducibles del impuesto sobre los ingresos. La contribuci\u00f3n quid pro quo es el monto total pagado, no el monto deducible. Por lo tanto, en este caso, al haber pagado el donante $100, se debe suministrar una nota de aclaraci\u00f3n.<\/p>\n<p>En el caso de una donaci\u00f3n de gran monto o una dotaci\u00f3n, la asociaci\u00f3n deber\u00e1 ponerse en contacto con la PTA de distrito o la PTA de California para orientaci\u00f3n.<\/p>\n<p style=\"font-weight: 400;\">Es posible que sea necesario presentar un formulario 8282 por donaciones de propiedades como veh\u00edculos y acciones (excepto valores que se cotizan en bolsa de valores) que se pueden vender y que est\u00e1n valoradas en m\u00e1s de $500,00, dependiendo de c\u00f3mo se determin\u00f3 el valor. Esto s\u00f3lo se aplica si la propiedad se vende dentro de los 3 a\u00f1os posteriores a la donaci\u00f3n, pero requiere que el donante complete parte del formulario. Dado que es posible que el donante no est\u00e9 disponible en 2 o 3 a\u00f1os, es una buena pr\u00e1ctica pedirle que complete el formulario en caso de que pueda venderlo durante ese per\u00edodo de tiempo.<\/p>\n<p style=\"font-weight: 400;\">Las donaciones no monetarias que excedan los $5000.00 requieren que se complete un formulario 8283 y se le entregue al donante para que pague sus impuestos. Tambi\u00e9n (excepto valores que se cotizan en bolsa de valores) los cuales deben ser evaluados por un evaluador externo calificado.<\/p>\n","protected":false},"excerpt":{"rendered":"<p>Con frecuencia, los miembros y donantes de la PTA dan por hecho que cualquier dinero que entregan a la PTA en relaci\u00f3n con una colecta de fondos es deducible de impuestos. Sin embargo, existen reglas y limitaciones a la deducci\u00f3n de dichos pagos. Las leyes estatales y federales requieren que las organizaciones caritativas exentas de [&hellip;]<\/p>\n","protected":false},"author":8,"featured_media":0,"parent":3279,"menu_order":0,"comment_status":"closed","ping_status":"closed","template":"","meta":{"footnotes":""},"class_list":["post-3312","page","type-page","status-publish","hentry","entry"],"_links":{"self":[{"href":"https:\/\/toolkit.capta.org\/es\/wp-json\/wp\/v2\/pages\/3312","targetHints":{"allow":["GET"]}}],"collection":[{"href":"https:\/\/toolkit.capta.org\/es\/wp-json\/wp\/v2\/pages"}],"about":[{"href":"https:\/\/toolkit.capta.org\/es\/wp-json\/wp\/v2\/types\/page"}],"author":[{"embeddable":true,"href":"https:\/\/toolkit.capta.org\/es\/wp-json\/wp\/v2\/users\/8"}],"replies":[{"embeddable":true,"href":"https:\/\/toolkit.capta.org\/es\/wp-json\/wp\/v2\/comments?post=3312"}],"version-history":[{"count":3,"href":"https:\/\/toolkit.capta.org\/es\/wp-json\/wp\/v2\/pages\/3312\/revisions"}],"predecessor-version":[{"id":11269,"href":"https:\/\/toolkit.capta.org\/es\/wp-json\/wp\/v2\/pages\/3312\/revisions\/11269"}],"up":[{"embeddable":true,"href":"https:\/\/toolkit.capta.org\/es\/wp-json\/wp\/v2\/pages\/3279"}],"wp:attachment":[{"href":"https:\/\/toolkit.capta.org\/es\/wp-json\/wp\/v2\/media?parent=3312"}],"curies":[{"name":"wp","href":"https:\/\/api.w.org\/{rel}","templated":true}]}}