{"id":3323,"date":"2013-11-12T15:30:50","date_gmt":"2013-11-12T23:30:50","guid":{"rendered":"http:\/\/toolkit.capta.org\/finance\/banking\/non-dues-revenue\/"},"modified":"2020-08-03T12:02:59","modified_gmt":"2020-08-03T19:02:59","slug":"non-dues-revenue","status":"publish","type":"page","link":"https:\/\/toolkit.capta.org\/es\/finance\/banking\/non-dues-revenue\/","title":{"rendered":"Ingresos adicionales a las cuotas de afiliaci\u00f3n"},"content":{"rendered":"<p>Puede suceder que una PTA necesite ingresos adicionales a las cuotas de afiliaci\u00f3n de modo de implementar los programas solicitados por sus miembros. Los programas como <i>e-scrip<\/i> son fuentes populares de ingresos no relacionadas con las cuotas. Trabajan aportando una parte de la venta de un producto o servicio a una causa caritativa. Generalmente, la cantidad de la contribuci\u00f3n est\u00e1 relacionada con las ventas o el uso del producto o servicio. La asociaci\u00f3n debe votar cada a\u00f1o para ser parte del programa.<\/p>\n<p><i>En el comercio electr\u00f3nico<\/i>, las compras se efect\u00faan por Internet. Las PTA pueden firmar contratos con compa\u00f1\u00edas por los cuales estas compa\u00f1\u00edas entregan a la PTA un porcentaje de las compras efectuadas por afiliados y no afiliados en concepto de contribuci\u00f3n. Las PTA tambi\u00e9n pueden ser designadas como beneficiarias de contribuciones caritativas en caso de que a un consumidor se le pida que elija una entidad ben\u00e9fica. (i.e., e-script)<\/p>\n<p>Independientemente del tipo de acuerdo, la PTA debe verificar que el contrato proteja la condici\u00f3n de exenci\u00f3n tributaria de la PTA y que no transija las pol\u00edticas de la PTA. El contrato puede estructurarse de forma de evitar ingresos por negocios no relacionados. El dinero recibido por las PTA debe registrarse como contribuciones en sus informes financieros.<\/p>\n<p>Si una PTA tiene preguntas o le preocupa que un programa pueda violar o comprometer el estado de exenci\u00f3n de impuestos de la PTA, p\u00f3ngase en contacto con la PTA de distrito o la PTA de California.<\/p>\n","protected":false},"excerpt":{"rendered":"<p>Puede suceder que una PTA necesite ingresos adicionales a las cuotas de afiliaci\u00f3n de modo de implementar los programas solicitados por sus miembros. Los programas como e-scrip son fuentes populares de ingresos no relacionadas con las cuotas. Trabajan aportando una parte de la venta de un producto o servicio a una causa caritativa. Generalmente, la [&hellip;]<\/p>\n","protected":false},"author":8,"featured_media":0,"parent":3279,"menu_order":0,"comment_status":"closed","ping_status":"closed","template":"","meta":{"footnotes":""},"class_list":["post-3323","page","type-page","status-publish","hentry","entry"],"_links":{"self":[{"href":"https:\/\/toolkit.capta.org\/es\/wp-json\/wp\/v2\/pages\/3323","targetHints":{"allow":["GET"]}}],"collection":[{"href":"https:\/\/toolkit.capta.org\/es\/wp-json\/wp\/v2\/pages"}],"about":[{"href":"https:\/\/toolkit.capta.org\/es\/wp-json\/wp\/v2\/types\/page"}],"author":[{"embeddable":true,"href":"https:\/\/toolkit.capta.org\/es\/wp-json\/wp\/v2\/users\/8"}],"replies":[{"embeddable":true,"href":"https:\/\/toolkit.capta.org\/es\/wp-json\/wp\/v2\/comments?post=3323"}],"version-history":[{"count":1,"href":"https:\/\/toolkit.capta.org\/es\/wp-json\/wp\/v2\/pages\/3323\/revisions"}],"predecessor-version":[{"id":10333,"href":"https:\/\/toolkit.capta.org\/es\/wp-json\/wp\/v2\/pages\/3323\/revisions\/10333"}],"up":[{"embeddable":true,"href":"https:\/\/toolkit.capta.org\/es\/wp-json\/wp\/v2\/pages\/3279"}],"wp:attachment":[{"href":"https:\/\/toolkit.capta.org\/es\/wp-json\/wp\/v2\/media?parent=3323"}],"curies":[{"name":"wp","href":"https:\/\/api.w.org\/{rel}","templated":true}]}}