{"id":3341,"date":"2013-11-12T15:31:44","date_gmt":"2013-11-12T23:31:44","guid":{"rendered":"http:\/\/toolkit.capta.org\/finance\/banking\/financial-procedures-for-the-internet\/"},"modified":"2024-03-27T15:41:27","modified_gmt":"2024-03-27T22:41:27","slug":"income-financial-procedures-for-the-internet","status":"publish","type":"page","link":"https:\/\/toolkit.capta.org\/es\/finance\/banking\/income-financial-procedures-for-the-internet\/","title":{"rendered":"Procedimientos financieros por internet"},"content":{"rendered":"<p><strong>Recaudaci\u00f3n de fondos:<\/strong> una recaudaci\u00f3n de fondos que use la Internet para \u00f3rdenes o compras de productos en que la PTA recibir\u00e1 un porcentaje de la venta necesita las mismas aprobaciones que requieren todas las actividades de recaudaci\u00f3n de fondos. Ver <a href=\"https:\/\/toolkit.capta.org\/es\/finance\/fundraising\/standards-for-pta-fundraising\/\">Normas para la recaudaci\u00f3n de fondos para las PTA<\/a>.<\/p>\n<p>Los sistemas de recaudaci\u00f3n de pagos en l\u00ednea dise\u00f1ados para uso comercial (es decir, PayPal, Square, cuenta comercial) son un m\u00e9todo aprobado para hacer los cobros. Los gastos autorizados pueden pagarse de este tipo de cuenta siempre que se sigan todas las pol\u00edticas y procedimientos financieros de la PTA. Se recomienda una cuenta bancaria separada (con los nombres de las personas autorizadas para firmar como indican las actas) pero no se requiere que se restrinja el acceso al Internet en la cuenta general de cheques. El uso de esta cuenta debe limitarse a la colecci\u00f3n de pagos y a pagos de gastos en l\u00ednea. Se debe utilizar un Formulario de Autorizaci\u00f3n para Transferir Fondos Entre Cuentas de la cuenta en l\u00ednea\/Internet a la cuenta corriente general. Se debe completar una Autorizaci\u00f3n de Pago mediante EFT\/ACH\/Servicios de Pago de Facturas Bancarias firmada por dos personas autorizadas de firmar cheques para todos los pagos. Todos los ingresos deben contabilizarse y detallarse en los informes mensuales del tesorero. Las cuentas del sistema de cobro de pagos en l\u00ednea requieren revisiones financieras separadas si no se depositan autom\u00e1ticamente en la cuenta corriente principal.<\/p>\n<p>Es posible que se anuncien la venta de rifas en su sitio web, pero usted no puede cobrar el pago de los boletos en l\u00ednea. El Procurador General requiere que los boletos de la rifa solo se vendan en persona.<\/p>\n<p>Se recomienda tener \u00a0Cobertura de Seguro de Cibern\u00e9tico para estar protegido contra posibles p\u00e9rdidas debido al uso de los sistemas de cobro en l\u00ednea.<\/p>\n<p>Las aplicaciones de pago de persona a persona no est\u00e1n dise\u00f1adas para uso comercial y no est\u00e1n protegidas por seguros de la FDIC ni por funciones de seguridad a nivel bancario y, por lo tanto, no deben ser utilizadas por las PTAs. Las aplicaciones bancarias que se pueden conectar directamente a una cuenta bancaria de la PTA sin que se utilice una cuenta personal como garante o servicio de transferencia son opciones aceptables.<\/p>\n","protected":false},"excerpt":{"rendered":"<p>Recaudaci\u00f3n de fondos: una recaudaci\u00f3n de fondos que use la Internet para \u00f3rdenes o compras de productos en que la PTA recibir\u00e1 un porcentaje de la venta necesita las mismas aprobaciones que requieren todas las actividades de recaudaci\u00f3n de fondos. Ver Normas para la recaudaci\u00f3n de fondos para las PTA. Los sistemas de recaudaci\u00f3n de [&hellip;]<\/p>\n","protected":false},"author":8,"featured_media":0,"parent":3279,"menu_order":0,"comment_status":"closed","ping_status":"closed","template":"","meta":{"footnotes":""},"class_list":["post-3341","page","type-page","status-publish","hentry","entry"],"_links":{"self":[{"href":"https:\/\/toolkit.capta.org\/es\/wp-json\/wp\/v2\/pages\/3341","targetHints":{"allow":["GET"]}}],"collection":[{"href":"https:\/\/toolkit.capta.org\/es\/wp-json\/wp\/v2\/pages"}],"about":[{"href":"https:\/\/toolkit.capta.org\/es\/wp-json\/wp\/v2\/types\/page"}],"author":[{"embeddable":true,"href":"https:\/\/toolkit.capta.org\/es\/wp-json\/wp\/v2\/users\/8"}],"replies":[{"embeddable":true,"href":"https:\/\/toolkit.capta.org\/es\/wp-json\/wp\/v2\/comments?post=3341"}],"version-history":[{"count":3,"href":"https:\/\/toolkit.capta.org\/es\/wp-json\/wp\/v2\/pages\/3341\/revisions"}],"predecessor-version":[{"id":11200,"href":"https:\/\/toolkit.capta.org\/es\/wp-json\/wp\/v2\/pages\/3341\/revisions\/11200"}],"up":[{"embeddable":true,"href":"https:\/\/toolkit.capta.org\/es\/wp-json\/wp\/v2\/pages\/3279"}],"wp:attachment":[{"href":"https:\/\/toolkit.capta.org\/es\/wp-json\/wp\/v2\/media?parent=3341"}],"curies":[{"name":"wp","href":"https:\/\/api.w.org\/{rel}","templated":true}]}}