{"id":3352,"date":"2013-11-12T15:44:19","date_gmt":"2013-11-12T23:44:19","guid":{"rendered":"http:\/\/toolkit.capta.org\/finance\/banking\/expenditures\/"},"modified":"2015-01-28T08:24:56","modified_gmt":"2015-01-28T16:24:56","slug":"expenditures","status":"publish","type":"page","link":"https:\/\/toolkit.capta.org\/es\/finance\/banking\/expenditures\/","title":{"rendered":"Gastos"},"content":{"rendered":"<p><b>La aprobaci\u00f3n del presupuesto no autoriza el gasto de los fondos. <\/b>Los planes del comit\u00e9 deben ser aprobados por la junta ejecutiva y los fondos deben ser autorizados por la junta ejecutiva o la asociaci\u00f3n antes de la ejecuci\u00f3n de los planes o se cualquier fondo se gaste. Las facturas deber\u00e1n presentarse para el pago.<\/p>\n<p>No se requiere la aprobaci\u00f3n de la junta ejecutiva ni de la asociaci\u00f3n para el desembolso de fondos no pertenecientes a la unidad. (<a href=\"https:\/\/toolkit.capta.org\/es\/finance\/budgeting\/funds-not-belonging-to-the-unit\/\">Fondos no pertenecientes a la unidad<\/a>). Todos estos cheques deben ratificarse en la siguiente reuni\u00f3n de la asociaci\u00f3n.<\/p>\n","protected":false},"excerpt":{"rendered":"<p>La aprobaci\u00f3n del presupuesto no autoriza el gasto de los fondos. Los planes del comit\u00e9 deben ser aprobados por la junta ejecutiva y los fondos deben ser autorizados por la junta ejecutiva o la asociaci\u00f3n antes de la ejecuci\u00f3n de los planes o se cualquier fondo se gaste. Las facturas deber\u00e1n presentarse para el pago. [&hellip;]<\/p>\n","protected":false},"author":8,"featured_media":0,"parent":3279,"menu_order":0,"comment_status":"closed","ping_status":"closed","template":"","meta":{"footnotes":""},"class_list":["post-3352","page","type-page","status-publish","hentry","entry"],"_links":{"self":[{"href":"https:\/\/toolkit.capta.org\/es\/wp-json\/wp\/v2\/pages\/3352","targetHints":{"allow":["GET"]}}],"collection":[{"href":"https:\/\/toolkit.capta.org\/es\/wp-json\/wp\/v2\/pages"}],"about":[{"href":"https:\/\/toolkit.capta.org\/es\/wp-json\/wp\/v2\/types\/page"}],"author":[{"embeddable":true,"href":"https:\/\/toolkit.capta.org\/es\/wp-json\/wp\/v2\/users\/8"}],"replies":[{"embeddable":true,"href":"https:\/\/toolkit.capta.org\/es\/wp-json\/wp\/v2\/comments?post=3352"}],"version-history":[{"count":0,"href":"https:\/\/toolkit.capta.org\/es\/wp-json\/wp\/v2\/pages\/3352\/revisions"}],"up":[{"embeddable":true,"href":"https:\/\/toolkit.capta.org\/es\/wp-json\/wp\/v2\/pages\/3279"}],"wp:attachment":[{"href":"https:\/\/toolkit.capta.org\/es\/wp-json\/wp\/v2\/media?parent=3352"}],"curies":[{"name":"wp","href":"https:\/\/api.w.org\/{rel}","templated":true}]}}