{"id":3356,"date":"2013-11-12T15:46:21","date_gmt":"2013-11-12T23:46:21","guid":{"rendered":"http:\/\/toolkit.capta.org\/finance\/banking\/check-request-system\/"},"modified":"2020-08-03T12:12:35","modified_gmt":"2020-08-03T19:12:35","slug":"check-request-system","status":"publish","type":"page","link":"https:\/\/toolkit.capta.org\/es\/finance\/banking\/check-request-system\/","title":{"rendered":"Sistema de solicitud de cheques: Autorizaci\u00f3n de pago y Solicitud de reembolso"},"content":{"rendered":"<p>El formulario de autorizaci\u00f3n de pago\/solicitud de reembolso es una combinaci\u00f3n de dos formularios: Autorizaci\u00f3n de pago y Solicitud de reembolso. La autorizaci\u00f3n de pago\/solicitud de reembolso debe incluir la siguiente informaci\u00f3n: fecha, n\u00famero de cheque, destinatario del pago, monto a pagar y partida(s) presupuestaria(s), con las firmas del secretario y del presidente, autorizando el pago luego de ser aprobado por la asociaci\u00f3n. Los recibos deben adjuntarse.<\/p>\n<p>La aprobaci\u00f3n del presupuesto no autoriza el gasto de los fondos, excepto lo establecido en los estatutos. El jefe del comit\u00e9 debe presentar primero los planes que incluyan un presupuesto detallado a la junta ejecutiva para su aprobaci\u00f3n. La junta ejecutiva tiene la autoridad para autorizar las facturas de la asociaci\u00f3n dentro de los l\u00edmites del presupuesto aprobado por la asociaci\u00f3n. Todo el dinero y los pagos deben estar dentro del presupuesto aprobado y deben ser pre aprobados (fondos liberados) por la asociaci\u00f3n en una reuni\u00f3n de la asociaci\u00f3n para su desembolso o bien ratificados por la asociaci\u00f3n en la siguiente reuni\u00f3n de la asociaci\u00f3n. A fin de desembolsar fondos para cualquier actividad, una moci\u00f3n se debe presentar para el desembolso de los fondos en una reuni\u00f3n de la asociaci\u00f3n. \u201cPropongo desembolsar hasta $600,00 para el festival de oto\u00f1o. Categor\u00eda presupuestaria: festival de oto\u00f1o\u201d. El tesorero debe proporcionar un informe de comparaci\u00f3n de presupuesto al presupuesto real a la mesa directiva al menos trimestralmente con la variaci\u00f3n de todos los fondos pagados.<\/p>\n<p>Despu\u00e9s de la autorizaci\u00f3n por la junta ejecutiva o de la asociaci\u00f3n, la presentaci\u00f3n formulario de autorizaci\u00f3n de pago\/formulario solicitud de reembolso adecuadamente lleno permite al tesorero emitir cheques. No es necesario esperar hasta la pr\u00f3xima reuni\u00f3n de la asociaci\u00f3n para rembolsar dinero.<\/p>\n<p>Las personas autorizadas a comprar suministros para la PTA cuyo costo les ser\u00e1 reembolsado pueden solicitar un adelanto en una cantidad que no sea mayor a sus gastos estimados. El Adelanto debe ser aprobado antes por la junta ejecutiva. (<a href=\"https:\/\/toolkit.capta.org\/es\/finance\/banking\/request-for-advance\/\">Solicitud de reembolso; cap\u00edtulo de Formularios<\/a>).<\/p>\n","protected":false},"excerpt":{"rendered":"<p>El formulario de autorizaci\u00f3n de pago\/solicitud de reembolso es una combinaci\u00f3n de dos formularios: Autorizaci\u00f3n de pago y Solicitud de reembolso. La autorizaci\u00f3n de pago\/solicitud de reembolso debe incluir la siguiente informaci\u00f3n: fecha, n\u00famero de cheque, destinatario del pago, monto a pagar y partida(s) presupuestaria(s), con las firmas del secretario y del presidente, autorizando el [&hellip;]<\/p>\n","protected":false},"author":8,"featured_media":0,"parent":3279,"menu_order":0,"comment_status":"closed","ping_status":"closed","template":"","meta":{"footnotes":""},"class_list":["post-3356","page","type-page","status-publish","hentry","entry"],"_links":{"self":[{"href":"https:\/\/toolkit.capta.org\/es\/wp-json\/wp\/v2\/pages\/3356","targetHints":{"allow":["GET"]}}],"collection":[{"href":"https:\/\/toolkit.capta.org\/es\/wp-json\/wp\/v2\/pages"}],"about":[{"href":"https:\/\/toolkit.capta.org\/es\/wp-json\/wp\/v2\/types\/page"}],"author":[{"embeddable":true,"href":"https:\/\/toolkit.capta.org\/es\/wp-json\/wp\/v2\/users\/8"}],"replies":[{"embeddable":true,"href":"https:\/\/toolkit.capta.org\/es\/wp-json\/wp\/v2\/comments?post=3356"}],"version-history":[{"count":3,"href":"https:\/\/toolkit.capta.org\/es\/wp-json\/wp\/v2\/pages\/3356\/revisions"}],"predecessor-version":[{"id":10335,"href":"https:\/\/toolkit.capta.org\/es\/wp-json\/wp\/v2\/pages\/3356\/revisions\/10335"}],"up":[{"embeddable":true,"href":"https:\/\/toolkit.capta.org\/es\/wp-json\/wp\/v2\/pages\/3279"}],"wp:attachment":[{"href":"https:\/\/toolkit.capta.org\/es\/wp-json\/wp\/v2\/media?parent=3356"}],"curies":[{"name":"wp","href":"https:\/\/api.w.org\/{rel}","templated":true}]}}