{"id":3368,"date":"2013-11-12T15:51:09","date_gmt":"2013-11-12T23:51:09","guid":{"rendered":"http:\/\/toolkit.capta.org\/finance\/banking\/unbudgeted-expenditures\/"},"modified":"2013-12-06T14:28:19","modified_gmt":"2013-12-06T22:28:19","slug":"unbudgeted-expenditures","status":"publish","type":"page","link":"https:\/\/toolkit.capta.org\/es\/finance\/banking\/unbudgeted-expenditures\/","title":{"rendered":"Gastos no presupuestarios"},"content":{"rendered":"<p>Los afiliados deben aprobar todos los gastos. Si la junta decide desembolsar dinero en gastos no autorizados y luego presenta una factura no aprobada para su pago o ratificaci\u00f3n, los miembros pueden decidir no pagar dicha factura. Si las facturas no son aprobadas o ratificadas por los afiliados, la junta ejecutiva es responsable en forma personal por cualquier fondo de la PTA que se deba. Si con la cuenta de la PTA se efect\u00faa el pago de una cuenta no aprobada o ratificada, la junta ejecutiva deber\u00e1 reintegrar los fondos.<\/p>\n<p>Los lineamientos para los gastos no presupuestados son los siguientes:<\/p>\n<ul>\n<li>Ocho o m\u00e1s reuniones de la asociaci\u00f3n, por a\u00f1o, hasta quinientos d\u00f3lares ($500)<\/li>\n<li>De cinco a siete reuniones de la asociaci\u00f3n, por a\u00f1o, hasta setecientos cincuenta d\u00f3lares ($750)<\/li>\n<li>Cuatro o menos reuniones de la asociaci\u00f3n, por a\u00f1o, hasta mil d\u00f3lares ($1.000)<\/li>\n<\/ul>\n<p>Consulte sus estatutos sobre el monto espec\u00edfico permitido. El pago de estas cuentas debe ratificarse en la siguiente reuni\u00f3n de la asociaci\u00f3n y registrarse en las actas de la asociaci\u00f3n.<\/p>\n","protected":false},"excerpt":{"rendered":"<p>Los afiliados deben aprobar todos los gastos. Si la junta decide desembolsar dinero en gastos no autorizados y luego presenta una factura no aprobada para su pago o ratificaci\u00f3n, los miembros pueden decidir no pagar dicha factura. Si las facturas no son aprobadas o ratificadas por los afiliados, la junta ejecutiva es responsable en forma [&hellip;]<\/p>\n","protected":false},"author":8,"featured_media":0,"parent":3279,"menu_order":0,"comment_status":"closed","ping_status":"closed","template":"","meta":{"footnotes":""},"class_list":["post-3368","page","type-page","status-publish","hentry","entry"],"_links":{"self":[{"href":"https:\/\/toolkit.capta.org\/es\/wp-json\/wp\/v2\/pages\/3368","targetHints":{"allow":["GET"]}}],"collection":[{"href":"https:\/\/toolkit.capta.org\/es\/wp-json\/wp\/v2\/pages"}],"about":[{"href":"https:\/\/toolkit.capta.org\/es\/wp-json\/wp\/v2\/types\/page"}],"author":[{"embeddable":true,"href":"https:\/\/toolkit.capta.org\/es\/wp-json\/wp\/v2\/users\/8"}],"replies":[{"embeddable":true,"href":"https:\/\/toolkit.capta.org\/es\/wp-json\/wp\/v2\/comments?post=3368"}],"version-history":[{"count":0,"href":"https:\/\/toolkit.capta.org\/es\/wp-json\/wp\/v2\/pages\/3368\/revisions"}],"up":[{"embeddable":true,"href":"https:\/\/toolkit.capta.org\/es\/wp-json\/wp\/v2\/pages\/3279"}],"wp:attachment":[{"href":"https:\/\/toolkit.capta.org\/es\/wp-json\/wp\/v2\/media?parent=3368"}],"curies":[{"name":"wp","href":"https:\/\/api.w.org\/{rel}","templated":true}]}}