{"id":3432,"date":"2013-11-12T15:53:33","date_gmt":"2013-11-12T23:53:33","guid":{"rendered":"http:\/\/toolkit.capta.org\/finance\/banking\/request-for-advance\/"},"modified":"2021-11-16T12:59:21","modified_gmt":"2021-11-16T20:59:21","slug":"request-for-advance","status":"publish","type":"page","link":"https:\/\/toolkit.capta.org\/es\/finance\/banking\/request-for-advance\/","title":{"rendered":"Solicitud de adelanto"},"content":{"rendered":"<p>A fin de recibir un adelanto para un gasto aprobado, se debe llenar el formulario de la <a href=\"http:\/\/downloads.capta.org\/toolkit\/formularios\/SolicitudDeAdelantoAutorizaci%C3%B3nDePago.pdf\" target=\"_blank\" rel=\"noopener\">Solicitud de Adelanto\/Autorizaci\u00f3n de pago<\/a>, el cual debe ser aprobado por el presidente y devuelto al tesorero junto con un formulario de <a href=\"http:\/\/downloads.capta.org\/toolkit\/formularios\/Autorizaci%C3%B3nDePagoSolicitudReembolso.pdf\" target=\"_blank\" rel=\"noopener\">Autorizaci\u00f3n de pago\/solicitud de reembolso<\/a>. Adem\u00e1s, Se debe presentar un Formulario de Autorizaci\u00f3n de Pago\/Reembolso de Gastos (Cap\u00edtulo de formularios) dentro de los 45 d\u00edas posteriores del d\u00eda que el solicitante recibi\u00f3 el anticipo. Si se hubiese adelantado m\u00e1s dinero del gastado, un reembolso con la diferencia debe acompa\u00f1ar el Informe de Gastos. Si los gastos superan la cantidad adelantada pero el total no excede el monto aprobado, puede reembolsarse la diferencia. Si el total excede el monto aprobado, el monto excesivo deber\u00e1 ser aprobado por la junta y ratificado por la asociaci\u00f3n antes de que se reembolse el monto adicional.<\/p>\n","protected":false},"excerpt":{"rendered":"<p>A fin de recibir un adelanto para un gasto aprobado, se debe llenar el formulario de la Solicitud de Adelanto\/Autorizaci\u00f3n de pago, el cual debe ser aprobado por el presidente y devuelto al tesorero junto con un formulario de Autorizaci\u00f3n de pago\/solicitud de reembolso. Adem\u00e1s, Se debe presentar un Formulario de Autorizaci\u00f3n de Pago\/Reembolso de [&hellip;]<\/p>\n","protected":false},"author":8,"featured_media":0,"parent":3279,"menu_order":0,"comment_status":"closed","ping_status":"closed","template":"","meta":{"footnotes":""},"class_list":["post-3432","page","type-page","status-publish","hentry","entry"],"_links":{"self":[{"href":"https:\/\/toolkit.capta.org\/es\/wp-json\/wp\/v2\/pages\/3432","targetHints":{"allow":["GET"]}}],"collection":[{"href":"https:\/\/toolkit.capta.org\/es\/wp-json\/wp\/v2\/pages"}],"about":[{"href":"https:\/\/toolkit.capta.org\/es\/wp-json\/wp\/v2\/types\/page"}],"author":[{"embeddable":true,"href":"https:\/\/toolkit.capta.org\/es\/wp-json\/wp\/v2\/users\/8"}],"replies":[{"embeddable":true,"href":"https:\/\/toolkit.capta.org\/es\/wp-json\/wp\/v2\/comments?post=3432"}],"version-history":[{"count":1,"href":"https:\/\/toolkit.capta.org\/es\/wp-json\/wp\/v2\/pages\/3432\/revisions"}],"predecessor-version":[{"id":10726,"href":"https:\/\/toolkit.capta.org\/es\/wp-json\/wp\/v2\/pages\/3432\/revisions\/10726"}],"up":[{"embeddable":true,"href":"https:\/\/toolkit.capta.org\/es\/wp-json\/wp\/v2\/pages\/3279"}],"wp:attachment":[{"href":"https:\/\/toolkit.capta.org\/es\/wp-json\/wp\/v2\/media?parent=3432"}],"curies":[{"name":"wp","href":"https:\/\/api.w.org\/{rel}","templated":true}]}}