{"id":3435,"date":"2013-11-12T15:54:24","date_gmt":"2013-11-12T23:54:24","guid":{"rendered":"http:\/\/toolkit.capta.org\/finance\/banking\/stale-dated-checks\/"},"modified":"2020-07-17T16:12:07","modified_gmt":"2020-07-17T23:12:07","slug":"stale-dated-checks","status":"publish","type":"page","link":"https:\/\/toolkit.capta.org\/es\/finance\/banking\/stale-dated-checks\/","title":{"rendered":"Cheques con fecha vencida"},"content":{"rendered":"<p>Si un cheque no se ha depositado 30-45 d\u00edas despu\u00e9s de su emisi\u00f3n, p\u00f3ngase en contacto con el beneficiario para determinar la raz\u00f3n. Si el cheque est\u00e1 pendiente de cobro despu\u00e9s de 90 d\u00edas, puede ser necesario detener el pago. El Banco puede cobrar una tarifa para detener el pago.<\/p>\n<p>La partida original fue registrada debajo de \u201cPagos\u201d. Registre nuevamente el cheque no cobrado en la columna de pagos, con el monto entre par\u00e9ntesis, lo que revierte la transacci\u00f3n original y no se suma a los ingresos brutos. Algunos programas de computaci\u00f3n permiten un signo negativo o de menos en lugar de par\u00e9ntesis. Si se solicita el pago, extienda un nuevo cheque.<\/p>\n<p><em>Por ejemplo:<\/em><\/p>\n<p style=\"padding-left: 30px;\">Partida original: 2\/07\/03\u00a0\u00a0\u00a0\u00a0\u00a0\u00a0\u00a0\u00a0\u00a0\u00a0\u00a0\u00a0\u00a0\u00a0 \u00a0 \u00a0\u00a0 \u00a0 Cheque 1098<br \/>\nJenny King\u00a0\u00a0\u00a0\u00a0\u00a0\u00a0\u00a0\u00a0\u00a0\u00a0\u00a0\u00a0\u00a0\u00a0\u00a0\u00a0\u00a0\u00a0\u00a0\u00a0\u00a0\u00a0\u00a0\u00a0\u00a0\u00a0\u00a0\u00a0\u00a0\u00a0\u00a0\u00a0\u00a0\u00a0\u00a0\u00a0\u00a0 \u00a0 \u00a0 \u00a0 \u00a0 \u00a0 $30,00<\/p>\n<p style=\"padding-left: 30px;\">Registre una segunda vez: 5\/04\/03\u00a0\u00a0\u00a0 Cheque 1098<br \/>\nJenny King, cheque no cobrado \u00a0\u00a0\u00a0\u00a0\u00a0\u00a0\u00a0\u00a0 ($30,00)<\/p>\n<p>\u00abNulo\u00bb no puede utilizarse en la mayor\u00eda de programas de software m\u00e1s porque tiene el efecto de reducir a cero el cheque en la fecha escrita, lo que cambia todos los informes del mes anterior. Grabar la nueva transacci\u00f3n con la nueva fecha para anular el cheque. Anote el cheque anulado como cheque negativo en el informe de tesorer\u00eda. Aunque no se necesita una moci\u00f3n para anular un cheque, se necesitan para emitirlo de nuevo, especialmente si el cheque fue emitido en un plazo anterior. Algunos programas, como MyPTEZ, graban el \u00abnulo\u00bb con la fecha actual. Compruebe el programa actualmente en uso para determinar la mejor forma de anular cheques.<\/p>\n","protected":false},"excerpt":{"rendered":"<p>Si un cheque no se ha depositado 30-45 d\u00edas despu\u00e9s de su emisi\u00f3n, p\u00f3ngase en contacto con el beneficiario para determinar la raz\u00f3n. Si el cheque est\u00e1 pendiente de cobro despu\u00e9s de 90 d\u00edas, puede ser necesario detener el pago. El Banco puede cobrar una tarifa para detener el pago. La partida original fue registrada [&hellip;]<\/p>\n","protected":false},"author":8,"featured_media":0,"parent":3279,"menu_order":0,"comment_status":"closed","ping_status":"closed","template":"","meta":{"footnotes":""},"class_list":["post-3435","page","type-page","status-publish","hentry","entry"],"_links":{"self":[{"href":"https:\/\/toolkit.capta.org\/es\/wp-json\/wp\/v2\/pages\/3435","targetHints":{"allow":["GET"]}}],"collection":[{"href":"https:\/\/toolkit.capta.org\/es\/wp-json\/wp\/v2\/pages"}],"about":[{"href":"https:\/\/toolkit.capta.org\/es\/wp-json\/wp\/v2\/types\/page"}],"author":[{"embeddable":true,"href":"https:\/\/toolkit.capta.org\/es\/wp-json\/wp\/v2\/users\/8"}],"replies":[{"embeddable":true,"href":"https:\/\/toolkit.capta.org\/es\/wp-json\/wp\/v2\/comments?post=3435"}],"version-history":[{"count":1,"href":"https:\/\/toolkit.capta.org\/es\/wp-json\/wp\/v2\/pages\/3435\/revisions"}],"predecessor-version":[{"id":10259,"href":"https:\/\/toolkit.capta.org\/es\/wp-json\/wp\/v2\/pages\/3435\/revisions\/10259"}],"up":[{"embeddable":true,"href":"https:\/\/toolkit.capta.org\/es\/wp-json\/wp\/v2\/pages\/3279"}],"wp:attachment":[{"href":"https:\/\/toolkit.capta.org\/es\/wp-json\/wp\/v2\/media?parent=3435"}],"curies":[{"name":"wp","href":"https:\/\/api.w.org\/{rel}","templated":true}]}}