{"id":3439,"date":"2013-10-28T15:51:01","date_gmt":"2013-10-28T22:51:01","guid":{"rendered":"http:\/\/toolkit.capta.org\/finance\/budgeting\/"},"modified":"2015-02-05T14:17:31","modified_gmt":"2015-02-05T22:17:31","slug":"budgeting","status":"publish","type":"page","link":"https:\/\/toolkit.capta.org\/es\/finance\/budgeting\/","title":{"rendered":"Presupuestaci\u00f3n"},"content":{"rendered":"<p>El presupuesto es una representaci\u00f3n financiera de los objetivos, las actividades y operaciones que una PTA espera llevar a cabo durante un per\u00edodo de tiempo espec\u00edfico. El presupuesto calcula ingresos y gastos para el a\u00f1o y debe presentarse a la asociaci\u00f3n para su aprobaci\u00f3n y debe constar en el acta de asociaci\u00f3n. El presupuesto debe coincidir con la duraci\u00f3n del mandato, que normalmente es tambi\u00e9n el a\u00f1o fiscal de la asociaci\u00f3n.<\/p>\n<p><a href=\"https:\/\/toolkit.capta.org\/es\/finance\/budgeting\/developing-the-budget\/\">Desarrollo del presupuesto<\/a><br \/>\n<a href=\"https:\/\/toolkit.capta.org\/es\/finance\/budgeting\/recommended-budget-line-items\/\">Partidas presupuestarias recomendadas<\/a><br \/>\n<a href=\"https:\/\/toolkit.capta.org\/es\/finance\/budgeting\/funds-not-belonging-to-the-unit\/\">Fondos no pertenecientes a la unidad<\/a><br \/>\n<a href=\"https:\/\/toolkit.capta.org\/es\/finance\/budgeting\/approving-the-budget\/\">Aprobaci\u00f3n del presupuesto<\/a><br \/>\n<a href=\"https:\/\/toolkit.capta.org\/es\/finance\/budgeting\/amending-the-budget\/\">Modificando el presupuesto<\/a><br \/>\n<a href=\"https:\/\/toolkit.capta.org\/es\/finance\/budgeting\/protecting-pta-tax-exemption\/\">Protecci\u00f3n de la exenci\u00f3n tributaria de la PTA<\/a><\/p>\n","protected":false},"excerpt":{"rendered":"<p>El presupuesto es una representaci\u00f3n financiera de los objetivos, las actividades y operaciones que una PTA espera llevar a cabo durante un per\u00edodo de tiempo espec\u00edfico. El presupuesto calcula ingresos y gastos para el a\u00f1o y debe presentarse a la asociaci\u00f3n para su aprobaci\u00f3n y debe constar en el acta de asociaci\u00f3n. El presupuesto debe [&hellip;]<\/p>\n","protected":false},"author":8,"featured_media":0,"parent":3057,"menu_order":0,"comment_status":"closed","ping_status":"closed","template":"","meta":{"footnotes":""},"class_list":["post-3439","page","type-page","status-publish","hentry","entry"],"_links":{"self":[{"href":"https:\/\/toolkit.capta.org\/es\/wp-json\/wp\/v2\/pages\/3439","targetHints":{"allow":["GET"]}}],"collection":[{"href":"https:\/\/toolkit.capta.org\/es\/wp-json\/wp\/v2\/pages"}],"about":[{"href":"https:\/\/toolkit.capta.org\/es\/wp-json\/wp\/v2\/types\/page"}],"author":[{"embeddable":true,"href":"https:\/\/toolkit.capta.org\/es\/wp-json\/wp\/v2\/users\/8"}],"replies":[{"embeddable":true,"href":"https:\/\/toolkit.capta.org\/es\/wp-json\/wp\/v2\/comments?post=3439"}],"version-history":[{"count":0,"href":"https:\/\/toolkit.capta.org\/es\/wp-json\/wp\/v2\/pages\/3439\/revisions"}],"up":[{"embeddable":true,"href":"https:\/\/toolkit.capta.org\/es\/wp-json\/wp\/v2\/pages\/3057"}],"wp:attachment":[{"href":"https:\/\/toolkit.capta.org\/es\/wp-json\/wp\/v2\/media?parent=3439"}],"curies":[{"name":"wp","href":"https:\/\/api.w.org\/{rel}","templated":true}]}}