{"id":3442,"date":"2013-11-12T15:55:59","date_gmt":"2013-11-12T23:55:59","guid":{"rendered":"http:\/\/toolkit.capta.org\/finance\/budgeting\/developing-the-budget\/"},"modified":"2015-02-09T14:14:38","modified_gmt":"2015-02-09T22:14:38","slug":"developing-the-budget","status":"publish","type":"page","link":"https:\/\/toolkit.capta.org\/es\/finance\/budgeting\/developing-the-budget\/","title":{"rendered":"Desarrollo del presupuesto"},"content":{"rendered":"<p>La comisi\u00f3n presupuestaria, que es designada por el presidente (o por el presidente electo si el presupuesto est\u00e1 en desarrollo para el per\u00edodo subsiguiente, previo a la toma de posesi\u00f3n), tiene la responsabilidad de desarrollar el presupuesto anual. Se designa al tesorero (o al tesorero electo si el presupuesto est\u00e1 en desarrollo para el per\u00edodo subsiguiente, previo a la toma de posesi\u00f3n) como presidente de la comisi\u00f3n. La comisi\u00f3n presupuestaria puede incluir a funcionarios financieros, al director u otro administrador de la escuela, el presidente (ex oficio) y otros. La Junta Ejecutiva debe haber encuestado a la comunidad escolar antes de desarrollar los objetivos y programas.<\/p>\n<p>Una vez establecidos los objetivos y prioridades, el Comit\u00e9 debe:<\/p>\n<ul>\n<li>Conocer los objetivos que la asociaci\u00f3n est\u00e1 tratando de lograr para el a\u00f1o y planificar en consecuencia las finanzas.<\/li>\n<li>Invitar a miembros de la junta a enviar sugerencias.<\/li>\n<li>Examinar el programa o los programas propuestos por la comisi\u00f3n de programas, incluyendo proyecciones de gastos detalladas.<\/li>\n<li>Examinar presupuestos anteriores, ingresos y gastos.<\/li>\n<li>Calcular los posibles ingresos de todas las fuentes.<\/li>\n<li>Conciliar el ingreso probable con los gastos probables.<\/li>\n<li>Determinar el monto de fondos para transferir que deben apartarse para empezar las operaciones del subsiguiente a\u00f1o fiscal de la PTA, antes de las actividades de recaudaci\u00f3n de fondos.<\/li>\n<li>Los Fondos de Reserva no Asignados representan el monto que queda despu\u00e9s de asignar los fondos para los programas dentro del presupuesto y las actividades y se pueden usar para cubrir cualquier gasto inesperado o no planificado en el a\u00f1o fiscal corriente.<\/li>\n<\/ul>\n","protected":false},"excerpt":{"rendered":"<p>La comisi\u00f3n presupuestaria, que es designada por el presidente (o por el presidente electo si el presupuesto est\u00e1 en desarrollo para el per\u00edodo subsiguiente, previo a la toma de posesi\u00f3n), tiene la responsabilidad de desarrollar el presupuesto anual. Se designa al tesorero (o al tesorero electo si el presupuesto est\u00e1 en desarrollo para el per\u00edodo [&hellip;]<\/p>\n","protected":false},"author":8,"featured_media":0,"parent":3439,"menu_order":0,"comment_status":"closed","ping_status":"closed","template":"","meta":{"footnotes":""},"class_list":["post-3442","page","type-page","status-publish","hentry","entry"],"_links":{"self":[{"href":"https:\/\/toolkit.capta.org\/es\/wp-json\/wp\/v2\/pages\/3442","targetHints":{"allow":["GET"]}}],"collection":[{"href":"https:\/\/toolkit.capta.org\/es\/wp-json\/wp\/v2\/pages"}],"about":[{"href":"https:\/\/toolkit.capta.org\/es\/wp-json\/wp\/v2\/types\/page"}],"author":[{"embeddable":true,"href":"https:\/\/toolkit.capta.org\/es\/wp-json\/wp\/v2\/users\/8"}],"replies":[{"embeddable":true,"href":"https:\/\/toolkit.capta.org\/es\/wp-json\/wp\/v2\/comments?post=3442"}],"version-history":[{"count":0,"href":"https:\/\/toolkit.capta.org\/es\/wp-json\/wp\/v2\/pages\/3442\/revisions"}],"up":[{"embeddable":true,"href":"https:\/\/toolkit.capta.org\/es\/wp-json\/wp\/v2\/pages\/3439"}],"wp:attachment":[{"href":"https:\/\/toolkit.capta.org\/es\/wp-json\/wp\/v2\/media?parent=3442"}],"curies":[{"name":"wp","href":"https:\/\/api.w.org\/{rel}","templated":true}]}}