{"id":3451,"date":"2013-11-12T15:57:55","date_gmt":"2013-11-12T23:57:55","guid":{"rendered":"http:\/\/toolkit.capta.org\/finance\/budgeting\/funds-not-belonging-to-the-unit\/"},"modified":"2020-08-03T12:31:54","modified_gmt":"2020-08-03T19:31:54","slug":"funds-not-belonging-to-the-unit","status":"publish","type":"page","link":"https:\/\/toolkit.capta.org\/es\/finance\/budgeting\/funds-not-belonging-to-the-unit\/","title":{"rendered":"Fondos no pertenecientes a la unidad"},"content":{"rendered":"<p>De las cuotas de afiliaci\u00f3n, las porciones del consejo, del distrito, de la PTA estatal y de la PTA nacional y la donaci\u00f3n voluntaria del D\u00eda de los Fundadores, no forman parte de los fondos de la unidad que se usan para gastos. No deben incluirse en el presupuesto anual como ingresos para prop\u00f3sitos de planeaci\u00f3n del presupuesto. Tampoco se incluyen en los ingresos brutos cuando se declara al Servicio de Impuestos Internos (IRS, por sus siglas en ingl\u00e9s) (<a href=\"https:\/\/toolkit.capta.org\/es\/finance\/tax-filing\/gross-receipts\/\">Ingresos brutos<\/a>). Estos fondos pueden pagarse sin la autorizaci\u00f3n de los afiliados. Dichos fondos deben enviarse inmediatamente a trav\u00e9s de los canales. Se deben emitir formularios de remesas de la PTA del consejo o distrito para garantizar la asignaci\u00f3n adecuada de los fondos de la unidad.<\/p>\n<p>Todos los desembolsos de fondos no pertenecientes a la unidad deben registrarse en el siguiente informe del tesorero e informar de su pago a la asociaci\u00f3n. Las PTA de distrito y consejo establecen sus propias fechas con suficiente anticipaci\u00f3n para tener suficiente tiempo para que esos fondos de transferencia se reciban en las oficinas de la PTA de California (<a href=\"http:\/\/downloads.capta.org\/toolkit\/formularios\/PresupuestoDeLaPTA.pdf\" target=\"_blank\" rel=\"noopener noreferrer\">Muestra del presupuesto<\/a>).<\/p>\n","protected":false},"excerpt":{"rendered":"<p>De las cuotas de afiliaci\u00f3n, las porciones del consejo, del distrito, de la PTA estatal y de la PTA nacional y la donaci\u00f3n voluntaria del D\u00eda de los Fundadores, no forman parte de los fondos de la unidad que se usan para gastos. No deben incluirse en el presupuesto anual como ingresos para prop\u00f3sitos de [&hellip;]<\/p>\n","protected":false},"author":8,"featured_media":0,"parent":3439,"menu_order":0,"comment_status":"closed","ping_status":"closed","template":"","meta":{"footnotes":""},"class_list":["post-3451","page","type-page","status-publish","hentry","entry"],"_links":{"self":[{"href":"https:\/\/toolkit.capta.org\/es\/wp-json\/wp\/v2\/pages\/3451","targetHints":{"allow":["GET"]}}],"collection":[{"href":"https:\/\/toolkit.capta.org\/es\/wp-json\/wp\/v2\/pages"}],"about":[{"href":"https:\/\/toolkit.capta.org\/es\/wp-json\/wp\/v2\/types\/page"}],"author":[{"embeddable":true,"href":"https:\/\/toolkit.capta.org\/es\/wp-json\/wp\/v2\/users\/8"}],"replies":[{"embeddable":true,"href":"https:\/\/toolkit.capta.org\/es\/wp-json\/wp\/v2\/comments?post=3451"}],"version-history":[{"count":1,"href":"https:\/\/toolkit.capta.org\/es\/wp-json\/wp\/v2\/pages\/3451\/revisions"}],"predecessor-version":[{"id":10340,"href":"https:\/\/toolkit.capta.org\/es\/wp-json\/wp\/v2\/pages\/3451\/revisions\/10340"}],"up":[{"embeddable":true,"href":"https:\/\/toolkit.capta.org\/es\/wp-json\/wp\/v2\/pages\/3439"}],"wp:attachment":[{"href":"https:\/\/toolkit.capta.org\/es\/wp-json\/wp\/v2\/media?parent=3451"}],"curies":[{"name":"wp","href":"https:\/\/api.w.org\/{rel}","templated":true}]}}