{"id":3455,"date":"2013-11-12T15:58:50","date_gmt":"2013-11-12T23:58:50","guid":{"rendered":"http:\/\/toolkit.capta.org\/finance\/budgeting\/approving-the-budget\/"},"modified":"2013-12-06T17:00:06","modified_gmt":"2013-12-07T01:00:06","slug":"approving-the-budget","status":"publish","type":"page","link":"https:\/\/toolkit.capta.org\/es\/finance\/budgeting\/approving-the-budget\/","title":{"rendered":"Aprobaci\u00f3n del presupuesto"},"content":{"rendered":"<p>En la primavera, la junta ejecutiva electa desarrolla el presupuesto y presenta el proyecto de presupuesto para su aprobaci\u00f3n a la actual junta ejecutiva y a los afiliados en la \u00faltima reuni\u00f3n de PTA del a\u00f1o. La asociaci\u00f3n aprueba la liberaci\u00f3n de los fondos necesarios antes de la pr\u00f3xima reuni\u00f3n de la asociaci\u00f3n en el oto\u00f1o. Esto permite a la junta ejecutiva electa cubrir gastos de rutina de verano como se indica en los estatutos.<\/p>\n<p>Durante su per\u00edodo en el cargo, la PTA no debe asumir ninguna obligaci\u00f3n financiera que vaya a ser traspasada al per\u00edodo siguiente. El presupuesto propuesto debe presentarse y votarse por la junta ejecutiva para su aprobaci\u00f3n en la primera reuni\u00f3n anual de la asociaci\u00f3n cada a\u00f1o. Despu\u00e9s de que el presupuesto sea adoptado por la asociaci\u00f3n, debe ser cumplido cuidadosamente en todas las transacciones financieras. La aprobaci\u00f3n del presupuesto no autoriza el gasto de los fondos).<\/p>\n","protected":false},"excerpt":{"rendered":"<p>En la primavera, la junta ejecutiva electa desarrolla el presupuesto y presenta el proyecto de presupuesto para su aprobaci\u00f3n a la actual junta ejecutiva y a los afiliados en la \u00faltima reuni\u00f3n de PTA del a\u00f1o. La asociaci\u00f3n aprueba la liberaci\u00f3n de los fondos necesarios antes de la pr\u00f3xima reuni\u00f3n de la asociaci\u00f3n en el [&hellip;]<\/p>\n","protected":false},"author":8,"featured_media":0,"parent":3439,"menu_order":0,"comment_status":"closed","ping_status":"closed","template":"","meta":{"footnotes":""},"class_list":["post-3455","page","type-page","status-publish","hentry","entry"],"_links":{"self":[{"href":"https:\/\/toolkit.capta.org\/es\/wp-json\/wp\/v2\/pages\/3455","targetHints":{"allow":["GET"]}}],"collection":[{"href":"https:\/\/toolkit.capta.org\/es\/wp-json\/wp\/v2\/pages"}],"about":[{"href":"https:\/\/toolkit.capta.org\/es\/wp-json\/wp\/v2\/types\/page"}],"author":[{"embeddable":true,"href":"https:\/\/toolkit.capta.org\/es\/wp-json\/wp\/v2\/users\/8"}],"replies":[{"embeddable":true,"href":"https:\/\/toolkit.capta.org\/es\/wp-json\/wp\/v2\/comments?post=3455"}],"version-history":[{"count":0,"href":"https:\/\/toolkit.capta.org\/es\/wp-json\/wp\/v2\/pages\/3455\/revisions"}],"up":[{"embeddable":true,"href":"https:\/\/toolkit.capta.org\/es\/wp-json\/wp\/v2\/pages\/3439"}],"wp:attachment":[{"href":"https:\/\/toolkit.capta.org\/es\/wp-json\/wp\/v2\/media?parent=3455"}],"curies":[{"name":"wp","href":"https:\/\/api.w.org\/{rel}","templated":true}]}}