{"id":3462,"date":"2013-11-12T16:00:28","date_gmt":"2013-11-13T00:00:28","guid":{"rendered":"http:\/\/toolkit.capta.org\/finance\/budgeting\/protecting-pta-tax-exemption\/"},"modified":"2017-10-30T12:31:54","modified_gmt":"2017-10-30T19:31:54","slug":"protecting-pta-tax-exemption","status":"publish","type":"page","link":"https:\/\/toolkit.capta.org\/es\/finance\/budgeting\/protecting-pta-tax-exemption\/","title":{"rendered":"Protecci\u00f3n de la exenci\u00f3n tributaria de la PTA"},"content":{"rendered":"<p>Las PTA est\u00e1n exoneradas de impuestos seg\u00fan la secci\u00f3n 501(c)(3) del C\u00f3digo Tributario. Para conservar la condici\u00f3n de exenci\u00f3n tributaria, las PTA deben cuidar de que la recaudaci\u00f3n de fondos no se convierta en su principal motivo de ser. Todas las PTA funcionan bajo la condici\u00f3n de exenci\u00f3n de la PTA de California y la PTA Nacional. Una unidad individual puede tener un efecto para toda la asociaci\u00f3n. La consecuencia de hacer caso omiso a la prohibici\u00f3n de actividades comerciales cuantiosas puede ser tener que pagar el impuesto o sufrir una sanci\u00f3n tributaria y\/o la p\u00e9rdida de la condici\u00f3n de exenci\u00f3n del IRS.<\/p>\n<p>La mayor\u00eda de las actividades de recaudaci\u00f3n de fondos de la PTA est\u00e1n exoneradas del impuesto federal sobre el ingreso, ya que la mayor parte del trabajo que se realiza en el nivel de la unidad es desempe\u00f1ado por voluntarios que venden mercanc\u00edas donadas.<\/p>\n","protected":false},"excerpt":{"rendered":"<p>Las PTA est\u00e1n exoneradas de impuestos seg\u00fan la secci\u00f3n 501(c)(3) del C\u00f3digo Tributario. Para conservar la condici\u00f3n de exenci\u00f3n tributaria, las PTA deben cuidar de que la recaudaci\u00f3n de fondos no se convierta en su principal motivo de ser. Todas las PTA funcionan bajo la condici\u00f3n de exenci\u00f3n de la PTA de California y la [&hellip;]<\/p>\n","protected":false},"author":8,"featured_media":0,"parent":3439,"menu_order":0,"comment_status":"closed","ping_status":"closed","template":"","meta":{"footnotes":""},"class_list":["post-3462","page","type-page","status-publish","hentry","entry"],"_links":{"self":[{"href":"https:\/\/toolkit.capta.org\/es\/wp-json\/wp\/v2\/pages\/3462","targetHints":{"allow":["GET"]}}],"collection":[{"href":"https:\/\/toolkit.capta.org\/es\/wp-json\/wp\/v2\/pages"}],"about":[{"href":"https:\/\/toolkit.capta.org\/es\/wp-json\/wp\/v2\/types\/page"}],"author":[{"embeddable":true,"href":"https:\/\/toolkit.capta.org\/es\/wp-json\/wp\/v2\/users\/8"}],"replies":[{"embeddable":true,"href":"https:\/\/toolkit.capta.org\/es\/wp-json\/wp\/v2\/comments?post=3462"}],"version-history":[{"count":1,"href":"https:\/\/toolkit.capta.org\/es\/wp-json\/wp\/v2\/pages\/3462\/revisions"}],"predecessor-version":[{"id":8959,"href":"https:\/\/toolkit.capta.org\/es\/wp-json\/wp\/v2\/pages\/3462\/revisions\/8959"}],"up":[{"embeddable":true,"href":"https:\/\/toolkit.capta.org\/es\/wp-json\/wp\/v2\/pages\/3439"}],"wp:attachment":[{"href":"https:\/\/toolkit.capta.org\/es\/wp-json\/wp\/v2\/media?parent=3462"}],"curies":[{"name":"wp","href":"https:\/\/api.w.org\/{rel}","templated":true}]}}