{"id":3466,"date":"2013-10-28T16:16:53","date_gmt":"2013-10-28T23:16:53","guid":{"rendered":"http:\/\/toolkit.capta.org\/finance\/fundraising\/"},"modified":"2015-02-04T14:44:01","modified_gmt":"2015-02-04T22:44:01","slug":"fundraising","status":"publish","type":"page","link":"https:\/\/toolkit.capta.org\/es\/finance\/fundraising\/","title":{"rendered":"Recaudaci\u00f3n de fondos"},"content":{"rendered":"<p><a href=\"https:\/\/toolkit.capta.org\/es\/finance\/fundraising\/local-requirements-for-fundraising\/\">Requisitos locales para la recaudaci\u00f3n de fondos<\/a><br \/>\n<a href=\"https:\/\/toolkit.capta.org\/es\/finance\/fundraising\/standards-for-pta-fundraising\/\">Recaudaci\u00f3n de fondos para las PTA<\/a><br \/>\n<a href=\"https:\/\/toolkit.capta.org\/es\/finance\/fundraising\/fundraising-committee-responsibilities\/\">Responsabilidades del comit\u00e9 de recaudaci\u00f3n de fondos<\/a><br \/>\n<a href=\"https:\/\/toolkit.capta.org\/es\/finance\/fundraising\/committee-procedures\/\">Procedimientos del comit\u00e9<\/a><br \/>\n<a href=\"https:\/\/toolkit.capta.org\/es\/finance\/fundraising\/fundraising-inventory-management\/\">Manejo del inventario de recaudaci\u00f3n de fondos<\/a><br \/>\n<a href=\"https:\/\/toolkit.capta.org\/es\/finance\/fundraising\/noncommercial-policy\/\">Norma no comercial<\/a><br \/>\n<a href=\"https:\/\/toolkit.capta.org\/es\/finance\/fundraising\/sponsorship-versus-endorsement\/\">Patrocinio versus respaldo<\/a><br \/>\n<a href=\"https:\/\/toolkit.capta.org\/es\/finance\/fundraising\/selecting-appropriate-fundraising-activities\/\">Selecci\u00f3n de las actividades de recaudaci\u00f3n de fondos<\/a><br \/>\n<a href=\"https:\/\/toolkit.capta.org\/es\/finance\/fundraising\/obtaining-grants\/\">Obtenci\u00f3n de subvenciones<\/a><\/p>\n","protected":false},"excerpt":{"rendered":"<p>Requisitos locales para la recaudaci\u00f3n de fondos Recaudaci\u00f3n de fondos para las PTA Responsabilidades del comit\u00e9 de recaudaci\u00f3n de fondos Procedimientos del comit\u00e9 Manejo del inventario de recaudaci\u00f3n de fondos Norma no comercial Patrocinio versus respaldo Selecci\u00f3n de las actividades de recaudaci\u00f3n de fondos Obtenci\u00f3n de subvenciones<\/p>\n","protected":false},"author":8,"featured_media":0,"parent":3057,"menu_order":0,"comment_status":"closed","ping_status":"closed","template":"","meta":{"footnotes":""},"class_list":["post-3466","page","type-page","status-publish","hentry","entry"],"_links":{"self":[{"href":"https:\/\/toolkit.capta.org\/es\/wp-json\/wp\/v2\/pages\/3466","targetHints":{"allow":["GET"]}}],"collection":[{"href":"https:\/\/toolkit.capta.org\/es\/wp-json\/wp\/v2\/pages"}],"about":[{"href":"https:\/\/toolkit.capta.org\/es\/wp-json\/wp\/v2\/types\/page"}],"author":[{"embeddable":true,"href":"https:\/\/toolkit.capta.org\/es\/wp-json\/wp\/v2\/users\/8"}],"replies":[{"embeddable":true,"href":"https:\/\/toolkit.capta.org\/es\/wp-json\/wp\/v2\/comments?post=3466"}],"version-history":[{"count":0,"href":"https:\/\/toolkit.capta.org\/es\/wp-json\/wp\/v2\/pages\/3466\/revisions"}],"up":[{"embeddable":true,"href":"https:\/\/toolkit.capta.org\/es\/wp-json\/wp\/v2\/pages\/3057"}],"wp:attachment":[{"href":"https:\/\/toolkit.capta.org\/es\/wp-json\/wp\/v2\/media?parent=3466"}],"curies":[{"name":"wp","href":"https:\/\/api.w.org\/{rel}","templated":true}]}}