{"id":3470,"date":"2013-11-12T16:20:59","date_gmt":"2013-11-13T00:20:59","guid":{"rendered":"http:\/\/toolkit.capta.org\/finance\/fundraising\/local-requirements-for-fundraising\/"},"modified":"2013-12-06T14:47:15","modified_gmt":"2013-12-06T22:47:15","slug":"local-requirements-for-fundraising","status":"publish","type":"page","link":"https:\/\/toolkit.capta.org\/es\/finance\/fundraising\/local-requirements-for-fundraising\/","title":{"rendered":"Requisitos locales para la recaudaci\u00f3n de fondos"},"content":{"rendered":"<p>Debe familiarizarse con los requisitos locales y estatales para la recaudaci\u00f3n de fondos. Entre estos se incluyen las normas del distrito escolar sobre el uso de los terrenos de la escuela, el equipo, los servicios de alimentaci\u00f3n, los permisos locales para hacer solicitudes de fondos y las regulaciones municipales para reuniones p\u00fablicas (fuego, toque de queda, tr\u00e1fico, venta de alimentos, salud y seguridad, as\u00ed como las regulaciones que rigen los requisitos de declaraci\u00f3n de impuestos).<b><\/b><\/p>\n","protected":false},"excerpt":{"rendered":"<p>Debe familiarizarse con los requisitos locales y estatales para la recaudaci\u00f3n de fondos. Entre estos se incluyen las normas del distrito escolar sobre el uso de los terrenos de la escuela, el equipo, los servicios de alimentaci\u00f3n, los permisos locales para hacer solicitudes de fondos y las regulaciones municipales para reuniones p\u00fablicas (fuego, toque de [&hellip;]<\/p>\n","protected":false},"author":8,"featured_media":0,"parent":3466,"menu_order":0,"comment_status":"closed","ping_status":"closed","template":"","meta":{"footnotes":""},"class_list":["post-3470","page","type-page","status-publish","hentry","entry"],"_links":{"self":[{"href":"https:\/\/toolkit.capta.org\/es\/wp-json\/wp\/v2\/pages\/3470","targetHints":{"allow":["GET"]}}],"collection":[{"href":"https:\/\/toolkit.capta.org\/es\/wp-json\/wp\/v2\/pages"}],"about":[{"href":"https:\/\/toolkit.capta.org\/es\/wp-json\/wp\/v2\/types\/page"}],"author":[{"embeddable":true,"href":"https:\/\/toolkit.capta.org\/es\/wp-json\/wp\/v2\/users\/8"}],"replies":[{"embeddable":true,"href":"https:\/\/toolkit.capta.org\/es\/wp-json\/wp\/v2\/comments?post=3470"}],"version-history":[{"count":0,"href":"https:\/\/toolkit.capta.org\/es\/wp-json\/wp\/v2\/pages\/3470\/revisions"}],"up":[{"embeddable":true,"href":"https:\/\/toolkit.capta.org\/es\/wp-json\/wp\/v2\/pages\/3466"}],"wp:attachment":[{"href":"https:\/\/toolkit.capta.org\/es\/wp-json\/wp\/v2\/media?parent=3470"}],"curies":[{"name":"wp","href":"https:\/\/api.w.org\/{rel}","templated":true}]}}