{"id":3474,"date":"2013-11-12T16:22:18","date_gmt":"2013-11-13T00:22:18","guid":{"rendered":"http:\/\/toolkit.capta.org\/finance\/fundraising\/standards-for-pta-fundraising\/"},"modified":"2020-08-14T12:52:47","modified_gmt":"2020-08-14T19:52:47","slug":"standards-for-pta-fundraising","status":"publish","type":"page","link":"https:\/\/toolkit.capta.org\/es\/finance\/fundraising\/standards-for-pta-fundraising\/","title":{"rendered":"Normas para la recaudaci\u00f3n de fondos para las PTA"},"content":{"rendered":"<p>La recaudaci\u00f3n de fondos es el m\u00e9todo de obtener dinero para financiar los proyectos y los programas de la PTA. El proyecto de recaudaci\u00f3n de fondos debe apoyar las metas de la PTA y debe tener relaci\u00f3n con los prop\u00f3sitos educativos, de beneficencia y filantr\u00f3picos como organizaci\u00f3n exonerada de impuestos. Al planificar las actividades del a\u00f1o, las PTA deben usar la <strong>regla 3 por 1:<\/strong> debe haber al menos tres programas que no sean de recaudaci\u00f3n de fondos y que beneficien a los padres o a los ni\u00f1os o que aboguen por la mejora de la escuela por cada actividad de recaudaci\u00f3n de fondos.<\/p>\n<p>La recaudaci\u00f3n de fondos debe involucrar a todos los miembros posible y ser algo divertido. No debe ser un peso para el personal de la escuela o para los padres voluntarios. Tampoco debe competir ni quitar recursos a los programas de nutrici\u00f3n y de almuerzo escolar, ni estar en conflicto con otros eventos de la PTA, la escuela o la comunidad. Nunca se deben usar ni\u00f1os para vender puerta a puerta ni explotarlos para recaudar fondos. No puede incluir obligaciones comerciales o publicitarias.<\/p>\n<p>El proyecto de recaudaci\u00f3n de fondos debe tener la aprobaci\u00f3n de los miembros con antelaci\u00f3n al evento, y la votaci\u00f3n debe ser registrada en las actas. Los proyectos deben tener un prop\u00f3sito espec\u00edfico. Si el proyecto de recaudaci\u00f3n de fondos es continuo (por ejemplo, AmazonSmile), debe ser aprobado cada a\u00f1o por los afiliados de la asociaci\u00f3n.<\/p>\n<div class=\"spotlightbox\">\n<p><strong>regla del 3 por 1:<\/strong> debe haber al menos tres programas que no sean de recaudaci\u00f3n de fondos y que beneficien a los padres o a los ni\u00f1os o que aboguen por la mejora de la escuela por cada actividad de recaudaci\u00f3n de fondos.<\/p>\n<\/div>\n","protected":false},"excerpt":{"rendered":"<p>La recaudaci\u00f3n de fondos es el m\u00e9todo de obtener dinero para financiar los proyectos y los programas de la PTA. El proyecto de recaudaci\u00f3n de fondos debe apoyar las metas de la PTA y debe tener relaci\u00f3n con los prop\u00f3sitos educativos, de beneficencia y filantr\u00f3picos como organizaci\u00f3n exonerada de impuestos. Al planificar las actividades del [&hellip;]<\/p>\n","protected":false},"author":8,"featured_media":0,"parent":3466,"menu_order":0,"comment_status":"closed","ping_status":"closed","template":"","meta":{"footnotes":""},"class_list":["post-3474","page","type-page","status-publish","hentry","entry"],"_links":{"self":[{"href":"https:\/\/toolkit.capta.org\/es\/wp-json\/wp\/v2\/pages\/3474","targetHints":{"allow":["GET"]}}],"collection":[{"href":"https:\/\/toolkit.capta.org\/es\/wp-json\/wp\/v2\/pages"}],"about":[{"href":"https:\/\/toolkit.capta.org\/es\/wp-json\/wp\/v2\/types\/page"}],"author":[{"embeddable":true,"href":"https:\/\/toolkit.capta.org\/es\/wp-json\/wp\/v2\/users\/8"}],"replies":[{"embeddable":true,"href":"https:\/\/toolkit.capta.org\/es\/wp-json\/wp\/v2\/comments?post=3474"}],"version-history":[{"count":3,"href":"https:\/\/toolkit.capta.org\/es\/wp-json\/wp\/v2\/pages\/3474\/revisions"}],"predecessor-version":[{"id":10358,"href":"https:\/\/toolkit.capta.org\/es\/wp-json\/wp\/v2\/pages\/3474\/revisions\/10358"}],"up":[{"embeddable":true,"href":"https:\/\/toolkit.capta.org\/es\/wp-json\/wp\/v2\/pages\/3466"}],"wp:attachment":[{"href":"https:\/\/toolkit.capta.org\/es\/wp-json\/wp\/v2\/media?parent=3474"}],"curies":[{"name":"wp","href":"https:\/\/api.w.org\/{rel}","templated":true}]}}