{"id":3483,"date":"2013-11-12T17:12:58","date_gmt":"2013-11-13T01:12:58","guid":{"rendered":"http:\/\/toolkit.capta.org\/finance\/fundraising\/fundraising-committee-responsibilities\/"},"modified":"2020-08-03T12:35:03","modified_gmt":"2020-08-03T19:35:03","slug":"fundraising-committee-responsibilities","status":"publish","type":"page","link":"https:\/\/toolkit.capta.org\/es\/finance\/fundraising\/fundraising-committee-responsibilities\/","title":{"rendered":"Responsabilidades del comit\u00e9 de recaudaci\u00f3n de fondos"},"content":{"rendered":"<p>Las actividades de recaudaci\u00f3n de fondos de la PTA son organizadas por un comit\u00e9 cuyo presidente es un miembro designado o electo de la junta ejecutiva. El presidente no debe ser jefe. Todos los planes deben ser aprobados por adelantado por la junta ejecutiva.<\/p>\n<p>La mayor responsabilidad del comit\u00e9 de recaudaci\u00f3n de fondos es reunir el monto necesario, seg\u00fan la propuesta de presupuesto de la unidad y trabajar en cooperaci\u00f3n con el presidente y el tesorero de la PTA para contabilizar los ingresos y los pagos de la actividad. La comisi\u00f3n tambi\u00e9n puede planificar actividades de recaudaci\u00f3n de fondos y eventos espec\u00edficos. Consulte la <i>Gu\u00eda de seguros <\/i>para asegurarse de que la actividad est\u00e1 permitida.<\/p>\n","protected":false},"excerpt":{"rendered":"<p>Las actividades de recaudaci\u00f3n de fondos de la PTA son organizadas por un comit\u00e9 cuyo presidente es un miembro designado o electo de la junta ejecutiva. El presidente no debe ser jefe. Todos los planes deben ser aprobados por adelantado por la junta ejecutiva. La mayor responsabilidad del comit\u00e9 de recaudaci\u00f3n de fondos es reunir [&hellip;]<\/p>\n","protected":false},"author":8,"featured_media":0,"parent":3466,"menu_order":0,"comment_status":"closed","ping_status":"closed","template":"","meta":{"footnotes":""},"class_list":["post-3483","page","type-page","status-publish","hentry","entry"],"_links":{"self":[{"href":"https:\/\/toolkit.capta.org\/es\/wp-json\/wp\/v2\/pages\/3483","targetHints":{"allow":["GET"]}}],"collection":[{"href":"https:\/\/toolkit.capta.org\/es\/wp-json\/wp\/v2\/pages"}],"about":[{"href":"https:\/\/toolkit.capta.org\/es\/wp-json\/wp\/v2\/types\/page"}],"author":[{"embeddable":true,"href":"https:\/\/toolkit.capta.org\/es\/wp-json\/wp\/v2\/users\/8"}],"replies":[{"embeddable":true,"href":"https:\/\/toolkit.capta.org\/es\/wp-json\/wp\/v2\/comments?post=3483"}],"version-history":[{"count":2,"href":"https:\/\/toolkit.capta.org\/es\/wp-json\/wp\/v2\/pages\/3483\/revisions"}],"predecessor-version":[{"id":10343,"href":"https:\/\/toolkit.capta.org\/es\/wp-json\/wp\/v2\/pages\/3483\/revisions\/10343"}],"up":[{"embeddable":true,"href":"https:\/\/toolkit.capta.org\/es\/wp-json\/wp\/v2\/pages\/3466"}],"wp:attachment":[{"href":"https:\/\/toolkit.capta.org\/es\/wp-json\/wp\/v2\/media?parent=3483"}],"curies":[{"name":"wp","href":"https:\/\/api.w.org\/{rel}","templated":true}]}}