{"id":3487,"date":"2013-11-12T16:35:35","date_gmt":"2013-11-13T00:35:35","guid":{"rendered":"http:\/\/toolkit.capta.org\/finance\/fundraising\/committee-procedures\/"},"modified":"2018-12-13T09:37:32","modified_gmt":"2018-12-13T17:37:32","slug":"committee-procedures","status":"publish","type":"page","link":"https:\/\/toolkit.capta.org\/es\/finance\/fundraising\/committee-procedures\/","title":{"rendered":"Procedimientos del comit\u00e9"},"content":{"rendered":"<p>Los eventos de recaudaci\u00f3n de fondos deben ser aprobados con antelaci\u00f3n por la junta ejecutiva y la asociaci\u00f3n. La aprobaci\u00f3n debe ser registrada en las actas. Reclutar suficientes voluntarios para llevar a cabo el proyecto. Asignar tareas espec\u00edficas a cada voluntario y desarrollar un cronograma de trabajo. Solicitar la donaci\u00f3n de bienes y servicios. Reservar las fechas en la escuela y reservar las instalaciones y el equipo necesarios. (Ver la <a href=\"http:\/\/downloads.capta.org\/toolkit\/formularios\/HojaDeTrabajoParaPlanificaci%C3%B3nDeEventos.pdf\" target=\"_blank\" rel=\"noopener\">Hoja de trabajo para la planificaci\u00f3n de eventos<\/a>; <a href=\"https:\/\/toolkit.capta.org\/es\/programs\/creacion-de-un-evento\/\" target=\"_blank\" rel=\"noopener\">Planeamiento preliminar<\/a>)<\/p>\n<p>Llegar a acuerdos firmes con los vendedores. Obtener todos los permisos necesarios. Aseg\u00farese de que cada vendedor est\u00e9 completamente cubierto por su propio Seguro de Responsabilidad y del Compensaci\u00f3n al Trabajador. Hacer que el vendedor firme la <a href=\"http:\/\/downloads.capta.org\/toolkit\/formularios\/Cl%C3%A1usulaDeExenci%C3%B3nDeResponsabilidad.pdf\" target=\"_blank\" rel=\"noopener\">Cl\u00e1usula de exenci\u00f3n de la responsabilidad<\/a> y obtener una copia del certificado de seguro del vendedor.<\/p>\n","protected":false},"excerpt":{"rendered":"<p>Los eventos de recaudaci\u00f3n de fondos deben ser aprobados con antelaci\u00f3n por la junta ejecutiva y la asociaci\u00f3n. La aprobaci\u00f3n debe ser registrada en las actas. Reclutar suficientes voluntarios para llevar a cabo el proyecto. Asignar tareas espec\u00edficas a cada voluntario y desarrollar un cronograma de trabajo. Solicitar la donaci\u00f3n de bienes y servicios. Reservar [&hellip;]<\/p>\n","protected":false},"author":8,"featured_media":0,"parent":3466,"menu_order":0,"comment_status":"closed","ping_status":"closed","template":"","meta":{"footnotes":""},"class_list":["post-3487","page","type-page","status-publish","hentry","entry"],"_links":{"self":[{"href":"https:\/\/toolkit.capta.org\/es\/wp-json\/wp\/v2\/pages\/3487","targetHints":{"allow":["GET"]}}],"collection":[{"href":"https:\/\/toolkit.capta.org\/es\/wp-json\/wp\/v2\/pages"}],"about":[{"href":"https:\/\/toolkit.capta.org\/es\/wp-json\/wp\/v2\/types\/page"}],"author":[{"embeddable":true,"href":"https:\/\/toolkit.capta.org\/es\/wp-json\/wp\/v2\/users\/8"}],"replies":[{"embeddable":true,"href":"https:\/\/toolkit.capta.org\/es\/wp-json\/wp\/v2\/comments?post=3487"}],"version-history":[{"count":1,"href":"https:\/\/toolkit.capta.org\/es\/wp-json\/wp\/v2\/pages\/3487\/revisions"}],"predecessor-version":[{"id":9687,"href":"https:\/\/toolkit.capta.org\/es\/wp-json\/wp\/v2\/pages\/3487\/revisions\/9687"}],"up":[{"embeddable":true,"href":"https:\/\/toolkit.capta.org\/es\/wp-json\/wp\/v2\/pages\/3466"}],"wp:attachment":[{"href":"https:\/\/toolkit.capta.org\/es\/wp-json\/wp\/v2\/media?parent=3487"}],"curies":[{"name":"wp","href":"https:\/\/api.w.org\/{rel}","templated":true}]}}