{"id":3491,"date":"2013-11-12T16:36:31","date_gmt":"2013-11-13T00:36:31","guid":{"rendered":"http:\/\/toolkit.capta.org\/finance\/fundraising\/fundraising-inventory-management\/"},"modified":"2024-04-08T12:02:01","modified_gmt":"2024-04-08T19:02:01","slug":"fundraising-inventory-management","status":"publish","type":"page","link":"https:\/\/toolkit.capta.org\/es\/finance\/fundraising\/fundraising-inventory-management\/","title":{"rendered":"Manejo del inventario de recaudaci\u00f3n de fondos"},"content":{"rendered":"<p>Muchas PTA recaudan fondos ordenando un producto a un proveedor espec\u00edfico. Cuando el producto llega a las instalaciones de una escuela, la PTA debe mantener el inventario del producto. La junta ejecutiva de la PTA debe asegurarse de que se mantengan y llenen los registros de inventario de acuerdo a todos los procedimientos financieros de la PTA. Es necesaria la aprobaci\u00f3n de los miembros de la PTA antes de ordenar productos para cada actividad de recaudaci\u00f3n de fondos. Cualquier acuerdo entre la PTA y el proveedor es un contrato que debe cumplirse. Documente cuidadosamente los art\u00edculos ordenados. Trate el inventario como si fuese dinero en efectivo. Al igual que con el formulario de verificaci\u00f3n de efectivo, dos personas deber\u00e1n contar la cantidad de productos al recibirlos; conciliar la cantidad con el formulario de orden, el boleto de empaque y la factura; luego deben firmar la hoja de resumen de inventario. Si hay alguna discrepancia, deber\u00e1 ponerse en contacto con el proveedor inmediatamente. Se deben pagar todas las facturas prontamente. Las existencias deben guardarse en un sitio seguro y con llave. Debe llevarse el control detallado de todas las ventas. Debe documentarse cuando se vende un art\u00edculo y el cliente lo recoge o se le entrega a domicilio. Si alg\u00fan cliente se queja, debe manejarse prontamente y rembolsar el dinero si es necesario. Los registros deben guardarse para el auditor. Al final de la actividad de recaudaci\u00f3n se debe llenar un reporte de comit\u00e9 para detallar los detalles de la recaudaci\u00f3n. Si hay alg\u00fan problema, se debe entrar en contacto inmediato con la PTA de distrito.<\/p>\n<p>El seguro est\u00e1ndar de la PTA generalmente no cubre p\u00e9rdidas del inventario almacenado en caso de da\u00f1os. Debe consultar a AIM, el corredor de seguros del Estado de California, si cree que necesitar\u00e1 cobertura adicional para el almacenamiento de propiedad.<\/p>\n","protected":false},"excerpt":{"rendered":"<p>Muchas PTA recaudan fondos ordenando un producto a un proveedor espec\u00edfico. Cuando el producto llega a las instalaciones de una escuela, la PTA debe mantener el inventario del producto. La junta ejecutiva de la PTA debe asegurarse de que se mantengan y llenen los registros de inventario de acuerdo a todos los procedimientos financieros de [&hellip;]<\/p>\n","protected":false},"author":8,"featured_media":0,"parent":3466,"menu_order":0,"comment_status":"closed","ping_status":"closed","template":"","meta":{"footnotes":""},"class_list":["post-3491","page","type-page","status-publish","hentry","entry"],"_links":{"self":[{"href":"https:\/\/toolkit.capta.org\/es\/wp-json\/wp\/v2\/pages\/3491","targetHints":{"allow":["GET"]}}],"collection":[{"href":"https:\/\/toolkit.capta.org\/es\/wp-json\/wp\/v2\/pages"}],"about":[{"href":"https:\/\/toolkit.capta.org\/es\/wp-json\/wp\/v2\/types\/page"}],"author":[{"embeddable":true,"href":"https:\/\/toolkit.capta.org\/es\/wp-json\/wp\/v2\/users\/8"}],"replies":[{"embeddable":true,"href":"https:\/\/toolkit.capta.org\/es\/wp-json\/wp\/v2\/comments?post=3491"}],"version-history":[{"count":1,"href":"https:\/\/toolkit.capta.org\/es\/wp-json\/wp\/v2\/pages\/3491\/revisions"}],"predecessor-version":[{"id":11211,"href":"https:\/\/toolkit.capta.org\/es\/wp-json\/wp\/v2\/pages\/3491\/revisions\/11211"}],"up":[{"embeddable":true,"href":"https:\/\/toolkit.capta.org\/es\/wp-json\/wp\/v2\/pages\/3466"}],"wp:attachment":[{"href":"https:\/\/toolkit.capta.org\/es\/wp-json\/wp\/v2\/media?parent=3491"}],"curies":[{"name":"wp","href":"https:\/\/api.w.org\/{rel}","templated":true}]}}